{"id":1004,"date":"2025-04-15T07:19:37","date_gmt":"2025-04-15T04:19:37","guid":{"rendered":"https:\/\/test1.tumkad.org.tr\/?page_id=1004"},"modified":"2025-07-01T17:00:54","modified_gmt":"2025-07-01T14:00:54","slug":"baskanimizdan-mesaj","status":"publish","type":"page","link":"https:\/\/tumkad.org.tr\/en\/hakkimizda\/baskanimizdan-mesaj\/","title":{"rendered":"Ba\u015fkan\u0131m\u0131z&#8217;dan mesaj"},"content":{"rendered":"<div data-elementor-type=\"wp-page\" data-elementor-id=\"1004\" class=\"elementor elementor-1004\" data-elementor-post-type=\"page\">\n\t\t\t\t\t\t<section class=\"elementor-section elementor-top-section elementor-element elementor-element-4487ac0f elementor-section-height-min-height elementor-section-boxed elementor-section-height-default elementor-section-items-middle\" data-id=\"4487ac0f\" data-element_type=\"section\" data-settings=\"{&quot;background_background&quot;:&quot;classic&quot;}\">\n\t\t\t\t\t\t\t<div class=\"elementor-background-overlay\"><\/div>\n\t\t\t\t\t\t\t<div class=\"elementor-container elementor-column-gap-default\">\n\t\t\t\t\t<div class=\"elementor-column elementor-col-100 elementor-top-column elementor-element elementor-element-77f22e9a\" data-id=\"77f22e9a\" data-element_type=\"column\">\n\t\t\t<div class=\"elementor-widget-wrap elementor-element-populated\">\n\t\t\t\t\t\t<div class=\"elementor-element elementor-element-31f5c14d elementor-widget elementor-widget-heading\" data-id=\"31f5c14d\" data-element_type=\"widget\" data-widget_type=\"heading.default\">\n\t\t\t\t<div class=\"elementor-widget-container\">\n\t\t\t\t\t<h3 class=\"elementor-heading-title elementor-size-default\">Ba\u015fkan\u0131m\u0131z'dan Mesaj\n<\/h3>\t\t\t\t<\/div>\n\t\t\t\t<\/div>\n\t\t\t\t\t<\/div>\n\t\t<\/div>\n\t\t\t\t\t<\/div>\n\t\t<\/section>\n\t\t\t\t<section class=\"elementor-section elementor-top-section elementor-element elementor-element-1c9c00b9 elementor-section-boxed elementor-section-height-default elementor-section-height-default\" data-id=\"1c9c00b9\" data-element_type=\"section\" data-settings=\"{&quot;background_background&quot;:&quot;classic&quot;}\">\n\t\t\t\t\t\t\t<div class=\"elementor-background-overlay\"><\/div>\n\t\t\t\t\t\t\t<div class=\"elementor-container elementor-column-gap-no\">\n\t\t\t\t\t<div class=\"elementor-column elementor-col-50 elementor-top-column elementor-element elementor-element-1e271912\" data-id=\"1e271912\" data-element_type=\"column\">\n\t\t\t<div class=\"elementor-widget-wrap elementor-element-populated\">\n\t\t\t\t\t\t<div class=\"elementor-element elementor-element-b579543 elementor-widget elementor-widget-image\" data-id=\"b579543\" data-element_type=\"widget\" data-widget_type=\"image.default\">\n\t\t\t\t<div class=\"elementor-widget-container\">\n\t\t\t\t\t\t\t\t\t\t\t\t\t\t\t<img fetchpriority=\"high\" decoding=\"async\" width=\"400\" height=\"400\" src=\"https:\/\/tumkad.org.tr\/wp-content\/uploads\/2024\/11\/ulfet-ozturk.jpg\" class=\"attachment-full size-full wp-image-168\" alt=\"ulfet-ozturk\" srcset=\"https:\/\/tumkad.org.tr\/wp-content\/uploads\/2024\/11\/ulfet-ozturk.jpg 400w, https:\/\/tumkad.org.tr\/wp-content\/uploads\/2024\/11\/elementor\/thumbs\/ulfet-ozturk-qwj6z6lmlvtzijggxfferpxllzxc1cx0z9qj2ylj94.jpg 300w, https:\/\/tumkad.org.tr\/wp-content\/uploads\/2024\/11\/ulfet-ozturk-150x150.jpg 150w\" sizes=\"(max-width: 400px) 100vw, 400px\" \/>\t\t\t\t\t\t\t\t\t\t\t\t\t\t\t<\/div>\n\t\t\t\t<\/div>\n\t\t\t\t\t<\/div>\n\t\t<\/div>\n\t\t\t\t<div class=\"elementor-column elementor-col-50 elementor-top-column elementor-element elementor-element-19a2c29\" data-id=\"19a2c29\" data-element_type=\"column\">\n\t\t\t<div class=\"elementor-widget-wrap elementor-element-populated\">\n\t\t\t\t\t\t<div class=\"elementor-element elementor-element-701b68e elementor-widget elementor-widget-heading\" data-id=\"701b68e\" data-element_type=\"widget\" data-widget_type=\"heading.default\">\n\t\t\t\t<div class=\"elementor-widget-container\">\n\t\t\t\t\t<h3 class=\"elementor-heading-title elementor-size-default\">T\u00fcrkiye\u2019nin Kad\u0131n M\u00fchendis G\u00fcc\u00fcn\u00fc Birle\u015ftiriyoruz<\/h3>\t\t\t\t<\/div>\n\t\t\t\t<\/div>\n\t\t\t\t<div class=\"elementor-element elementor-element-49a4ea45 elementor-widget elementor-widget-text-editor\" data-id=\"49a4ea45\" data-element_type=\"widget\" data-widget_type=\"text-editor.default\">\n\t\t\t\t<div class=\"elementor-widget-container\">\n\t\t\t\t\t\t\t\t\t<p>T\u00fcrkiye\u2019nin ekonomik, sosyal ve teknolojik d\u00f6n\u00fc\u015f\u00fcm\u00fcnde kad\u0131nlar\u0131n sesi daha g\u00fcr \u00e7\u0131kmal\u0131yd\u0131. Ve art\u0131k \u00e7\u0131k\u0131yor. \u00c7\u00fcnk\u00fc T\u00dcMKAD var. T\u00dcMKAD \u2013 T\u00fcm M\u00fchendis Kad\u0131nlar Derne\u011fi olarak biz, T\u00fcrkiye\u2019nin d\u00f6rt bir yan\u0131ndaki m\u00fchendis kad\u0131nlar\u0131 ayn\u0131 \u00e7at\u0131 alt\u0131nda bulu\u015fturuyor, g\u00fcc\u00fcm\u00fcz\u00fc birle\u015ftirerek yar\u0131na y\u00f6n veriyoruz.<\/p><p>Cumhuriyetimizin kurucusu Gazi Mustafa Kemal Atat\u00fcrk\u2019\u00fcn, \u201cD\u00fcnyada her \u015fey kad\u0131n\u0131n eseridir\u201d diyerek i\u015faret etti\u011fi vizyonun izinden gidiyoruz. Kad\u0131n\u0131n akl\u0131na, ahlak\u0131na ve \u00fcretkenli\u011fine inanc\u0131m\u0131z tam. Bu inan\u00e7la, bilim ve m\u00fchendislikte kad\u0131n zek\u00e2s\u0131n\u0131 T\u00fcrkiye\u2019den d\u00fcnyaya duyurmak i\u00e7in \u00e7al\u0131\u015f\u0131yor; projelerimizle, etkinliklerimizle, dayan\u0131\u015fmam\u0131zla \u00f6rnek oluyoruz.<\/p><p>K\u0131sa s\u00fcrede Bursal\u0131 m\u00fchendis kad\u0131nlar\u0131n sesi, t\u00fcm T\u00fcrkiye\u2019ye yay\u0131ld\u0131. \u015eimdi T\u00dcMKAD \u00e7at\u0131s\u0131 alt\u0131nda daha g\u00fc\u00e7l\u00fc, daha kapsay\u0131c\u0131 ve daha kararl\u0131 ad\u0131mlar at\u0131yoruz. Kad\u0131n m\u00fchendislere yaln\u0131z olmad\u0131klar\u0131n\u0131 hat\u0131rlat\u0131yor, birbirimizin g\u00fcc\u00fcyle b\u00fcy\u00fcyoruz. \u00c7\u00fcnk\u00fc biliyoruz: Kad\u0131n varsa, \u00fcretim var. Kad\u0131n varsa, geli\u015fim var. Kad\u0131n varsa, gelecek var.<\/p><p>T\u00dcMKAD olarak \u00e7al\u0131\u015fan ya da hen\u00fcz aktif i\u015f g\u00fcc\u00fcnde olmayan t\u00fcm m\u00fchendis kad\u0131nlar\u0131 bir araya getiriyor; onlar\u0131 yaln\u0131zca bir toplulu\u011fun de\u011fil, bir d\u00f6n\u00fc\u015f\u00fcm hareketinin par\u00e7as\u0131 haline getiriyoruz. Zek\u00e2m\u0131zla, \u00fcretkenli\u011fimizle, \u00e7\u00f6z\u00fcm odakl\u0131 yap\u0131m\u0131zla ekonomiye ve kalk\u0131nmaya katk\u0131 sunarken; dayan\u0131\u015fmam\u0131zla, ilham\u0131m\u0131zla, birbirimize uzatt\u0131\u011f\u0131m\u0131z ellerle bu g\u00fcc\u00fc s\u00fcrd\u00fcr\u00fclebilir k\u0131l\u0131yoruz.<\/p><p><strong>Bizim Ana Hedefimiz \u00c7ok Net:<\/strong><br \/>\u2018\u2019Zek\u00e2s\u0131, ahlak\u0131 ve eme\u011fiyle topluma y\u00f6n veren T\u00fcrk M\u00fchendis Kad\u0131n\u0131 omuzlar \u00fczerinde y\u00fckseltmek ve onu hak etti\u011fi yere, en y\u00fckse\u011fe ta\u015f\u0131mak.\u2019\u2019<\/p><p>T\u00dcMKAD, yaln\u0131zca bir dernek de\u011fil; gelece\u011fi \u015fekillendiren kad\u0131n m\u00fchendislerin g\u00fc\u00e7l\u00fc bir yol arkada\u015fl\u0131\u011f\u0131d\u0131r.<br \/>Sevgi ve Dayan\u0131\u015fmayla,<\/p><p><strong>\u00dclfet \u00d6ZT\u00dcRK<\/strong><br \/><strong>Kurucu Ba\u015fkan<\/strong><br \/>T\u00fcm M\u00fchendis Kad\u0131nlar Derne\u011fi &#8211; T\u00dcMKAD<\/p>\t\t\t\t\t\t\t\t<\/div>\n\t\t\t\t<\/div>\n\t\t\t\t\t<\/div>\n\t\t<\/div>\n\t\t\t\t\t<\/div>\n\t\t<\/section>\n\t\t\t\t<\/div>","protected":false},"excerpt":{"rendered":"<p>Ba\u015fkan\u0131m\u0131z&#8217;dan Mesaj T\u00fcrkiye\u2019nin Kad\u0131n M\u00fchendis G\u00fcc\u00fcn\u00fc Birle\u015ftiriyoruz T\u00fcrkiye\u2019nin ekonomik, sosyal ve teknolojik d\u00f6n\u00fc\u015f\u00fcm\u00fcnde kad\u0131nlar\u0131n sesi daha g\u00fcr \u00e7\u0131kmal\u0131yd\u0131. Ve art\u0131k \u00e7\u0131k\u0131yor. \u00c7\u00fcnk\u00fc T\u00dcMKAD var. T\u00dcMKAD \u2013 T\u00fcm M\u00fchendis Kad\u0131nlar Derne\u011fi olarak biz, T\u00fcrkiye\u2019nin d\u00f6rt bir yan\u0131ndaki m\u00fchendis kad\u0131nlar\u0131 ayn\u0131 \u00e7at\u0131 alt\u0131nda bulu\u015fturuyor, g\u00fcc\u00fcm\u00fcz\u00fc birle\u015ftirerek yar\u0131na y\u00f6n veriyoruz. Cumhuriyetimizin kurucusu Gazi Mustafa Kemal Atat\u00fcrk\u2019\u00fcn, \u201cD\u00fcnyada her [&hellip;]<\/p>","protected":false},"author":1,"featured_media":0,"parent":73,"menu_order":0,"comment_status":"closed","ping_status":"closed","template":"elementor_header_footer","meta":{"footnotes":""},"class_list":["post-1004","page","type-page","status-publish","hentry"],"_links":{"self":[{"href":"https:\/\/tumkad.org.tr\/en\/wp-json\/wp\/v2\/pages\/1004","targetHints":{"allow":["GET"]}}],"collection":[{"href":"https:\/\/tumkad.org.tr\/en\/wp-json\/wp\/v2\/pages"}],"about":[{"href":"https:\/\/tumkad.org.tr\/en\/wp-json\/wp\/v2\/types\/page"}],"author":[{"embeddable":true,"href":"https:\/\/tumkad.org.tr\/en\/wp-json\/wp\/v2\/users\/1"}],"replies":[{"embeddable":true,"href":"https:\/\/tumkad.org.tr\/en\/wp-json\/wp\/v2\/comments?post=1004"}],"version-history":[{"count":19,"href":"https:\/\/tumkad.org.tr\/en\/wp-json\/wp\/v2\/pages\/1004\/revisions"}],"predecessor-version":[{"id":3419,"href":"https:\/\/tumkad.org.tr\/en\/wp-json\/wp\/v2\/pages\/1004\/revisions\/3419"}],"up":[{"embeddable":true,"href":"https:\/\/tumkad.org.tr\/en\/wp-json\/wp\/v2\/pages\/73"}],"wp:attachment":[{"href":"https:\/\/tumkad.org.tr\/en\/wp-json\/wp\/v2\/media?parent=1004"}],"curies":[{"name":"wp","href":"https:\/\/api.w.org\/{rel}","templated":true}]}}