{"id":1039,"date":"2025-04-15T13:25:01","date_gmt":"2025-04-15T10:25:01","guid":{"rendered":"https:\/\/test1.tumkad.org.tr\/?page_id=1039"},"modified":"2025-04-19T08:34:10","modified_gmt":"2025-04-19T05:34:10","slug":"2023-surdurulebilir-100-yil-icin-muhendislikte-kadin","status":"publish","type":"page","link":"https:\/\/tumkad.org.tr\/en\/dunya-kadin-muhendisler-gunu\/2023-surdurulebilir-100-yil-icin-muhendislikte-kadin\/","title":{"rendered":"2023 &#8211; S\u00fcrd\u00fcr\u00fclebilir 100 y\u0131l i\u00e7in M\u00fchendislikte Kad\u0131n"},"content":{"rendered":"<div data-elementor-type=\"wp-page\" data-elementor-id=\"1039\" class=\"elementor elementor-1039\" data-elementor-post-type=\"page\">\n\t\t\t\t\t\t<section class=\"elementor-section elementor-top-section elementor-element elementor-element-15d406e1 elementor-section-height-min-height elementor-section-boxed elementor-section-height-default elementor-section-items-middle\" data-id=\"15d406e1\" data-element_type=\"section\" data-settings=\"{&quot;background_background&quot;:&quot;classic&quot;}\">\n\t\t\t\t\t\t\t<div class=\"elementor-background-overlay\"><\/div>\n\t\t\t\t\t\t\t<div class=\"elementor-container elementor-column-gap-default\">\n\t\t\t\t\t<div class=\"elementor-column elementor-col-100 elementor-top-column elementor-element elementor-element-53625099\" data-id=\"53625099\" data-element_type=\"column\">\n\t\t\t<div class=\"elementor-widget-wrap elementor-element-populated\">\n\t\t\t\t\t\t\t<\/div>\n\t\t<\/div>\n\t\t\t\t\t<\/div>\n\t\t<\/section>\n\t\t\t\t<section class=\"elementor-section elementor-top-section elementor-element elementor-element-4721013b elementor-section-height-full elementor-section-items-top elementor-section-boxed elementor-section-height-default\" data-id=\"4721013b\" data-element_type=\"section\">\n\t\t\t\t\t\t<div class=\"elementor-container elementor-column-gap-default\">\n\t\t\t\t\t<div class=\"elementor-column elementor-col-100 elementor-top-column elementor-element elementor-element-17dc6bb8\" data-id=\"17dc6bb8\" data-element_type=\"column\">\n\t\t\t<div class=\"elementor-widget-wrap elementor-element-populated\">\n\t\t\t\t\t\t<section class=\"elementor-section elementor-inner-section elementor-element elementor-element-45929ad5 elementor-section-boxed elementor-section-height-default elementor-section-height-default\" data-id=\"45929ad5\" data-element_type=\"section\">\n\t\t\t\t\t\t<div class=\"elementor-container elementor-column-gap-default\">\n\t\t\t\t\t<div class=\"elementor-column elementor-col-66 elementor-inner-column elementor-element elementor-element-7d60183d\" data-id=\"7d60183d\" data-element_type=\"column\">\n\t\t\t<div class=\"elementor-widget-wrap elementor-element-populated\">\n\t\t\t\t\t\t<div class=\"elementor-element elementor-element-3601225c elementor-widget elementor-widget-heading\" data-id=\"3601225c\" data-element_type=\"widget\" data-widget_type=\"heading.default\">\n\t\t\t\t<div class=\"elementor-widget-container\">\n\t\t\t\t\t<h4 class=\"elementor-heading-title elementor-size-default\">23 Haziran D\u00fcnya Kad\u0131n M\u00fchendisler G\u00fcn\u00fc<\/h4>\t\t\t\t<\/div>\n\t\t\t\t<\/div>\n\t\t\t\t<div class=\"elementor-element elementor-element-4dbf5e6 elementor-widget elementor-widget-heading\" data-id=\"4dbf5e6\" data-element_type=\"widget\" data-widget_type=\"heading.default\">\n\t\t\t\t<div class=\"elementor-widget-container\">\n\t\t\t\t\t<h5 class=\"elementor-heading-title elementor-size-default\">2023 - S\u00fcrd\u00fcr\u00fclebilir 100 Y\u0131l \u0130\u00e7in M\u00fchendislikte Kad\u0131n <\/h5>\t\t\t\t<\/div>\n\t\t\t\t<\/div>\n\t\t\t\t<div class=\"elementor-element elementor-element-558b29d0 elementor-icon-list--layout-traditional elementor-list-item-link-full_width elementor-widget elementor-widget-icon-list\" data-id=\"558b29d0\" data-element_type=\"widget\" data-widget_type=\"icon-list.default\">\n\t\t\t\t<div class=\"elementor-widget-container\">\n\t\t\t\t\t\t\t<ul class=\"elementor-icon-list-items\">\n\t\t\t\t\t\t\t<li class=\"elementor-icon-list-item\">\n\t\t\t\t\t\t\t\t\t\t\t<a href=\"https:\/\/tumkad.org.tr\/en\/dunya-kadin-muhendisler-gunu\/2023-surdurulebilir-100-yil-icin-muhendislikte-kadin\/2023-surdurulebilir-100-yil-icin-muhendislikte-kadin-sponsorlarimiz\/\" target=\"_blank\">\n\n\t\t\t\t\t\t\t\t\t\t\t\t<span class=\"elementor-icon-list-icon\">\n\t\t\t\t\t\t\t<i aria-hidden=\"true\" class=\"icon icon-right-arrow1\"><\/i>\t\t\t\t\t\t<\/span>\n\t\t\t\t\t\t\t\t\t\t<span class=\"elementor-icon-list-text\">SPONSORLARIMIZ<\/span>\n\t\t\t\t\t\t\t\t\t\t\t<\/a>\n\t\t\t\t\t\t\t\t\t<\/li>\n\t\t\t\t\t\t\t\t<li class=\"elementor-icon-list-item\">\n\t\t\t\t\t\t\t\t\t\t\t<a href=\"https:\/\/tumkad.org.tr\/en\/dunya-kadin-muhendisler-gunu\/2023-surdurulebilir-100-yil-icin-muhendislikte-kadin\/2023-surdurulebilir-100-yil-icin-muhendislikte-kadin-program-akisi-ve-konusmacilar\/\" target=\"_blank\">\n\n\t\t\t\t\t\t\t\t\t\t\t\t<span class=\"elementor-icon-list-icon\">\n\t\t\t\t\t\t\t<i aria-hidden=\"true\" class=\"icon icon-right-arrow1\"><\/i>\t\t\t\t\t\t<\/span>\n\t\t\t\t\t\t\t\t\t\t<span class=\"elementor-icon-list-text\">PROGRAM AKI\u015eI VE KONU\u015eMACILARIMIZ<\/span>\n\t\t\t\t\t\t\t\t\t\t\t<\/a>\n\t\t\t\t\t\t\t\t\t<\/li>\n\t\t\t\t\t\t\t\t<li class=\"elementor-icon-list-item\">\n\t\t\t\t\t\t\t\t\t\t\t<a href=\"https:\/\/tumkad.org.tr\/en\/dunya-kadin-muhendisler-gunu\/2023-surdurulebilir-100-yil-icin-muhendislikte-kadin\/2023-surdurulebilir-100-yil-icin-muhendislikte-kadin-videolar\/\" target=\"_blank\">\n\n\t\t\t\t\t\t\t\t\t\t\t\t<span class=\"elementor-icon-list-icon\">\n\t\t\t\t\t\t\t<i aria-hidden=\"true\" class=\"icon icon-right-arrow1\"><\/i>\t\t\t\t\t\t<\/span>\n\t\t\t\t\t\t\t\t\t\t<span class=\"elementor-icon-list-text\">V\u0130DEOLAR<\/span>\n\t\t\t\t\t\t\t\t\t\t\t<\/a>\n\t\t\t\t\t\t\t\t\t<\/li>\n\t\t\t\t\t\t\t\t<li class=\"elementor-icon-list-item\">\n\t\t\t\t\t\t\t\t\t\t\t<a href=\"https:\/\/tumkad.org.tr\/en\/dunya-kadin-muhendisler-gunu\/2023-surdurulebilir-100-yil-icin-muhendislikte-kadin\/2023-surdurulebilir-100-yil-icin-muhendislikte-kadin-konferans-fotograflari\/\" target=\"_blank\">\n\n\t\t\t\t\t\t\t\t\t\t\t\t<span class=\"elementor-icon-list-icon\">\n\t\t\t\t\t\t\t<i aria-hidden=\"true\" class=\"icon icon-right-arrow1\"><\/i>\t\t\t\t\t\t<\/span>\n\t\t\t\t\t\t\t\t\t\t<span class=\"elementor-icon-list-text\">KONFERANS FOTO\u011eRAFLARI<\/span>\n\t\t\t\t\t\t\t\t\t\t\t<\/a>\n\t\t\t\t\t\t\t\t\t<\/li>\n\t\t\t\t\t\t<\/ul>\n\t\t\t\t\t\t<\/div>\n\t\t\t\t<\/div>\n\t\t\t\t\t<\/div>\n\t\t<\/div>\n\t\t\t\t<div class=\"elementor-column elementor-col-33 elementor-inner-column elementor-element elementor-element-5e87383a\" data-id=\"5e87383a\" data-element_type=\"column\" data-settings=\"{&quot;background_background&quot;:&quot;classic&quot;}\">\n\t\t\t<div class=\"elementor-widget-wrap elementor-element-populated\">\n\t\t\t\t\t\t<div class=\"elementor-element elementor-element-4750e97f elementor-widget elementor-widget-global elementor-global-1319 elementor-widget-heading\" data-id=\"4750e97f\" data-element_type=\"widget\" data-widget_type=\"heading.default\">\n\t\t\t\t<div class=\"elementor-widget-container\">\n\t\t\t\t\t<h4 class=\"elementor-heading-title elementor-size-default\">D\u00fcnya Kad\u0131n M\u00fchendisler G\u00fcn\u00fc<\/h4>\t\t\t\t<\/div>\n\t\t\t\t<\/div>\n\t\t\t\t<div class=\"elementor-element elementor-element-2516a5c9 elementor-nav-menu__text-align-aside elementor-widget elementor-widget-global elementor-global-2005 elementor-widget-nav-menu\" data-id=\"2516a5c9\" data-element_type=\"widget\" data-settings=\"{&quot;layout&quot;:&quot;dropdown&quot;,&quot;submenu_icon&quot;:{&quot;value&quot;:&quot;fas fa-angle-down&quot;,&quot;library&quot;:&quot;fa-solid&quot;}}\" data-widget_type=\"nav-menu.default\">\n\t\t\t\t<div class=\"elementor-widget-container\">\n\t\t\t\t\t\t\t\t<nav class=\"elementor-nav-menu--dropdown elementor-nav-menu__container\" aria-hidden=\"true\">\n\t\t\t\t<ul id=\"menu-2-2516a5c9\" class=\"elementor-nav-menu\"><li class=\"menu-item menu-item-type-post_type menu-item-object-page menu-item-has-children menu-item-1969\"><a href=\"https:\/\/tumkad.org.tr\/en\/dunya-kadin-muhendisler-gunu\/2022-guclu-kadin-guclu-gelecek\/\" class=\"elementor-item\" tabindex=\"-1\">2022 \u2013 G\u00fc\u00e7l\u00fc Kad\u0131n G\u00fc\u00e7l\u00fc Gelecek<\/a>\n<ul class=\"sub-menu elementor-nav-menu--dropdown\">\n\t<li class=\"menu-item menu-item-type-post_type menu-item-object-page menu-item-1972\"><a href=\"https:\/\/tumkad.org.tr\/en\/dunya-kadin-muhendisler-gunu\/2022-guclu-kadin-guclu-gelecek\/2022-guclu-kadin-guclu-gelecek-sponsorlarimiz\/\" class=\"elementor-sub-item\" tabindex=\"-1\">Sponsorlar\u0131m\u0131z<\/a><\/li>\n\t<li class=\"menu-item menu-item-type-post_type menu-item-object-page menu-item-1971\"><a href=\"https:\/\/tumkad.org.tr\/en\/dunya-kadin-muhendisler-gunu\/2022-guclu-kadin-guclu-gelecek\/2022-guclu-kadin-guclu-gelecek-program-akisi-ve-sponsorlar\/\" class=\"elementor-sub-item\" tabindex=\"-1\">Program Ak\u0131\u015f\u0131 ve Konu\u015fmac\u0131lar<\/a><\/li>\n\t<li class=\"menu-item menu-item-type-post_type menu-item-object-page menu-item-1973\"><a href=\"https:\/\/tumkad.org.tr\/en\/dunya-kadin-muhendisler-gunu\/2022-guclu-kadin-guclu-gelecek\/2022-guclu-kadin-guclu-gelecek-video\/\" class=\"elementor-sub-item\" tabindex=\"-1\">Videolar<\/a><\/li>\n\t<li class=\"menu-item menu-item-type-post_type menu-item-object-page menu-item-1970\"><a href=\"https:\/\/tumkad.org.tr\/en\/dunya-kadin-muhendisler-gunu\/2022-guclu-kadin-guclu-gelecek\/2022-guclu-kadin-guclu-gelecek-konferans-fotograflari\/\" class=\"elementor-sub-item\" tabindex=\"-1\">Konferans Foto\u011fraflar\u0131<\/a><\/li>\n<\/ul>\n<\/li>\n<li class=\"menu-item menu-item-type-post_type menu-item-object-page menu-item-has-children menu-item-1974\"><a href=\"https:\/\/tumkad.org.tr\/en\/dunya-kadin-muhendisler-gunu\/2023-surdurulebilir-100-yil-icin-muhendislikte-kadin\/\" class=\"elementor-item\" tabindex=\"-1\">2023 \u2013 S\u00fcrd\u00fcr\u00fclebilir 100 y\u0131l i\u00e7in M\u00fchendislikte Kad\u0131n<\/a>\n<ul class=\"sub-menu elementor-nav-menu--dropdown\">\n\t<li class=\"menu-item menu-item-type-post_type menu-item-object-page menu-item-2254\"><a href=\"https:\/\/tumkad.org.tr\/en\/dunya-kadin-muhendisler-gunu\/2023-surdurulebilir-100-yil-icin-muhendislikte-kadin\/2023-surdurulebilir-100-yil-icin-muhendislikte-kadin-sponsorlarimiz\/\" class=\"elementor-sub-item\" tabindex=\"-1\">Sponsorlar\u0131m\u0131z<\/a><\/li>\n\t<li class=\"menu-item menu-item-type-post_type menu-item-object-page menu-item-2253\"><a href=\"https:\/\/tumkad.org.tr\/en\/dunya-kadin-muhendisler-gunu\/2023-surdurulebilir-100-yil-icin-muhendislikte-kadin\/2023-surdurulebilir-100-yil-icin-muhendislikte-kadin-program-akisi-ve-konusmacilar\/\" class=\"elementor-sub-item\" tabindex=\"-1\">Program Ak\u0131\u015f\u0131 ve Konu\u015fmac\u0131lar<\/a><\/li>\n\t<li class=\"menu-item menu-item-type-post_type menu-item-object-page menu-item-2255\"><a href=\"https:\/\/tumkad.org.tr\/en\/dunya-kadin-muhendisler-gunu\/2023-surdurulebilir-100-yil-icin-muhendislikte-kadin\/2023-surdurulebilir-100-yil-icin-muhendislikte-kadin-videolar\/\" class=\"elementor-sub-item\" tabindex=\"-1\">Videolar<\/a><\/li>\n\t<li class=\"menu-item menu-item-type-post_type menu-item-object-page menu-item-2252\"><a href=\"https:\/\/tumkad.org.tr\/en\/dunya-kadin-muhendisler-gunu\/2023-surdurulebilir-100-yil-icin-muhendislikte-kadin\/2023-surdurulebilir-100-yil-icin-muhendislikte-kadin-konferans-fotograflari\/\" class=\"elementor-sub-item\" tabindex=\"-1\">Konferans Foto\u011fraflar\u0131<\/a><\/li>\n<\/ul>\n<\/li>\n<li class=\"menu-item menu-item-type-post_type menu-item-object-page menu-item-has-children menu-item-1975\"><a href=\"https:\/\/tumkad.org.tr\/en\/dunya-kadin-muhendisler-gunu\/2024-muhendislikle-guclenen-dunya\/\" class=\"elementor-item\" tabindex=\"-1\">2024 \u2013 M\u00fchendislikle G\u00fc\u00e7lenen D\u00fcnya<\/a>\n<ul class=\"sub-menu elementor-nav-menu--dropdown\">\n\t<li class=\"menu-item menu-item-type-post_type menu-item-object-page menu-item-2258\"><a href=\"https:\/\/tumkad.org.tr\/en\/dunya-kadin-muhendisler-gunu\/2024-muhendislikle-guclenen-dunya\/2024-muhendislikle-guclenen-dunya-sponsorlarimiz\/\" class=\"elementor-sub-item\" tabindex=\"-1\">Sponsorlar\u0131m\u0131z<\/a><\/li>\n\t<li class=\"menu-item menu-item-type-post_type menu-item-object-page menu-item-2257\"><a href=\"https:\/\/tumkad.org.tr\/en\/dunya-kadin-muhendisler-gunu\/2024-muhendislikle-guclenen-dunya\/2024-muhendislikle-guclenen-dunya-program-akisi-ve-konusmacilarimiz\/\" class=\"elementor-sub-item\" tabindex=\"-1\">Program Ak\u0131\u015f\u0131 ve Konu\u015fmac\u0131lar\u0131m\u0131z<\/a><\/li>\n\t<li class=\"menu-item menu-item-type-post_type menu-item-object-page menu-item-2259\"><a href=\"https:\/\/tumkad.org.tr\/en\/dunya-kadin-muhendisler-gunu\/2024-muhendislikle-guclenen-dunya\/2024-muhendislikle-guclenen-dunya-videolar\/\" class=\"elementor-sub-item\" tabindex=\"-1\">Videolar<\/a><\/li>\n\t<li class=\"menu-item menu-item-type-post_type menu-item-object-page menu-item-2256\"><a href=\"https:\/\/tumkad.org.tr\/en\/dunya-kadin-muhendisler-gunu\/2024-muhendislikle-guclenen-dunya\/2024-muhendislikle-guclenen-dunya-konferans-fotograflari\/\" class=\"elementor-sub-item\" tabindex=\"-1\">Konferans Foto\u011fraflar\u0131<\/a><\/li>\n<\/ul>\n<\/li>\n<li class=\"menu-item menu-item-type-post_type menu-item-object-page menu-item-1976\"><a href=\"https:\/\/tumkad.org.tr\/en\/dunya-kadin-muhendisler-gunu\/2025-muhendislikte-is-birligi-gucu\/\" class=\"elementor-item\" tabindex=\"-1\">2025 \u2013 M\u00fchendislikte \u0130\u015f Birli\u011fi G\u00fcc\u00fc<\/a><\/li>\n<\/ul>\t\t\t<\/nav>\n\t\t\t\t\t\t<\/div>\n\t\t\t\t<\/div>\n\t\t\t\t\t<\/div>\n\t\t<\/div>\n\t\t\t\t\t<\/div>\n\t\t<\/section>\n\t\t\t\t\t<\/div>\n\t\t<\/div>\n\t\t\t\t\t<\/div>\n\t\t<\/section>\n\t\t\t\t<\/div>","protected":false},"excerpt":{"rendered":"<p>23 Haziran D\u00fcnya Kad\u0131n M\u00fchendisler G\u00fcn\u00fc 2023 &#8211; S\u00fcrd\u00fcr\u00fclebilir 100 Y\u0131l \u0130\u00e7in M\u00fchendislikte Kad\u0131n SPONSORLARIMIZ PROGRAM AKI\u015eI VE KONU\u015eMACILARIMIZ V\u0130DEOLAR KONFERANS FOTO\u011eRAFLARI D\u00fcnya Kad\u0131n M\u00fchendisler G\u00fcn\u00fc<\/p>","protected":false},"author":1,"featured_media":0,"parent":408,"menu_order":0,"comment_status":"closed","ping_status":"closed","template":"elementor_header_footer","meta":{"footnotes":""},"class_list":["post-1039","page","type-page","status-publish","hentry"],"_links":{"self":[{"href":"https:\/\/tumkad.org.tr\/en\/wp-json\/wp\/v2\/pages\/1039","targetHints":{"allow":["GET"]}}],"collection":[{"href":"https:\/\/tumkad.org.tr\/en\/wp-json\/wp\/v2\/pages"}],"about":[{"href":"https:\/\/tumkad.org.tr\/en\/wp-json\/wp\/v2\/types\/page"}],"author":[{"embeddable":true,"href":"https:\/\/tumkad.org.tr\/en\/wp-json\/wp\/v2\/users\/1"}],"replies":[{"embeddable":true,"href":"https:\/\/tumkad.org.tr\/en\/wp-json\/wp\/v2\/comments?post=1039"}],"version-history":[{"count":50,"href":"https:\/\/tumkad.org.tr\/en\/wp-json\/wp\/v2\/pages\/1039\/revisions"}],"predecessor-version":[{"id":2221,"href":"https:\/\/tumkad.org.tr\/en\/wp-json\/wp\/v2\/pages\/1039\/revisions\/2221"}],"up":[{"embeddable":true,"href":"https:\/\/tumkad.org.tr\/en\/wp-json\/wp\/v2\/pages\/408"}],"wp:attachment":[{"href":"https:\/\/tumkad.org.tr\/en\/wp-json\/wp\/v2\/media?parent=1039"}],"curies":[{"name":"wp","href":"https:\/\/api.w.org\/{rel}","templated":true}]}}