{"id":159,"date":"2024-11-04T00:52:00","date_gmt":"2024-11-03T21:52:00","guid":{"rendered":"https:\/\/test1.tumkad.org.tr\/?page_id=159"},"modified":"2026-01-05T22:07:41","modified_gmt":"2026-01-05T19:07:41","slug":"kurucu-uyeler","status":"publish","type":"page","link":"https:\/\/tumkad.org.tr\/en\/organizasyon\/kurucu-uyeler\/","title":{"rendered":"Kurucu \u00dcyeler"},"content":{"rendered":"<div data-elementor-type=\"wp-page\" data-elementor-id=\"159\" class=\"elementor elementor-159\" data-elementor-post-type=\"page\">\n\t\t\t\t\t\t<section class=\"elementor-section elementor-top-section elementor-element elementor-element-606d4ed6 elementor-section-height-min-height elementor-section-boxed elementor-section-height-default elementor-section-items-middle\" data-id=\"606d4ed6\" data-element_type=\"section\" data-settings=\"{&quot;background_background&quot;:&quot;classic&quot;}\">\n\t\t\t\t\t\t\t<div class=\"elementor-background-overlay\"><\/div>\n\t\t\t\t\t\t\t<div class=\"elementor-container elementor-column-gap-default\">\n\t\t\t\t\t<div class=\"elementor-column elementor-col-100 elementor-top-column elementor-element elementor-element-1c3650d9\" data-id=\"1c3650d9\" data-element_type=\"column\">\n\t\t\t<div class=\"elementor-widget-wrap elementor-element-populated\">\n\t\t\t\t\t\t<div class=\"elementor-element elementor-element-3969c1eb elementor-widget elementor-widget-heading\" data-id=\"3969c1eb\" data-element_type=\"widget\" data-widget_type=\"heading.default\">\n\t\t\t\t<div class=\"elementor-widget-container\">\n\t\t\t\t\t<h3 class=\"elementor-heading-title elementor-size-default\">Kurucu \u00dcyeler<\/h3>\t\t\t\t<\/div>\n\t\t\t\t<\/div>\n\t\t\t\t\t<\/div>\n\t\t<\/div>\n\t\t\t\t\t<\/div>\n\t\t<\/section>\n\t\t\t\t<section class=\"elementor-section elementor-top-section elementor-element elementor-element-0c4031d elementor-section-boxed elementor-section-height-default elementor-section-height-default\" data-id=\"0c4031d\" data-element_type=\"section\" data-settings=\"{&quot;background_background&quot;:&quot;classic&quot;}\">\n\t\t\t\t\t\t<div class=\"elementor-container elementor-column-gap-default\">\n\t\t\t\t\t<div class=\"elementor-column elementor-col-100 elementor-top-column elementor-element elementor-element-dcd89cf\" data-id=\"dcd89cf\" data-element_type=\"column\">\n\t\t\t<div class=\"elementor-widget-wrap elementor-element-populated\">\n\t\t\t\t<div class=\"elementor-element elementor-element-b7147a9 e-grid e-con-boxed e-con e-parent\" data-id=\"b7147a9\" data-element_type=\"container\">\n\t\t\t\t\t<div class=\"e-con-inner\">\n\t\t\t\t<div class=\"elementor-element elementor-element-9b5b9e9 elementor-position-top elementor-widget elementor-widget-image-box\" data-id=\"9b5b9e9\" data-element_type=\"widget\" data-widget_type=\"image-box.default\">\n\t\t\t\t<div class=\"elementor-widget-container\">\n\t\t\t\t\t<div class=\"elementor-image-box-wrapper\"><figure class=\"elementor-image-box-img\"><img fetchpriority=\"high\" decoding=\"async\" width=\"400\" height=\"400\" src=\"https:\/\/tumkad.org.tr\/wp-content\/uploads\/2025\/04\/ulfet-ozturk.jpg\" class=\"attachment-full size-full wp-image-1617\" alt=\"ulfet-ozturk\" srcset=\"https:\/\/tumkad.org.tr\/wp-content\/uploads\/2025\/04\/ulfet-ozturk.jpg 400w, https:\/\/tumkad.org.tr\/wp-content\/uploads\/2025\/04\/ulfet-ozturk-300x300.jpg 300w, https:\/\/tumkad.org.tr\/wp-content\/uploads\/2025\/04\/ulfet-ozturk-150x150.jpg 150w\" sizes=\"(max-width: 400px) 100vw, 400px\" \/><\/figure><div class=\"elementor-image-box-content\"><h3 class=\"elementor-image-box-title\">\u00dcLFET \u00d6ZT\u00dcRK<\/h3><p class=\"elementor-image-box-description\">Kurucu Ba\u015fkan <\/br>\nEnd\u00fcstri M\u00fchendisi\n\n\n<\/p><\/div><\/div>\t\t\t\t<\/div>\n\t\t\t\t<\/div>\n\t\t\t\t<div class=\"elementor-element elementor-element-a9e9bfe elementor-position-top elementor-widget elementor-widget-image-box\" data-id=\"a9e9bfe\" data-element_type=\"widget\" data-widget_type=\"image-box.default\">\n\t\t\t\t<div class=\"elementor-widget-container\">\n\t\t\t\t\t<div class=\"elementor-image-box-wrapper\"><figure class=\"elementor-image-box-img\"><img decoding=\"async\" width=\"400\" height=\"400\" src=\"https:\/\/tumkad.org.tr\/wp-content\/uploads\/2024\/11\/funda-geyimer.jpg\" class=\"attachment-full size-full wp-image-164\" alt=\"Funda Geyimer\" srcset=\"https:\/\/tumkad.org.tr\/wp-content\/uploads\/2024\/11\/funda-geyimer.jpg 400w, https:\/\/tumkad.org.tr\/wp-content\/uploads\/2024\/11\/funda-geyimer-300x300.jpg 300w, https:\/\/tumkad.org.tr\/wp-content\/uploads\/2024\/11\/funda-geyimer-150x150.jpg 150w\" sizes=\"(max-width: 400px) 100vw, 400px\" \/><\/figure><div class=\"elementor-image-box-content\"><h3 class=\"elementor-image-box-title\">FUNDA GEY\u0130MER<\/h3><p class=\"elementor-image-box-description\">Kurucu \u00dcye <\/br>\nEnd\u00fcstri M\u00fchendisi<\/p><\/div><\/div>\t\t\t\t<\/div>\n\t\t\t\t<\/div>\n\t\t\t\t<div class=\"elementor-element elementor-element-52917b0 elementor-position-top elementor-widget elementor-widget-image-box\" data-id=\"52917b0\" data-element_type=\"widget\" data-widget_type=\"image-box.default\">\n\t\t\t\t<div class=\"elementor-widget-container\">\n\t\t\t\t\t<div class=\"elementor-image-box-wrapper\"><figure class=\"elementor-image-box-img\"><img decoding=\"async\" width=\"400\" height=\"400\" src=\"https:\/\/tumkad.org.tr\/wp-content\/uploads\/2024\/11\/busra-henden.jpg\" class=\"attachment-full size-full wp-image-162\" alt=\"B\u00fc\u015fra Henden Ramazano\u011flu\" srcset=\"https:\/\/tumkad.org.tr\/wp-content\/uploads\/2024\/11\/busra-henden.jpg 400w, https:\/\/tumkad.org.tr\/wp-content\/uploads\/2024\/11\/busra-henden-300x300.jpg 300w, https:\/\/tumkad.org.tr\/wp-content\/uploads\/2024\/11\/busra-henden-150x150.jpg 150w\" sizes=\"(max-width: 400px) 100vw, 400px\" \/><\/figure><div class=\"elementor-image-box-content\"><h3 class=\"elementor-image-box-title\">B\u00dc\u015eRA HENDEN RAMAZANO\u011eLU<\/h3><p class=\"elementor-image-box-description\">Kurucu \u00dcye <\/br>\nEnd\u00fcstri M\u00fchendisi<\/p><\/div><\/div>\t\t\t\t<\/div>\n\t\t\t\t<\/div>\n\t\t\t\t<div class=\"elementor-element elementor-element-ff2e241 elementor-position-top elementor-widget elementor-widget-image-box\" data-id=\"ff2e241\" data-element_type=\"widget\" data-widget_type=\"image-box.default\">\n\t\t\t\t<div class=\"elementor-widget-container\">\n\t\t\t\t\t<div class=\"elementor-image-box-wrapper\"><figure class=\"elementor-image-box-img\"><img loading=\"lazy\" decoding=\"async\" width=\"400\" height=\"400\" src=\"https:\/\/tumkad.org.tr\/wp-content\/uploads\/2024\/11\/neslihan-ozer.jpg\" class=\"attachment-full size-full wp-image-166\" alt=\"Neslihan \u00d6zer\" srcset=\"https:\/\/tumkad.org.tr\/wp-content\/uploads\/2024\/11\/neslihan-ozer.jpg 400w, https:\/\/tumkad.org.tr\/wp-content\/uploads\/2024\/11\/neslihan-ozer-300x300.jpg 300w, https:\/\/tumkad.org.tr\/wp-content\/uploads\/2024\/11\/neslihan-ozer-150x150.jpg 150w\" sizes=\"(max-width: 400px) 100vw, 400px\" \/><\/figure><div class=\"elementor-image-box-content\"><h3 class=\"elementor-image-box-title\">NESL\u0130HAN \u00d6ZER<\/h3><p class=\"elementor-image-box-description\">Kurucu \u00dcye <\/br>\nMakine M\u00fchendisi<\/p><\/div><\/div>\t\t\t\t<\/div>\n\t\t\t\t<\/div>\n\t\t\t\t<div class=\"elementor-element elementor-element-5aca55c elementor-position-top elementor-widget elementor-widget-image-box\" data-id=\"5aca55c\" data-element_type=\"widget\" data-widget_type=\"image-box.default\">\n\t\t\t\t<div class=\"elementor-widget-container\">\n\t\t\t\t\t<div class=\"elementor-image-box-wrapper\"><figure class=\"elementor-image-box-img\"><img loading=\"lazy\" decoding=\"async\" width=\"400\" height=\"400\" src=\"https:\/\/tumkad.org.tr\/wp-content\/uploads\/2024\/11\/gokcen-demir.jpg\" class=\"attachment-full size-full wp-image-165\" alt=\"G\u00f6k\u00e7en Demir Kodaman\" srcset=\"https:\/\/tumkad.org.tr\/wp-content\/uploads\/2024\/11\/gokcen-demir.jpg 400w, https:\/\/tumkad.org.tr\/wp-content\/uploads\/2024\/11\/gokcen-demir-300x300.jpg 300w, https:\/\/tumkad.org.tr\/wp-content\/uploads\/2024\/11\/gokcen-demir-150x150.jpg 150w\" sizes=\"(max-width: 400px) 100vw, 400px\" \/><\/figure><div class=\"elementor-image-box-content\"><h3 class=\"elementor-image-box-title\">G\u00d6K\u00c7EN DEM\u0130R KODAMAN<\/h3><p class=\"elementor-image-box-description\">Kurucu \u00dcye <\/br>\nMakine M\u00fchendisi<\/p><\/div><\/div>\t\t\t\t<\/div>\n\t\t\t\t<\/div>\n\t\t\t\t<div class=\"elementor-element elementor-element-ed15e98 elementor-position-top elementor-widget elementor-widget-image-box\" data-id=\"ed15e98\" data-element_type=\"widget\" data-widget_type=\"image-box.default\">\n\t\t\t\t<div class=\"elementor-widget-container\">\n\t\t\t\t\t<div class=\"elementor-image-box-wrapper\"><figure class=\"elementor-image-box-img\"><img loading=\"lazy\" decoding=\"async\" width=\"400\" height=\"400\" src=\"https:\/\/tumkad.org.tr\/wp-content\/uploads\/2024\/11\/demet-dengiz.jpg\" class=\"attachment-full size-full wp-image-163\" alt=\"Demet Dengiz Oral\" srcset=\"https:\/\/tumkad.org.tr\/wp-content\/uploads\/2024\/11\/demet-dengiz.jpg 400w, https:\/\/tumkad.org.tr\/wp-content\/uploads\/2024\/11\/demet-dengiz-300x300.jpg 300w, https:\/\/tumkad.org.tr\/wp-content\/uploads\/2024\/11\/demet-dengiz-150x150.jpg 150w\" sizes=\"(max-width: 400px) 100vw, 400px\" \/><\/figure><div class=\"elementor-image-box-content\"><h3 class=\"elementor-image-box-title\">DEMET DENG\u0130Z ORAL<\/h3><p class=\"elementor-image-box-description\">Kurucu \u00dcye <\/br>\nKimya M\u00fchendisi<\/p><\/div><\/div>\t\t\t\t<\/div>\n\t\t\t\t<\/div>\n\t\t\t\t\t<\/div>\n\t\t\t\t<\/div>\n\t\t\t\t<div class=\"elementor-element elementor-element-0f2d74d elementor-widget elementor-widget-spacer\" data-id=\"0f2d74d\" data-element_type=\"widget\" data-widget_type=\"spacer.default\">\n\t\t\t\t<div class=\"elementor-widget-container\">\n\t\t\t\t\t\t\t<div class=\"elementor-spacer\">\n\t\t\t<div class=\"elementor-spacer-inner\"><\/div>\n\t\t<\/div>\n\t\t\t\t\t\t<\/div>\n\t\t\t\t<\/div>\n\t\t\t\t\t<\/div>\n\t\t<\/div>\n\t\t\t\t\t<\/div>\n\t\t<\/section>\n\t\t\t\t<\/div>","protected":false},"excerpt":{"rendered":"<p>Kurucu \u00dcyeler \u00dcLFET \u00d6ZT\u00dcRK Kurucu Ba\u015fkan End\u00fcstri M\u00fchendisi FUNDA GEY\u0130MER Kurucu \u00dcye End\u00fcstri M\u00fchendisi B\u00dc\u015eRA HENDEN RAMAZANO\u011eLU Kurucu \u00dcye End\u00fcstri M\u00fchendisi NESL\u0130HAN \u00d6ZER Kurucu \u00dcye Makine M\u00fchendisi G\u00d6K\u00c7EN DEM\u0130R KODAMAN Kurucu \u00dcye Makine M\u00fchendisi DEMET DENG\u0130Z ORAL Kurucu \u00dcye Kimya M\u00fchendisi<\/p>","protected":false},"author":1,"featured_media":0,"parent":143,"menu_order":0,"comment_status":"closed","ping_status":"closed","template":"elementor_header_footer","meta":{"footnotes":""},"class_list":["post-159","page","type-page","status-publish","hentry"],"_links":{"self":[{"href":"https:\/\/tumkad.org.tr\/en\/wp-json\/wp\/v2\/pages\/159","targetHints":{"allow":["GET"]}}],"collection":[{"href":"https:\/\/tumkad.org.tr\/en\/wp-json\/wp\/v2\/pages"}],"about":[{"href":"https:\/\/tumkad.org.tr\/en\/wp-json\/wp\/v2\/types\/page"}],"author":[{"embeddable":true,"href":"https:\/\/tumkad.org.tr\/en\/wp-json\/wp\/v2\/users\/1"}],"replies":[{"embeddable":true,"href":"https:\/\/tumkad.org.tr\/en\/wp-json\/wp\/v2\/comments?post=159"}],"version-history":[{"count":49,"href":"https:\/\/tumkad.org.tr\/en\/wp-json\/wp\/v2\/pages\/159\/revisions"}],"predecessor-version":[{"id":3782,"href":"https:\/\/tumkad.org.tr\/en\/wp-json\/wp\/v2\/pages\/159\/revisions\/3782"}],"up":[{"embeddable":true,"href":"https:\/\/tumkad.org.tr\/en\/wp-json\/wp\/v2\/pages\/143"}],"wp:attachment":[{"href":"https:\/\/tumkad.org.tr\/en\/wp-json\/wp\/v2\/media?parent=159"}],"curies":[{"name":"wp","href":"https:\/\/api.w.org\/{rel}","templated":true}]}}