{"id":1898,"date":"2025-04-18T07:48:22","date_gmt":"2025-04-18T04:48:22","guid":{"rendered":"https:\/\/test1.tumkad.org.tr\/?page_id=1898"},"modified":"2025-04-18T11:47:42","modified_gmt":"2025-04-18T08:47:42","slug":"2022-guclu-kadin-guclu-gelecek-sponsorlarimiz","status":"publish","type":"page","link":"https:\/\/tumkad.org.tr\/en\/dunya-kadin-muhendisler-gunu\/2022-guclu-kadin-guclu-gelecek\/2022-guclu-kadin-guclu-gelecek-sponsorlarimiz\/","title":{"rendered":"2022 &#8211; G\u00fc\u00e7l\u00fc Kad\u0131n G\u00fc\u00e7l\u00fc Gelecek &#8211; Sponsorlar\u0131m\u0131z"},"content":{"rendered":"<div data-elementor-type=\"wp-page\" data-elementor-id=\"1898\" class=\"elementor elementor-1898\" data-elementor-post-type=\"page\">\n\t\t\t\t\t\t<section class=\"elementor-section elementor-top-section elementor-element elementor-element-0d27934 elementor-section-height-min-height elementor-section-boxed elementor-section-height-default elementor-section-items-middle\" data-id=\"0d27934\" data-element_type=\"section\" data-settings=\"{&quot;background_background&quot;:&quot;classic&quot;}\">\n\t\t\t\t\t\t\t<div class=\"elementor-background-overlay\"><\/div>\n\t\t\t\t\t\t\t<div class=\"elementor-container elementor-column-gap-default\">\n\t\t\t\t\t<div class=\"elementor-column elementor-col-100 elementor-top-column elementor-element elementor-element-3eb1bfb\" data-id=\"3eb1bfb\" data-element_type=\"column\">\n\t\t\t<div class=\"elementor-widget-wrap elementor-element-populated\">\n\t\t\t\t\t\t\t<\/div>\n\t\t<\/div>\n\t\t\t\t\t<\/div>\n\t\t<\/section>\n\t\t\t\t<section class=\"elementor-section elementor-top-section elementor-element elementor-element-043bd00 elementor-section-boxed elementor-section-height-default elementor-section-height-default\" data-id=\"043bd00\" data-element_type=\"section\">\n\t\t\t\t\t\t<div class=\"elementor-container elementor-column-gap-default\">\n\t\t\t\t\t<div class=\"elementor-column elementor-col-100 elementor-top-column elementor-element elementor-element-8caa69e\" data-id=\"8caa69e\" data-element_type=\"column\">\n\t\t\t<div class=\"elementor-widget-wrap elementor-element-populated\">\n\t\t\t\t\t\t<section class=\"elementor-section elementor-inner-section elementor-element elementor-element-3dce736 elementor-section-boxed elementor-section-height-default elementor-section-height-default\" data-id=\"3dce736\" data-element_type=\"section\">\n\t\t\t\t\t\t<div class=\"elementor-container elementor-column-gap-default\">\n\t\t\t\t\t<div class=\"elementor-column elementor-col-66 elementor-inner-column elementor-element elementor-element-f20eae8\" data-id=\"f20eae8\" data-element_type=\"column\">\n\t\t\t<div class=\"elementor-widget-wrap elementor-element-populated\">\n\t\t\t\t\t\t<div class=\"elementor-element elementor-element-020f819 elementor-widget elementor-widget-heading\" data-id=\"020f819\" data-element_type=\"widget\" data-widget_type=\"heading.default\">\n\t\t\t\t<div class=\"elementor-widget-container\">\n\t\t\t\t\t<h4 class=\"elementor-heading-title elementor-size-default\">2022- G\u00fc\u00e7l\u00fc Kad\u0131n, G\u00fc\u00e7l\u00fc Gelecek<\/h4>\t\t\t\t<\/div>\n\t\t\t\t<\/div>\n\t\t\t\t<div class=\"elementor-element elementor-element-4681376 elementor-widget elementor-widget-text-editor\" data-id=\"4681376\" data-element_type=\"widget\" data-widget_type=\"text-editor.default\">\n\t\t\t\t<div class=\"elementor-widget-container\">\n\t\t\t\t\t\t\t\t\t<p>SPONSORLARIMIZ<\/p>\t\t\t\t\t\t\t\t<\/div>\n\t\t\t\t<\/div>\n\t\t\t\t<div class=\"elementor-element elementor-element-8aa8080 elementor-widget elementor-widget-gallery\" data-id=\"8aa8080\" data-element_type=\"widget\" data-settings=\"{&quot;columns&quot;:3,&quot;aspect_ratio&quot;:&quot;1:1&quot;,&quot;lazyload&quot;:&quot;yes&quot;,&quot;gallery_layout&quot;:&quot;grid&quot;,&quot;columns_tablet&quot;:2,&quot;columns_mobile&quot;:1,&quot;gap&quot;:{&quot;unit&quot;:&quot;px&quot;,&quot;size&quot;:10,&quot;sizes&quot;:[]},&quot;gap_tablet&quot;:{&quot;unit&quot;:&quot;px&quot;,&quot;size&quot;:10,&quot;sizes&quot;:[]},&quot;gap_mobile&quot;:{&quot;unit&quot;:&quot;px&quot;,&quot;size&quot;:10,&quot;sizes&quot;:[]},&quot;link_to&quot;:&quot;file&quot;,&quot;overlay_background&quot;:&quot;yes&quot;,&quot;content_hover_animation&quot;:&quot;fade-in&quot;}\" data-widget_type=\"gallery.default\">\n\t\t\t\t<div class=\"elementor-widget-container\">\n\t\t\t\t\t\t\t<div class=\"elementor-gallery__container\">\n\t\t\t\t\t\t\t<a class=\"e-gallery-item elementor-gallery-item elementor-animated-content\" href=\"https:\/\/tumkad.org.tr\/wp-content\/uploads\/2025\/04\/2022-sponsorlar-7.jpg\" data-elementor-open-lightbox=\"yes\" data-elementor-lightbox-slideshow=\"8aa8080\" data-elementor-lightbox-title=\"2022-sponsorlar (7)\" data-e-action-hash=\"#elementor-action%3Aaction%3Dlightbox%26settings%3DeyJpZCI6MTc1MCwidXJsIjoiaHR0cHM6XC9cL3R1bWthZC5vcmcudHJcL3dwLWNvbnRlbnRcL3VwbG9hZHNcLzIwMjVcLzA0XC8yMDIyLXNwb25zb3JsYXItNy5qcGciLCJzbGlkZXNob3ciOiI4YWE4MDgwIn0%3D\">\n\t\t\t\t\t<div class=\"e-gallery-image elementor-gallery-item__image\" data-thumbnail=\"https:\/\/tumkad.org.tr\/wp-content\/uploads\/2025\/04\/2022-sponsorlar-7-300x293.jpg\" data-width=\"300\" data-height=\"293\" aria-label=\"\" role=\"img\" ><\/div>\n\t\t\t\t\t\t\t\t\t\t\t<div class=\"elementor-gallery-item__overlay\"><\/div>\n\t\t\t\t\t\t\t\t\t\t\t\t\t\t<\/a>\n\t\t\t\t\t\t\t<a class=\"e-gallery-item elementor-gallery-item elementor-animated-content\" href=\"https:\/\/tumkad.org.tr\/wp-content\/uploads\/2025\/04\/2022-sponsorlar-6.jpg\" data-elementor-open-lightbox=\"yes\" data-elementor-lightbox-slideshow=\"8aa8080\" data-elementor-lightbox-title=\"2022-sponsorlar (6)\" data-e-action-hash=\"#elementor-action%3Aaction%3Dlightbox%26settings%3DeyJpZCI6MTc0OSwidXJsIjoiaHR0cHM6XC9cL3R1bWthZC5vcmcudHJcL3dwLWNvbnRlbnRcL3VwbG9hZHNcLzIwMjVcLzA0XC8yMDIyLXNwb25zb3JsYXItNi5qcGciLCJzbGlkZXNob3ciOiI4YWE4MDgwIn0%3D\">\n\t\t\t\t\t<div class=\"e-gallery-image elementor-gallery-item__image\" data-thumbnail=\"https:\/\/tumkad.org.tr\/wp-content\/uploads\/2025\/04\/2022-sponsorlar-6-300x292.jpg\" data-width=\"300\" data-height=\"292\" aria-label=\"\" role=\"img\" ><\/div>\n\t\t\t\t\t\t\t\t\t\t\t<div class=\"elementor-gallery-item__overlay\"><\/div>\n\t\t\t\t\t\t\t\t\t\t\t\t\t\t<\/a>\n\t\t\t\t\t\t\t<a class=\"e-gallery-item elementor-gallery-item elementor-animated-content\" href=\"https:\/\/tumkad.org.tr\/wp-content\/uploads\/2025\/04\/2022-sponsorlar-5.jpg\" data-elementor-open-lightbox=\"yes\" data-elementor-lightbox-slideshow=\"8aa8080\" data-elementor-lightbox-title=\"2022-sponsorlar (5)\" data-e-action-hash=\"#elementor-action%3Aaction%3Dlightbox%26settings%3DeyJpZCI6MTc0OCwidXJsIjoiaHR0cHM6XC9cL3R1bWthZC5vcmcudHJcL3dwLWNvbnRlbnRcL3VwbG9hZHNcLzIwMjVcLzA0XC8yMDIyLXNwb25zb3JsYXItNS5qcGciLCJzbGlkZXNob3ciOiI4YWE4MDgwIn0%3D\">\n\t\t\t\t\t<div class=\"e-gallery-image elementor-gallery-item__image\" data-thumbnail=\"https:\/\/tumkad.org.tr\/wp-content\/uploads\/2025\/04\/2022-sponsorlar-5-300x294.jpg\" data-width=\"300\" data-height=\"294\" aria-label=\"\" role=\"img\" ><\/div>\n\t\t\t\t\t\t\t\t\t\t\t<div class=\"elementor-gallery-item__overlay\"><\/div>\n\t\t\t\t\t\t\t\t\t\t\t\t\t\t<\/a>\n\t\t\t\t\t\t\t<a class=\"e-gallery-item elementor-gallery-item elementor-animated-content\" href=\"https:\/\/tumkad.org.tr\/wp-content\/uploads\/2025\/04\/2022-sponsorlar-1.jpg\" data-elementor-open-lightbox=\"yes\" data-elementor-lightbox-slideshow=\"8aa8080\" data-elementor-lightbox-title=\"2022-sponsorlar (1)\" data-e-action-hash=\"#elementor-action%3Aaction%3Dlightbox%26settings%3DeyJpZCI6MTc0NCwidXJsIjoiaHR0cHM6XC9cL3R1bWthZC5vcmcudHJcL3dwLWNvbnRlbnRcL3VwbG9hZHNcLzIwMjVcLzA0XC8yMDIyLXNwb25zb3JsYXItMS5qcGciLCJzbGlkZXNob3ciOiI4YWE4MDgwIn0%3D\">\n\t\t\t\t\t<div class=\"e-gallery-image elementor-gallery-item__image\" data-thumbnail=\"https:\/\/tumkad.org.tr\/wp-content\/uploads\/2025\/04\/2022-sponsorlar-1-300x293.jpg\" data-width=\"300\" data-height=\"293\" aria-label=\"\" role=\"img\" ><\/div>\n\t\t\t\t\t\t\t\t\t\t\t<div class=\"elementor-gallery-item__overlay\"><\/div>\n\t\t\t\t\t\t\t\t\t\t\t\t\t\t<\/a>\n\t\t\t\t\t\t\t<a class=\"e-gallery-item elementor-gallery-item elementor-animated-content\" href=\"https:\/\/tumkad.org.tr\/wp-content\/uploads\/2025\/04\/2022-sponsorlar-2.jpg\" data-elementor-open-lightbox=\"yes\" data-elementor-lightbox-slideshow=\"8aa8080\" data-elementor-lightbox-title=\"2022-sponsorlar (2)\" data-e-action-hash=\"#elementor-action%3Aaction%3Dlightbox%26settings%3DeyJpZCI6MTc0NSwidXJsIjoiaHR0cHM6XC9cL3R1bWthZC5vcmcudHJcL3dwLWNvbnRlbnRcL3VwbG9hZHNcLzIwMjVcLzA0XC8yMDIyLXNwb25zb3JsYXItMi5qcGciLCJzbGlkZXNob3ciOiI4YWE4MDgwIn0%3D\">\n\t\t\t\t\t<div class=\"e-gallery-image elementor-gallery-item__image\" data-thumbnail=\"https:\/\/tumkad.org.tr\/wp-content\/uploads\/2025\/04\/2022-sponsorlar-2-300x292.jpg\" data-width=\"300\" data-height=\"292\" aria-label=\"\" role=\"img\" ><\/div>\n\t\t\t\t\t\t\t\t\t\t\t<div class=\"elementor-gallery-item__overlay\"><\/div>\n\t\t\t\t\t\t\t\t\t\t\t\t\t\t<\/a>\n\t\t\t\t\t\t\t<a class=\"e-gallery-item elementor-gallery-item elementor-animated-content\" href=\"https:\/\/tumkad.org.tr\/wp-content\/uploads\/2025\/04\/2022-sponsorlar-3.jpg\" data-elementor-open-lightbox=\"yes\" data-elementor-lightbox-slideshow=\"8aa8080\" data-elementor-lightbox-title=\"2022-sponsorlar (3)\" data-e-action-hash=\"#elementor-action%3Aaction%3Dlightbox%26settings%3DeyJpZCI6MTc0NiwidXJsIjoiaHR0cHM6XC9cL3R1bWthZC5vcmcudHJcL3dwLWNvbnRlbnRcL3VwbG9hZHNcLzIwMjVcLzA0XC8yMDIyLXNwb25zb3JsYXItMy5qcGciLCJzbGlkZXNob3ciOiI4YWE4MDgwIn0%3D\">\n\t\t\t\t\t<div class=\"e-gallery-image elementor-gallery-item__image\" data-thumbnail=\"https:\/\/tumkad.org.tr\/wp-content\/uploads\/2025\/04\/2022-sponsorlar-3-300x290.jpg\" data-width=\"300\" data-height=\"290\" aria-label=\"\" role=\"img\" ><\/div>\n\t\t\t\t\t\t\t\t\t\t\t<div class=\"elementor-gallery-item__overlay\"><\/div>\n\t\t\t\t\t\t\t\t\t\t\t\t\t\t<\/a>\n\t\t\t\t\t\t\t<a class=\"e-gallery-item elementor-gallery-item elementor-animated-content\" href=\"https:\/\/tumkad.org.tr\/wp-content\/uploads\/2025\/04\/2022-sponsorlar-4.jpg\" data-elementor-open-lightbox=\"yes\" data-elementor-lightbox-slideshow=\"8aa8080\" data-elementor-lightbox-title=\"2022-sponsorlar (4)\" data-e-action-hash=\"#elementor-action%3Aaction%3Dlightbox%26settings%3DeyJpZCI6MTc0NywidXJsIjoiaHR0cHM6XC9cL3R1bWthZC5vcmcudHJcL3dwLWNvbnRlbnRcL3VwbG9hZHNcLzIwMjVcLzA0XC8yMDIyLXNwb25zb3JsYXItNC5qcGciLCJzbGlkZXNob3ciOiI4YWE4MDgwIn0%3D\">\n\t\t\t\t\t<div class=\"e-gallery-image elementor-gallery-item__image\" data-thumbnail=\"https:\/\/tumkad.org.tr\/wp-content\/uploads\/2025\/04\/2022-sponsorlar-4-300x294.jpg\" data-width=\"300\" data-height=\"294\" aria-label=\"\" role=\"img\" ><\/div>\n\t\t\t\t\t\t\t\t\t\t\t<div class=\"elementor-gallery-item__overlay\"><\/div>\n\t\t\t\t\t\t\t\t\t\t\t\t\t\t<\/a>\n\t\t\t\t\t<\/div>\n\t\t\t\t\t<\/div>\n\t\t\t\t<\/div>\n\t\t\t\t\t<\/div>\n\t\t<\/div>\n\t\t\t\t<div class=\"elementor-column elementor-col-33 elementor-inner-column elementor-element elementor-element-5d8b01c\" data-id=\"5d8b01c\" data-element_type=\"column\" data-settings=\"{&quot;background_background&quot;:&quot;classic&quot;}\">\n\t\t\t<div class=\"elementor-widget-wrap elementor-element-populated\">\n\t\t\t\t\t\t<div class=\"elementor-element elementor-element-0a259b9 elementor-widget elementor-widget-global elementor-global-1319 elementor-widget-heading\" data-id=\"0a259b9\" data-element_type=\"widget\" data-widget_type=\"heading.default\">\n\t\t\t\t<div class=\"elementor-widget-container\">\n\t\t\t\t\t<h4 class=\"elementor-heading-title elementor-size-default\">D\u00fcnya Kad\u0131n M\u00fchendisler G\u00fcn\u00fc<\/h4>\t\t\t\t<\/div>\n\t\t\t\t<\/div>\n\t\t\t\t<div class=\"elementor-element elementor-element-733cc84 elementor-nav-menu__text-align-aside elementor-widget elementor-widget-global elementor-global-2005 elementor-widget-nav-menu\" data-id=\"733cc84\" data-element_type=\"widget\" data-settings=\"{&quot;layout&quot;:&quot;dropdown&quot;,&quot;submenu_icon&quot;:{&quot;value&quot;:&quot;fas fa-angle-down&quot;,&quot;library&quot;:&quot;fa-solid&quot;}}\" data-widget_type=\"nav-menu.default\">\n\t\t\t\t<div class=\"elementor-widget-container\">\n\t\t\t\t\t\t\t\t<nav class=\"elementor-nav-menu--dropdown elementor-nav-menu__container\" aria-hidden=\"true\">\n\t\t\t\t<ul id=\"menu-2-733cc84\" class=\"elementor-nav-menu\"><li class=\"menu-item menu-item-type-post_type menu-item-object-page menu-item-has-children menu-item-1969\"><a href=\"https:\/\/tumkad.org.tr\/en\/dunya-kadin-muhendisler-gunu\/2022-guclu-kadin-guclu-gelecek\/\" class=\"elementor-item\" tabindex=\"-1\">2022 \u2013 G\u00fc\u00e7l\u00fc Kad\u0131n G\u00fc\u00e7l\u00fc Gelecek<\/a>\n<ul class=\"sub-menu elementor-nav-menu--dropdown\">\n\t<li class=\"menu-item menu-item-type-post_type menu-item-object-page menu-item-1972\"><a href=\"https:\/\/tumkad.org.tr\/en\/dunya-kadin-muhendisler-gunu\/2022-guclu-kadin-guclu-gelecek\/2022-guclu-kadin-guclu-gelecek-sponsorlarimiz\/\" class=\"elementor-sub-item\" tabindex=\"-1\">Sponsorlar\u0131m\u0131z<\/a><\/li>\n\t<li class=\"menu-item menu-item-type-post_type menu-item-object-page menu-item-1971\"><a href=\"https:\/\/tumkad.org.tr\/en\/dunya-kadin-muhendisler-gunu\/2022-guclu-kadin-guclu-gelecek\/2022-guclu-kadin-guclu-gelecek-program-akisi-ve-sponsorlar\/\" class=\"elementor-sub-item\" tabindex=\"-1\">Program Ak\u0131\u015f\u0131 ve Konu\u015fmac\u0131lar<\/a><\/li>\n\t<li class=\"menu-item menu-item-type-post_type menu-item-object-page menu-item-1973\"><a href=\"https:\/\/tumkad.org.tr\/en\/dunya-kadin-muhendisler-gunu\/2022-guclu-kadin-guclu-gelecek\/2022-guclu-kadin-guclu-gelecek-video\/\" class=\"elementor-sub-item\" tabindex=\"-1\">Videolar<\/a><\/li>\n\t<li class=\"menu-item menu-item-type-post_type menu-item-object-page menu-item-1970\"><a href=\"https:\/\/tumkad.org.tr\/en\/dunya-kadin-muhendisler-gunu\/2022-guclu-kadin-guclu-gelecek\/2022-guclu-kadin-guclu-gelecek-konferans-fotograflari\/\" class=\"elementor-sub-item\" tabindex=\"-1\">Konferans Foto\u011fraflar\u0131<\/a><\/li>\n<\/ul>\n<\/li>\n<li class=\"menu-item menu-item-type-post_type menu-item-object-page menu-item-has-children menu-item-1974\"><a href=\"https:\/\/tumkad.org.tr\/en\/dunya-kadin-muhendisler-gunu\/2023-surdurulebilir-100-yil-icin-muhendislikte-kadin\/\" class=\"elementor-item\" tabindex=\"-1\">2023 \u2013 S\u00fcrd\u00fcr\u00fclebilir 100 y\u0131l i\u00e7in M\u00fchendislikte Kad\u0131n<\/a>\n<ul class=\"sub-menu elementor-nav-menu--dropdown\">\n\t<li class=\"menu-item menu-item-type-post_type menu-item-object-page menu-item-2254\"><a href=\"https:\/\/tumkad.org.tr\/en\/dunya-kadin-muhendisler-gunu\/2023-surdurulebilir-100-yil-icin-muhendislikte-kadin\/2023-surdurulebilir-100-yil-icin-muhendislikte-kadin-sponsorlarimiz\/\" class=\"elementor-sub-item\" tabindex=\"-1\">Sponsorlar\u0131m\u0131z<\/a><\/li>\n\t<li class=\"menu-item menu-item-type-post_type menu-item-object-page menu-item-2253\"><a href=\"https:\/\/tumkad.org.tr\/en\/dunya-kadin-muhendisler-gunu\/2023-surdurulebilir-100-yil-icin-muhendislikte-kadin\/2023-surdurulebilir-100-yil-icin-muhendislikte-kadin-program-akisi-ve-konusmacilar\/\" class=\"elementor-sub-item\" tabindex=\"-1\">Program Ak\u0131\u015f\u0131 ve Konu\u015fmac\u0131lar<\/a><\/li>\n\t<li class=\"menu-item menu-item-type-post_type menu-item-object-page menu-item-2255\"><a href=\"https:\/\/tumkad.org.tr\/en\/dunya-kadin-muhendisler-gunu\/2023-surdurulebilir-100-yil-icin-muhendislikte-kadin\/2023-surdurulebilir-100-yil-icin-muhendislikte-kadin-videolar\/\" class=\"elementor-sub-item\" tabindex=\"-1\">Videolar<\/a><\/li>\n\t<li class=\"menu-item menu-item-type-post_type menu-item-object-page menu-item-2252\"><a href=\"https:\/\/tumkad.org.tr\/en\/dunya-kadin-muhendisler-gunu\/2023-surdurulebilir-100-yil-icin-muhendislikte-kadin\/2023-surdurulebilir-100-yil-icin-muhendislikte-kadin-konferans-fotograflari\/\" class=\"elementor-sub-item\" tabindex=\"-1\">Konferans Foto\u011fraflar\u0131<\/a><\/li>\n<\/ul>\n<\/li>\n<li class=\"menu-item menu-item-type-post_type menu-item-object-page menu-item-has-children menu-item-1975\"><a href=\"https:\/\/tumkad.org.tr\/en\/dunya-kadin-muhendisler-gunu\/2024-muhendislikle-guclenen-dunya\/\" class=\"elementor-item\" tabindex=\"-1\">2024 \u2013 M\u00fchendislikle G\u00fc\u00e7lenen D\u00fcnya<\/a>\n<ul class=\"sub-menu elementor-nav-menu--dropdown\">\n\t<li class=\"menu-item menu-item-type-post_type menu-item-object-page menu-item-2258\"><a href=\"https:\/\/tumkad.org.tr\/en\/dunya-kadin-muhendisler-gunu\/2024-muhendislikle-guclenen-dunya\/2024-muhendislikle-guclenen-dunya-sponsorlarimiz\/\" class=\"elementor-sub-item\" tabindex=\"-1\">Sponsorlar\u0131m\u0131z<\/a><\/li>\n\t<li class=\"menu-item menu-item-type-post_type menu-item-object-page menu-item-2257\"><a href=\"https:\/\/tumkad.org.tr\/en\/dunya-kadin-muhendisler-gunu\/2024-muhendislikle-guclenen-dunya\/2024-muhendislikle-guclenen-dunya-program-akisi-ve-konusmacilarimiz\/\" class=\"elementor-sub-item\" tabindex=\"-1\">Program Ak\u0131\u015f\u0131 ve Konu\u015fmac\u0131lar\u0131m\u0131z<\/a><\/li>\n\t<li class=\"menu-item menu-item-type-post_type menu-item-object-page menu-item-2259\"><a href=\"https:\/\/tumkad.org.tr\/en\/dunya-kadin-muhendisler-gunu\/2024-muhendislikle-guclenen-dunya\/2024-muhendislikle-guclenen-dunya-videolar\/\" class=\"elementor-sub-item\" tabindex=\"-1\">Videolar<\/a><\/li>\n\t<li class=\"menu-item menu-item-type-post_type menu-item-object-page menu-item-2256\"><a href=\"https:\/\/tumkad.org.tr\/en\/dunya-kadin-muhendisler-gunu\/2024-muhendislikle-guclenen-dunya\/2024-muhendislikle-guclenen-dunya-konferans-fotograflari\/\" class=\"elementor-sub-item\" tabindex=\"-1\">Konferans Foto\u011fraflar\u0131<\/a><\/li>\n<\/ul>\n<\/li>\n<li class=\"menu-item menu-item-type-post_type menu-item-object-page menu-item-1976\"><a href=\"https:\/\/tumkad.org.tr\/en\/dunya-kadin-muhendisler-gunu\/2025-muhendislikte-is-birligi-gucu\/\" class=\"elementor-item\" tabindex=\"-1\">2025 \u2013 M\u00fchendislikte \u0130\u015f Birli\u011fi G\u00fcc\u00fc<\/a><\/li>\n<\/ul>\t\t\t<\/nav>\n\t\t\t\t\t\t<\/div>\n\t\t\t\t<\/div>\n\t\t\t\t\t<\/div>\n\t\t<\/div>\n\t\t\t\t\t<\/div>\n\t\t<\/section>\n\t\t\t\t\t<\/div>\n\t\t<\/div>\n\t\t\t\t\t<\/div>\n\t\t<\/section>\n\t\t\t\t<\/div>","protected":false},"excerpt":{"rendered":"<p>2022- G\u00fc\u00e7l\u00fc Kad\u0131n, G\u00fc\u00e7l\u00fc Gelecek SPONSORLARIMIZ D\u00fcnya Kad\u0131n M\u00fchendisler G\u00fcn\u00fc<\/p>","protected":false},"author":1,"featured_media":0,"parent":1038,"menu_order":0,"comment_status":"closed","ping_status":"closed","template":"elementor_header_footer","meta":{"footnotes":""},"class_list":["post-1898","page","type-page","status-publish","hentry"],"_links":{"self":[{"href":"https:\/\/tumkad.org.tr\/en\/wp-json\/wp\/v2\/pages\/1898","targetHints":{"allow":["GET"]}}],"collection":[{"href":"https:\/\/tumkad.org.tr\/en\/wp-json\/wp\/v2\/pages"}],"about":[{"href":"https:\/\/tumkad.org.tr\/en\/wp-json\/wp\/v2\/types\/page"}],"author":[{"embeddable":true,"href":"https:\/\/tumkad.org.tr\/en\/wp-json\/wp\/v2\/users\/1"}],"replies":[{"embeddable":true,"href":"https:\/\/tumkad.org.tr\/en\/wp-json\/wp\/v2\/comments?post=1898"}],"version-history":[{"count":22,"href":"https:\/\/tumkad.org.tr\/en\/wp-json\/wp\/v2\/pages\/1898\/revisions"}],"predecessor-version":[{"id":2148,"href":"https:\/\/tumkad.org.tr\/en\/wp-json\/wp\/v2\/pages\/1898\/revisions\/2148"}],"up":[{"embeddable":true,"href":"https:\/\/tumkad.org.tr\/en\/wp-json\/wp\/v2\/pages\/1038"}],"wp:attachment":[{"href":"https:\/\/tumkad.org.tr\/en\/wp-json\/wp\/v2\/media?parent=1898"}],"curies":[{"name":"wp","href":"https:\/\/api.w.org\/{rel}","templated":true}]}}