{"id":206,"date":"2024-11-04T01:21:54","date_gmt":"2024-11-03T22:21:54","guid":{"rendered":"https:\/\/test1.tumkad.org.tr\/?page_id=206"},"modified":"2025-04-19T09:25:46","modified_gmt":"2025-04-19T06:25:46","slug":"genc-mimozalar","status":"publish","type":"page","link":"https:\/\/tumkad.org.tr\/en\/organizasyon\/genc-mimozalar\/","title":{"rendered":"Gen\u00e7 Mimozalar"},"content":{"rendered":"<div data-elementor-type=\"wp-page\" data-elementor-id=\"206\" class=\"elementor elementor-206\" data-elementor-post-type=\"page\">\n\t\t\t\t\t\t<section class=\"elementor-section elementor-top-section elementor-element elementor-element-4b8aff4b elementor-section-height-min-height elementor-section-boxed elementor-section-height-default elementor-section-items-middle\" data-id=\"4b8aff4b\" data-element_type=\"section\" data-settings=\"{&quot;background_background&quot;:&quot;classic&quot;}\">\n\t\t\t\t\t\t\t<div class=\"elementor-background-overlay\"><\/div>\n\t\t\t\t\t\t\t<div class=\"elementor-container elementor-column-gap-default\">\n\t\t\t\t\t<div class=\"elementor-column elementor-col-100 elementor-top-column elementor-element elementor-element-caf42b5\" data-id=\"caf42b5\" data-element_type=\"column\">\n\t\t\t<div class=\"elementor-widget-wrap elementor-element-populated\">\n\t\t\t\t\t\t<div class=\"elementor-element elementor-element-5213b243 elementor-widget elementor-widget-heading\" data-id=\"5213b243\" data-element_type=\"widget\" data-widget_type=\"heading.default\">\n\t\t\t\t<div class=\"elementor-widget-container\">\n\t\t\t\t\t<h3 class=\"elementor-heading-title elementor-size-default\">Gen\u00e7 Mimozalar<\/h3>\t\t\t\t<\/div>\n\t\t\t\t<\/div>\n\t\t\t\t\t<\/div>\n\t\t<\/div>\n\t\t\t\t\t<\/div>\n\t\t<\/section>\n\t\t\t\t<section class=\"elementor-section elementor-top-section elementor-element elementor-element-f4bc7b0 elementor-section-boxed elementor-section-height-default elementor-section-height-default\" data-id=\"f4bc7b0\" data-element_type=\"section\" data-settings=\"{&quot;background_background&quot;:&quot;classic&quot;}\">\n\t\t\t\t\t\t<div class=\"elementor-container elementor-column-gap-default\">\n\t\t\t\t\t<div class=\"elementor-column elementor-col-100 elementor-top-column elementor-element elementor-element-4600cdf9\" data-id=\"4600cdf9\" data-element_type=\"column\">\n\t\t\t<div class=\"elementor-widget-wrap elementor-element-populated\">\n\t\t\t\t\t\t<div class=\"elementor-element elementor-element-5ee93574 elementor-widget elementor-widget-heading\" data-id=\"5ee93574\" data-element_type=\"widget\" data-widget_type=\"heading.default\">\n\t\t\t\t<div class=\"elementor-widget-container\">\n\t\t\t\t\t<h3 class=\"elementor-heading-title elementor-size-default\">haz\u0131rlan\u0131yor...<\/h3>\t\t\t\t<\/div>\n\t\t\t\t<\/div>\n\t\t\t\t<section class=\"elementor-section elementor-inner-section elementor-element elementor-element-2cfbd46e elementor-hidden-desktop elementor-hidden-tablet elementor-hidden-mobile elementor-section-boxed elementor-section-height-default elementor-section-height-default\" data-id=\"2cfbd46e\" data-element_type=\"section\">\n\t\t\t\t\t\t<div class=\"elementor-container elementor-column-gap-default\">\n\t\t\t\t\t<div class=\"elementor-column elementor-col-20 elementor-inner-column elementor-element elementor-element-7407da85\" data-id=\"7407da85\" data-element_type=\"column\">\n\t\t\t<div class=\"elementor-widget-wrap elementor-element-populated\">\n\t\t\t\t\t\t<div class=\"elementor-element elementor-element-1b81103c elementor-widget elementor-widget-image\" data-id=\"1b81103c\" data-element_type=\"widget\" data-widget_type=\"image.default\">\n\t\t\t\t<div class=\"elementor-widget-container\">\n\t\t\t\t\t\t\t\t\t\t\t\t\t\t\t<img fetchpriority=\"high\" decoding=\"async\" width=\"400\" height=\"400\" src=\"https:\/\/tumkad.org.tr\/wp-content\/uploads\/2024\/11\/ulfet-ozturk.jpg\" class=\"attachment-full size-full wp-image-168\" alt=\"ulfet-ozturk\" srcset=\"https:\/\/tumkad.org.tr\/wp-content\/uploads\/2024\/11\/ulfet-ozturk.jpg 400w, https:\/\/tumkad.org.tr\/wp-content\/uploads\/2024\/11\/elementor\/thumbs\/ulfet-ozturk-qwj6z6lmlvtzijggxfferpxllzxc1cx0z9qj2ylj94.jpg 300w, https:\/\/tumkad.org.tr\/wp-content\/uploads\/2024\/11\/ulfet-ozturk-150x150.jpg 150w\" sizes=\"(max-width: 400px) 100vw, 400px\" \/>\t\t\t\t\t\t\t\t\t\t\t\t\t\t\t<\/div>\n\t\t\t\t<\/div>\n\t\t\t\t<div class=\"elementor-element elementor-element-a2cc8cb elementor-widget elementor-widget-heading\" data-id=\"a2cc8cb\" data-element_type=\"widget\" data-widget_type=\"heading.default\">\n\t\t\t\t<div class=\"elementor-widget-container\">\n\t\t\t\t\t<h4 class=\"elementor-heading-title elementor-size-default\">\u00dclfet \u00d6zt\u00fcrk<\/h4>\t\t\t\t<\/div>\n\t\t\t\t<\/div>\n\t\t\t\t<div class=\"elementor-element elementor-element-28bac790 elementor-widget elementor-widget-heading\" data-id=\"28bac790\" data-element_type=\"widget\" data-widget_type=\"heading.default\">\n\t\t\t\t<div class=\"elementor-widget-container\">\n\t\t\t\t\t<p class=\"elementor-heading-title elementor-size-default\">Kurucu \u00dcye<\/p>\t\t\t\t<\/div>\n\t\t\t\t<\/div>\n\t\t\t\t\t<\/div>\n\t\t<\/div>\n\t\t\t\t<div class=\"elementor-column elementor-col-20 elementor-inner-column elementor-element elementor-element-718f955a\" data-id=\"718f955a\" data-element_type=\"column\">\n\t\t\t<div class=\"elementor-widget-wrap elementor-element-populated\">\n\t\t\t\t\t\t<div class=\"elementor-element elementor-element-105eab5 elementor-widget elementor-widget-image\" data-id=\"105eab5\" data-element_type=\"widget\" data-widget_type=\"image.default\">\n\t\t\t\t<div class=\"elementor-widget-container\">\n\t\t\t\t\t\t\t\t\t\t\t\t\t\t\t<img decoding=\"async\" width=\"400\" height=\"400\" src=\"https:\/\/tumkad.org.tr\/wp-content\/uploads\/2024\/11\/funda-geyimer.jpg\" class=\"attachment-large size-large wp-image-164\" alt=\"Funda Geyimer\" srcset=\"https:\/\/tumkad.org.tr\/wp-content\/uploads\/2024\/11\/funda-geyimer.jpg 400w, https:\/\/tumkad.org.tr\/wp-content\/uploads\/2024\/11\/funda-geyimer-300x300.jpg 300w, https:\/\/tumkad.org.tr\/wp-content\/uploads\/2024\/11\/funda-geyimer-150x150.jpg 150w\" sizes=\"(max-width: 400px) 100vw, 400px\" \/>\t\t\t\t\t\t\t\t\t\t\t\t\t\t\t<\/div>\n\t\t\t\t<\/div>\n\t\t\t\t<div class=\"elementor-element elementor-element-323a5ec1 elementor-widget elementor-widget-heading\" data-id=\"323a5ec1\" data-element_type=\"widget\" data-widget_type=\"heading.default\">\n\t\t\t\t<div class=\"elementor-widget-container\">\n\t\t\t\t\t<h4 class=\"elementor-heading-title elementor-size-default\">Funda Geyimer<\/h4>\t\t\t\t<\/div>\n\t\t\t\t<\/div>\n\t\t\t\t<div class=\"elementor-element elementor-element-261563d3 elementor-widget elementor-widget-heading\" data-id=\"261563d3\" data-element_type=\"widget\" data-widget_type=\"heading.default\">\n\t\t\t\t<div class=\"elementor-widget-container\">\n\t\t\t\t\t<p class=\"elementor-heading-title elementor-size-default\">Kurucu \u00dcye<\/p>\t\t\t\t<\/div>\n\t\t\t\t<\/div>\n\t\t\t\t\t<\/div>\n\t\t<\/div>\n\t\t\t\t<div class=\"elementor-column elementor-col-20 elementor-inner-column elementor-element elementor-element-206e0702\" data-id=\"206e0702\" data-element_type=\"column\">\n\t\t\t<div class=\"elementor-widget-wrap elementor-element-populated\">\n\t\t\t\t\t\t<div class=\"elementor-element elementor-element-6dfd92bf elementor-widget elementor-widget-image\" data-id=\"6dfd92bf\" data-element_type=\"widget\" data-widget_type=\"image.default\">\n\t\t\t\t<div class=\"elementor-widget-container\">\n\t\t\t\t\t\t\t\t\t\t\t\t\t\t\t<img decoding=\"async\" width=\"400\" height=\"400\" src=\"https:\/\/tumkad.org.tr\/wp-content\/uploads\/2024\/11\/busra-henden.jpg\" class=\"attachment-large size-large wp-image-162\" alt=\"B\u00fc\u015fra Henden Ramazano\u011flu\" srcset=\"https:\/\/tumkad.org.tr\/wp-content\/uploads\/2024\/11\/busra-henden.jpg 400w, https:\/\/tumkad.org.tr\/wp-content\/uploads\/2024\/11\/busra-henden-300x300.jpg 300w, https:\/\/tumkad.org.tr\/wp-content\/uploads\/2024\/11\/busra-henden-150x150.jpg 150w\" sizes=\"(max-width: 400px) 100vw, 400px\" \/>\t\t\t\t\t\t\t\t\t\t\t\t\t\t\t<\/div>\n\t\t\t\t<\/div>\n\t\t\t\t<div class=\"elementor-element elementor-element-5cd1c953 elementor-widget elementor-widget-heading\" data-id=\"5cd1c953\" data-element_type=\"widget\" data-widget_type=\"heading.default\">\n\t\t\t\t<div class=\"elementor-widget-container\">\n\t\t\t\t\t<h4 class=\"elementor-heading-title elementor-size-default\">B\u00fc\u015fra Henden Ramazano\u011flu<\/h4>\t\t\t\t<\/div>\n\t\t\t\t<\/div>\n\t\t\t\t<div class=\"elementor-element elementor-element-51f51a6a elementor-widget elementor-widget-heading\" data-id=\"51f51a6a\" data-element_type=\"widget\" data-widget_type=\"heading.default\">\n\t\t\t\t<div class=\"elementor-widget-container\">\n\t\t\t\t\t<p class=\"elementor-heading-title elementor-size-default\">Kurucu \u00dcye<\/p>\t\t\t\t<\/div>\n\t\t\t\t<\/div>\n\t\t\t\t\t<\/div>\n\t\t<\/div>\n\t\t\t\t<div class=\"elementor-column elementor-col-20 elementor-inner-column elementor-element elementor-element-602f3285\" data-id=\"602f3285\" data-element_type=\"column\">\n\t\t\t<div class=\"elementor-widget-wrap elementor-element-populated\">\n\t\t\t\t\t\t<div class=\"elementor-element elementor-element-4962a214 elementor-widget elementor-widget-image\" data-id=\"4962a214\" data-element_type=\"widget\" data-widget_type=\"image.default\">\n\t\t\t\t<div class=\"elementor-widget-container\">\n\t\t\t\t\t\t\t\t\t\t\t\t\t\t\t<img loading=\"lazy\" decoding=\"async\" width=\"400\" height=\"400\" src=\"https:\/\/tumkad.org.tr\/wp-content\/uploads\/2024\/11\/neslihan-ozer.jpg\" class=\"attachment-large size-large wp-image-166\" alt=\"Neslihan \u00d6zer\" srcset=\"https:\/\/tumkad.org.tr\/wp-content\/uploads\/2024\/11\/neslihan-ozer.jpg 400w, https:\/\/tumkad.org.tr\/wp-content\/uploads\/2024\/11\/neslihan-ozer-300x300.jpg 300w, https:\/\/tumkad.org.tr\/wp-content\/uploads\/2024\/11\/neslihan-ozer-150x150.jpg 150w\" sizes=\"(max-width: 400px) 100vw, 400px\" \/>\t\t\t\t\t\t\t\t\t\t\t\t\t\t\t<\/div>\n\t\t\t\t<\/div>\n\t\t\t\t<div class=\"elementor-element elementor-element-280c02b9 elementor-widget elementor-widget-heading\" data-id=\"280c02b9\" data-element_type=\"widget\" data-widget_type=\"heading.default\">\n\t\t\t\t<div class=\"elementor-widget-container\">\n\t\t\t\t\t<h4 class=\"elementor-heading-title elementor-size-default\">Neslihan \u00d6zer<\/h4>\t\t\t\t<\/div>\n\t\t\t\t<\/div>\n\t\t\t\t<div class=\"elementor-element elementor-element-7a42d84b elementor-widget elementor-widget-heading\" data-id=\"7a42d84b\" data-element_type=\"widget\" data-widget_type=\"heading.default\">\n\t\t\t\t<div class=\"elementor-widget-container\">\n\t\t\t\t\t<p class=\"elementor-heading-title elementor-size-default\">Kurucu \u00dcye<\/p>\t\t\t\t<\/div>\n\t\t\t\t<\/div>\n\t\t\t\t\t<\/div>\n\t\t<\/div>\n\t\t\t\t<div class=\"elementor-column elementor-col-20 elementor-inner-column elementor-element elementor-element-4cc9d369\" data-id=\"4cc9d369\" data-element_type=\"column\">\n\t\t\t<div class=\"elementor-widget-wrap elementor-element-populated\">\n\t\t\t\t\t\t<div class=\"elementor-element elementor-element-f2f2bd8 elementor-widget elementor-widget-image\" data-id=\"f2f2bd8\" data-element_type=\"widget\" data-widget_type=\"image.default\">\n\t\t\t\t<div class=\"elementor-widget-container\">\n\t\t\t\t\t\t\t\t\t\t\t\t\t\t\t<img loading=\"lazy\" decoding=\"async\" width=\"400\" height=\"400\" src=\"https:\/\/tumkad.org.tr\/wp-content\/uploads\/2024\/11\/gokcen-demir.jpg\" class=\"attachment-large size-large wp-image-165\" alt=\"G\u00f6k\u00e7en Demir Kodaman\" srcset=\"https:\/\/tumkad.org.tr\/wp-content\/uploads\/2024\/11\/gokcen-demir.jpg 400w, https:\/\/tumkad.org.tr\/wp-content\/uploads\/2024\/11\/gokcen-demir-300x300.jpg 300w, https:\/\/tumkad.org.tr\/wp-content\/uploads\/2024\/11\/gokcen-demir-150x150.jpg 150w\" sizes=\"(max-width: 400px) 100vw, 400px\" \/>\t\t\t\t\t\t\t\t\t\t\t\t\t\t\t<\/div>\n\t\t\t\t<\/div>\n\t\t\t\t<div class=\"elementor-element elementor-element-7e6866e5 elementor-widget elementor-widget-heading\" data-id=\"7e6866e5\" data-element_type=\"widget\" data-widget_type=\"heading.default\">\n\t\t\t\t<div class=\"elementor-widget-container\">\n\t\t\t\t\t<h4 class=\"elementor-heading-title elementor-size-default\">G\u00f6k\u00e7en Demir Kodaman\n<\/h4>\t\t\t\t<\/div>\n\t\t\t\t<\/div>\n\t\t\t\t<div class=\"elementor-element elementor-element-160fedd elementor-widget elementor-widget-heading\" data-id=\"160fedd\" data-element_type=\"widget\" data-widget_type=\"heading.default\">\n\t\t\t\t<div class=\"elementor-widget-container\">\n\t\t\t\t\t<p class=\"elementor-heading-title elementor-size-default\">Kurucu \u00dcye<\/p>\t\t\t\t<\/div>\n\t\t\t\t<\/div>\n\t\t\t\t\t<\/div>\n\t\t<\/div>\n\t\t\t\t\t<\/div>\n\t\t<\/section>\n\t\t\t\t<div class=\"elementor-element elementor-element-58e99d65 elementor-widget elementor-widget-spacer\" data-id=\"58e99d65\" data-element_type=\"widget\" data-widget_type=\"spacer.default\">\n\t\t\t\t<div class=\"elementor-widget-container\">\n\t\t\t\t\t\t\t<div class=\"elementor-spacer\">\n\t\t\t<div class=\"elementor-spacer-inner\"><\/div>\n\t\t<\/div>\n\t\t\t\t\t\t<\/div>\n\t\t\t\t<\/div>\n\t\t\t\t\t<\/div>\n\t\t<\/div>\n\t\t\t\t\t<\/div>\n\t\t<\/section>\n\t\t\t\t<\/div>","protected":false},"excerpt":{"rendered":"<p>Gen\u00e7 Mimozalar haz\u0131rlan\u0131yor&#8230; \u00dclfet \u00d6zt\u00fcrk Kurucu \u00dcye Funda Geyimer Kurucu \u00dcye B\u00fc\u015fra Henden Ramazano\u011flu Kurucu \u00dcye Neslihan \u00d6zer Kurucu \u00dcye G\u00f6k\u00e7en Demir Kodaman Kurucu \u00dcye<\/p>","protected":false},"author":1,"featured_media":0,"parent":143,"menu_order":0,"comment_status":"closed","ping_status":"closed","template":"elementor_header_footer","meta":{"footnotes":""},"class_list":["post-206","page","type-page","status-publish","hentry"],"_links":{"self":[{"href":"https:\/\/tumkad.org.tr\/en\/wp-json\/wp\/v2\/pages\/206","targetHints":{"allow":["GET"]}}],"collection":[{"href":"https:\/\/tumkad.org.tr\/en\/wp-json\/wp\/v2\/pages"}],"about":[{"href":"https:\/\/tumkad.org.tr\/en\/wp-json\/wp\/v2\/types\/page"}],"author":[{"embeddable":true,"href":"https:\/\/tumkad.org.tr\/en\/wp-json\/wp\/v2\/users\/1"}],"replies":[{"embeddable":true,"href":"https:\/\/tumkad.org.tr\/en\/wp-json\/wp\/v2\/comments?post=206"}],"version-history":[{"count":7,"href":"https:\/\/tumkad.org.tr\/en\/wp-json\/wp\/v2\/pages\/206\/revisions"}],"predecessor-version":[{"id":2262,"href":"https:\/\/tumkad.org.tr\/en\/wp-json\/wp\/v2\/pages\/206\/revisions\/2262"}],"up":[{"embeddable":true,"href":"https:\/\/tumkad.org.tr\/en\/wp-json\/wp\/v2\/pages\/143"}],"wp:attachment":[{"href":"https:\/\/tumkad.org.tr\/en\/wp-json\/wp\/v2\/media?parent=206"}],"curies":[{"name":"wp","href":"https:\/\/api.w.org\/{rel}","templated":true}]}}