{"id":2204,"date":"2025-04-19T08:27:13","date_gmt":"2025-04-19T05:27:13","guid":{"rendered":"https:\/\/tumkad.org.tr\/?page_id=2204"},"modified":"2025-04-19T08:29:00","modified_gmt":"2025-04-19T05:29:00","slug":"2023-surdurulebilir-100-yil-icin-muhendislikte-kadin-videolar","status":"publish","type":"page","link":"https:\/\/tumkad.org.tr\/en\/dunya-kadin-muhendisler-gunu\/2023-surdurulebilir-100-yil-icin-muhendislikte-kadin\/2023-surdurulebilir-100-yil-icin-muhendislikte-kadin-videolar\/","title":{"rendered":"2023 &#8211; S\u00fcrd\u00fcr\u00fclebilir 100 Y\u0131l \u0130\u00e7in M\u00fchendislikte Kad\u0131n &#8211; Videolar"},"content":{"rendered":"<div data-elementor-type=\"wp-page\" data-elementor-id=\"2204\" class=\"elementor elementor-2204\" data-elementor-post-type=\"page\">\n\t\t\t\t\t\t<section class=\"elementor-section elementor-top-section elementor-element elementor-element-721f608a elementor-section-height-min-height elementor-section-boxed elementor-section-height-default elementor-section-items-middle\" data-id=\"721f608a\" data-element_type=\"section\" data-settings=\"{&quot;background_background&quot;:&quot;classic&quot;}\">\n\t\t\t\t\t\t\t<div class=\"elementor-background-overlay\"><\/div>\n\t\t\t\t\t\t\t<div class=\"elementor-container elementor-column-gap-default\">\n\t\t\t\t\t<div class=\"elementor-column elementor-col-100 elementor-top-column elementor-element elementor-element-78d5946f\" data-id=\"78d5946f\" data-element_type=\"column\">\n\t\t\t<div class=\"elementor-widget-wrap elementor-element-populated\">\n\t\t\t\t\t\t\t<\/div>\n\t\t<\/div>\n\t\t\t\t\t<\/div>\n\t\t<\/section>\n\t\t\t\t<section class=\"elementor-section elementor-top-section elementor-element elementor-element-7298f299 elementor-section-boxed elementor-section-height-default elementor-section-height-default\" data-id=\"7298f299\" data-element_type=\"section\">\n\t\t\t\t\t\t<div class=\"elementor-container elementor-column-gap-default\">\n\t\t\t\t\t<div class=\"elementor-column elementor-col-100 elementor-top-column elementor-element elementor-element-688f09ee\" data-id=\"688f09ee\" data-element_type=\"column\">\n\t\t\t<div class=\"elementor-widget-wrap elementor-element-populated\">\n\t\t\t\t\t\t<section class=\"elementor-section elementor-inner-section elementor-element elementor-element-79dd2074 elementor-section-boxed elementor-section-height-default elementor-section-height-default\" data-id=\"79dd2074\" data-element_type=\"section\">\n\t\t\t\t\t\t<div class=\"elementor-container elementor-column-gap-default\">\n\t\t\t\t\t<div class=\"elementor-column elementor-col-66 elementor-inner-column elementor-element elementor-element-354d90f7\" data-id=\"354d90f7\" data-element_type=\"column\">\n\t\t\t<div class=\"elementor-widget-wrap elementor-element-populated\">\n\t\t\t\t\t\t<div class=\"elementor-element elementor-element-1fdf3008 elementor-widget elementor-widget-heading\" data-id=\"1fdf3008\" data-element_type=\"widget\" data-widget_type=\"heading.default\">\n\t\t\t\t<div class=\"elementor-widget-container\">\n\t\t\t\t\t<h4 class=\"elementor-heading-title elementor-size-default\">2023 - S\u00fcrd\u00fcr\u00fclebilir 100 Y\u0131l \u0130\u00e7in M\u00fchendislikte Kad\u0131n<\/h4>\t\t\t\t<\/div>\n\t\t\t\t<\/div>\n\t\t\t\t<div class=\"elementor-element elementor-element-709da449 elementor-widget elementor-widget-text-editor\" data-id=\"709da449\" data-element_type=\"widget\" data-widget_type=\"text-editor.default\">\n\t\t\t\t<div class=\"elementor-widget-container\">\n\t\t\t\t\t\t\t\t\t<p>V\u0130DEOLAR<\/p>\t\t\t\t\t\t\t\t<\/div>\n\t\t\t\t<\/div>\n\t\t\t\t<div class=\"elementor-element elementor-element-69e661be elementor-widget elementor-widget-text-editor\" data-id=\"69e661be\" data-element_type=\"widget\" data-widget_type=\"text-editor.default\">\n\t\t\t\t<div class=\"elementor-widget-container\">\n\t\t\t\t\t\t\t\t\t<p>Tan\u0131t\u0131m Videosu<\/p>\t\t\t\t\t\t\t\t<\/div>\n\t\t\t\t<\/div>\n\t\t\t\t<div class=\"elementor-element elementor-element-0f79503 elementor-widget elementor-widget-video\" data-id=\"0f79503\" data-element_type=\"widget\" data-settings=\"{&quot;video_type&quot;:&quot;hosted&quot;,&quot;controls&quot;:&quot;yes&quot;}\" data-widget_type=\"video.default\">\n\t\t\t\t<div class=\"elementor-widget-container\">\n\t\t\t\t\t\t\t<div class=\"e-hosted-video elementor-wrapper elementor-open-inline\">\n\t\t\t\t\t<video class=\"elementor-video\" src=\"https:\/\/tumkad.org.tr\/wp-content\/uploads\/2025\/04\/2023-tanitim-video.mp4\" controls=\"\" preload=\"metadata\" controlslist=\"nodownload\" poster=\"https:\/\/tumkad.org.tr\/wp-content\/uploads\/2025\/04\/2023-video-gorsel2.jpg\"><\/video>\n\t\t\t\t<\/div>\n\t\t\t\t\t\t<\/div>\n\t\t\t\t<\/div>\n\t\t\t\t<div class=\"elementor-element elementor-element-49929a65 elementor-widget elementor-widget-text-editor\" data-id=\"49929a65\" data-element_type=\"widget\" data-widget_type=\"text-editor.default\">\n\t\t\t\t<div class=\"elementor-widget-container\">\n\t\t\t\t\t\t\t\t\t<p>Konferans Videosu<\/p>\t\t\t\t\t\t\t\t<\/div>\n\t\t\t\t<\/div>\n\t\t\t\t<div class=\"elementor-element elementor-element-de4eb6c elementor-widget elementor-widget-video\" data-id=\"de4eb6c\" data-element_type=\"widget\" data-settings=\"{&quot;video_type&quot;:&quot;hosted&quot;,&quot;controls&quot;:&quot;yes&quot;}\" data-widget_type=\"video.default\">\n\t\t\t\t<div class=\"elementor-widget-container\">\n\t\t\t\t\t\t\t<div class=\"e-hosted-video elementor-wrapper elementor-open-inline\">\n\t\t\t\t\t<video class=\"elementor-video\" src=\"https:\/\/tumkad.org.tr\/wp-content\/uploads\/2025\/04\/2023-konferans-video.mp4\" controls=\"\" preload=\"metadata\" controlslist=\"nodownload\" poster=\"https:\/\/tumkad.org.tr\/wp-content\/uploads\/2025\/04\/2023-video-gorsel.jpg\"><\/video>\n\t\t\t\t<\/div>\n\t\t\t\t\t\t<\/div>\n\t\t\t\t<\/div>\n\t\t\t\t\t<\/div>\n\t\t<\/div>\n\t\t\t\t<div class=\"elementor-column elementor-col-33 elementor-inner-column elementor-element elementor-element-2a1daed4\" data-id=\"2a1daed4\" data-element_type=\"column\" data-settings=\"{&quot;background_background&quot;:&quot;classic&quot;}\">\n\t\t\t<div class=\"elementor-widget-wrap elementor-element-populated\">\n\t\t\t\t\t\t<div class=\"elementor-element elementor-element-40c0a456 elementor-widget elementor-widget-global elementor-global-1319 elementor-widget-heading\" data-id=\"40c0a456\" data-element_type=\"widget\" data-widget_type=\"heading.default\">\n\t\t\t\t<div class=\"elementor-widget-container\">\n\t\t\t\t\t<h4 class=\"elementor-heading-title elementor-size-default\">D\u00fcnya Kad\u0131n M\u00fchendisler G\u00fcn\u00fc<\/h4>\t\t\t\t<\/div>\n\t\t\t\t<\/div>\n\t\t\t\t<div class=\"elementor-element elementor-element-35dcff73 elementor-nav-menu__text-align-aside elementor-widget elementor-widget-global elementor-global-2005 elementor-widget-nav-menu\" data-id=\"35dcff73\" data-element_type=\"widget\" data-settings=\"{&quot;layout&quot;:&quot;dropdown&quot;,&quot;submenu_icon&quot;:{&quot;value&quot;:&quot;fas fa-angle-down&quot;,&quot;library&quot;:&quot;fa-solid&quot;}}\" data-widget_type=\"nav-menu.default\">\n\t\t\t\t<div class=\"elementor-widget-container\">\n\t\t\t\t\t\t\t\t<nav class=\"elementor-nav-menu--dropdown elementor-nav-menu__container\" aria-hidden=\"true\">\n\t\t\t\t<ul id=\"menu-2-35dcff73\" class=\"elementor-nav-menu\"><li class=\"menu-item menu-item-type-post_type menu-item-object-page menu-item-has-children menu-item-1969\"><a href=\"https:\/\/tumkad.org.tr\/en\/dunya-kadin-muhendisler-gunu\/2022-guclu-kadin-guclu-gelecek\/\" class=\"elementor-item\" tabindex=\"-1\">2022 \u2013 G\u00fc\u00e7l\u00fc Kad\u0131n G\u00fc\u00e7l\u00fc Gelecek<\/a>\n<ul class=\"sub-menu elementor-nav-menu--dropdown\">\n\t<li class=\"menu-item menu-item-type-post_type menu-item-object-page menu-item-1972\"><a href=\"https:\/\/tumkad.org.tr\/en\/dunya-kadin-muhendisler-gunu\/2022-guclu-kadin-guclu-gelecek\/2022-guclu-kadin-guclu-gelecek-sponsorlarimiz\/\" class=\"elementor-sub-item\" tabindex=\"-1\">Sponsorlar\u0131m\u0131z<\/a><\/li>\n\t<li class=\"menu-item menu-item-type-post_type menu-item-object-page menu-item-1971\"><a href=\"https:\/\/tumkad.org.tr\/en\/dunya-kadin-muhendisler-gunu\/2022-guclu-kadin-guclu-gelecek\/2022-guclu-kadin-guclu-gelecek-program-akisi-ve-sponsorlar\/\" class=\"elementor-sub-item\" tabindex=\"-1\">Program Ak\u0131\u015f\u0131 ve Konu\u015fmac\u0131lar<\/a><\/li>\n\t<li class=\"menu-item menu-item-type-post_type menu-item-object-page menu-item-1973\"><a href=\"https:\/\/tumkad.org.tr\/en\/dunya-kadin-muhendisler-gunu\/2022-guclu-kadin-guclu-gelecek\/2022-guclu-kadin-guclu-gelecek-video\/\" class=\"elementor-sub-item\" tabindex=\"-1\">Videolar<\/a><\/li>\n\t<li class=\"menu-item menu-item-type-post_type menu-item-object-page menu-item-1970\"><a href=\"https:\/\/tumkad.org.tr\/en\/dunya-kadin-muhendisler-gunu\/2022-guclu-kadin-guclu-gelecek\/2022-guclu-kadin-guclu-gelecek-konferans-fotograflari\/\" class=\"elementor-sub-item\" tabindex=\"-1\">Konferans Foto\u011fraflar\u0131<\/a><\/li>\n<\/ul>\n<\/li>\n<li class=\"menu-item menu-item-type-post_type menu-item-object-page menu-item-has-children menu-item-1974\"><a href=\"https:\/\/tumkad.org.tr\/en\/dunya-kadin-muhendisler-gunu\/2023-surdurulebilir-100-yil-icin-muhendislikte-kadin\/\" class=\"elementor-item\" tabindex=\"-1\">2023 \u2013 S\u00fcrd\u00fcr\u00fclebilir 100 y\u0131l i\u00e7in M\u00fchendislikte Kad\u0131n<\/a>\n<ul class=\"sub-menu elementor-nav-menu--dropdown\">\n\t<li class=\"menu-item menu-item-type-post_type menu-item-object-page menu-item-2254\"><a href=\"https:\/\/tumkad.org.tr\/en\/dunya-kadin-muhendisler-gunu\/2023-surdurulebilir-100-yil-icin-muhendislikte-kadin\/2023-surdurulebilir-100-yil-icin-muhendislikte-kadin-sponsorlarimiz\/\" class=\"elementor-sub-item\" tabindex=\"-1\">Sponsorlar\u0131m\u0131z<\/a><\/li>\n\t<li class=\"menu-item menu-item-type-post_type menu-item-object-page menu-item-2253\"><a href=\"https:\/\/tumkad.org.tr\/en\/dunya-kadin-muhendisler-gunu\/2023-surdurulebilir-100-yil-icin-muhendislikte-kadin\/2023-surdurulebilir-100-yil-icin-muhendislikte-kadin-program-akisi-ve-konusmacilar\/\" class=\"elementor-sub-item\" tabindex=\"-1\">Program Ak\u0131\u015f\u0131 ve Konu\u015fmac\u0131lar<\/a><\/li>\n\t<li class=\"menu-item menu-item-type-post_type menu-item-object-page menu-item-2255\"><a href=\"https:\/\/tumkad.org.tr\/en\/dunya-kadin-muhendisler-gunu\/2023-surdurulebilir-100-yil-icin-muhendislikte-kadin\/2023-surdurulebilir-100-yil-icin-muhendislikte-kadin-videolar\/\" class=\"elementor-sub-item\" tabindex=\"-1\">Videolar<\/a><\/li>\n\t<li class=\"menu-item menu-item-type-post_type menu-item-object-page menu-item-2252\"><a href=\"https:\/\/tumkad.org.tr\/en\/dunya-kadin-muhendisler-gunu\/2023-surdurulebilir-100-yil-icin-muhendislikte-kadin\/2023-surdurulebilir-100-yil-icin-muhendislikte-kadin-konferans-fotograflari\/\" class=\"elementor-sub-item\" tabindex=\"-1\">Konferans Foto\u011fraflar\u0131<\/a><\/li>\n<\/ul>\n<\/li>\n<li class=\"menu-item menu-item-type-post_type menu-item-object-page menu-item-has-children menu-item-1975\"><a href=\"https:\/\/tumkad.org.tr\/en\/dunya-kadin-muhendisler-gunu\/2024-muhendislikle-guclenen-dunya\/\" class=\"elementor-item\" tabindex=\"-1\">2024 \u2013 M\u00fchendislikle G\u00fc\u00e7lenen D\u00fcnya<\/a>\n<ul class=\"sub-menu elementor-nav-menu--dropdown\">\n\t<li class=\"menu-item menu-item-type-post_type menu-item-object-page menu-item-2258\"><a href=\"https:\/\/tumkad.org.tr\/en\/dunya-kadin-muhendisler-gunu\/2024-muhendislikle-guclenen-dunya\/2024-muhendislikle-guclenen-dunya-sponsorlarimiz\/\" class=\"elementor-sub-item\" tabindex=\"-1\">Sponsorlar\u0131m\u0131z<\/a><\/li>\n\t<li class=\"menu-item menu-item-type-post_type menu-item-object-page menu-item-2257\"><a href=\"https:\/\/tumkad.org.tr\/en\/dunya-kadin-muhendisler-gunu\/2024-muhendislikle-guclenen-dunya\/2024-muhendislikle-guclenen-dunya-program-akisi-ve-konusmacilarimiz\/\" class=\"elementor-sub-item\" tabindex=\"-1\">Program Ak\u0131\u015f\u0131 ve Konu\u015fmac\u0131lar\u0131m\u0131z<\/a><\/li>\n\t<li class=\"menu-item menu-item-type-post_type menu-item-object-page menu-item-2259\"><a href=\"https:\/\/tumkad.org.tr\/en\/dunya-kadin-muhendisler-gunu\/2024-muhendislikle-guclenen-dunya\/2024-muhendislikle-guclenen-dunya-videolar\/\" class=\"elementor-sub-item\" tabindex=\"-1\">Videolar<\/a><\/li>\n\t<li class=\"menu-item menu-item-type-post_type menu-item-object-page menu-item-2256\"><a href=\"https:\/\/tumkad.org.tr\/en\/dunya-kadin-muhendisler-gunu\/2024-muhendislikle-guclenen-dunya\/2024-muhendislikle-guclenen-dunya-konferans-fotograflari\/\" class=\"elementor-sub-item\" tabindex=\"-1\">Konferans Foto\u011fraflar\u0131<\/a><\/li>\n<\/ul>\n<\/li>\n<li class=\"menu-item menu-item-type-post_type menu-item-object-page menu-item-1976\"><a href=\"https:\/\/tumkad.org.tr\/en\/dunya-kadin-muhendisler-gunu\/2025-muhendislikte-is-birligi-gucu\/\" class=\"elementor-item\" tabindex=\"-1\">2025 \u2013 M\u00fchendislikte \u0130\u015f Birli\u011fi G\u00fcc\u00fc<\/a><\/li>\n<\/ul>\t\t\t<\/nav>\n\t\t\t\t\t\t<\/div>\n\t\t\t\t<\/div>\n\t\t\t\t\t<\/div>\n\t\t<\/div>\n\t\t\t\t\t<\/div>\n\t\t<\/section>\n\t\t\t\t\t<\/div>\n\t\t<\/div>\n\t\t\t\t\t<\/div>\n\t\t<\/section>\n\t\t<div class=\"elementor-element elementor-element-d3ddd64 e-flex e-con-boxed e-con e-parent\" data-id=\"d3ddd64\" data-element_type=\"container\">\n\t\t\t\t\t<div class=\"e-con-inner\">\n\t\t<div class=\"elementor-element elementor-element-5c2ce72 e-con-full e-flex e-con e-child\" data-id=\"5c2ce72\" data-element_type=\"container\">\n\t\t\t\t<\/div>\n\t\t<div class=\"elementor-element elementor-element-1d313ed2 e-con-full e-flex e-con e-child\" data-id=\"1d313ed2\" data-element_type=\"container\">\n\t\t\t\t<\/div>\n\t\t\t\t\t<\/div>\n\t\t\t\t<\/div>\n\t\t\t\t<\/div>","protected":false},"excerpt":{"rendered":"<p>2023 &#8211; S\u00fcrd\u00fcr\u00fclebilir 100 Y\u0131l \u0130\u00e7in M\u00fchendislikte Kad\u0131n V\u0130DEOLAR Tan\u0131t\u0131m Videosu https:\/\/tumkad.org.tr\/wp-content\/uploads\/2025\/04\/2023-tanitim-video.mp4 Konferans Videosu https:\/\/tumkad.org.tr\/wp-content\/uploads\/2025\/04\/2023-konferans-video.mp4 D\u00fcnya Kad\u0131n M\u00fchendisler G\u00fcn\u00fc<\/p>","protected":false},"author":1,"featured_media":0,"parent":1039,"menu_order":0,"comment_status":"closed","ping_status":"closed","template":"elementor_header_footer","meta":{"footnotes":""},"class_list":["post-2204","page","type-page","status-publish","hentry"],"_links":{"self":[{"href":"https:\/\/tumkad.org.tr\/en\/wp-json\/wp\/v2\/pages\/2204","targetHints":{"allow":["GET"]}}],"collection":[{"href":"https:\/\/tumkad.org.tr\/en\/wp-json\/wp\/v2\/pages"}],"about":[{"href":"https:\/\/tumkad.org.tr\/en\/wp-json\/wp\/v2\/types\/page"}],"author":[{"embeddable":true,"href":"https:\/\/tumkad.org.tr\/en\/wp-json\/wp\/v2\/users\/1"}],"replies":[{"embeddable":true,"href":"https:\/\/tumkad.org.tr\/en\/wp-json\/wp\/v2\/comments?post=2204"}],"version-history":[{"count":4,"href":"https:\/\/tumkad.org.tr\/en\/wp-json\/wp\/v2\/pages\/2204\/revisions"}],"predecessor-version":[{"id":2211,"href":"https:\/\/tumkad.org.tr\/en\/wp-json\/wp\/v2\/pages\/2204\/revisions\/2211"}],"up":[{"embeddable":true,"href":"https:\/\/tumkad.org.tr\/en\/wp-json\/wp\/v2\/pages\/1039"}],"wp:attachment":[{"href":"https:\/\/tumkad.org.tr\/en\/wp-json\/wp\/v2\/media?parent=2204"}],"curies":[{"name":"wp","href":"https:\/\/api.w.org\/{rel}","templated":true}]}}