{"id":2222,"date":"2025-04-19T08:35:15","date_gmt":"2025-04-19T05:35:15","guid":{"rendered":"https:\/\/tumkad.org.tr\/?page_id=2222"},"modified":"2025-04-19T08:37:38","modified_gmt":"2025-04-19T05:37:38","slug":"2024-muhendislikle-guclenen-dunya-sponsorlarimiz","status":"publish","type":"page","link":"https:\/\/tumkad.org.tr\/en\/dunya-kadin-muhendisler-gunu\/2024-muhendislikle-guclenen-dunya\/2024-muhendislikle-guclenen-dunya-sponsorlarimiz\/","title":{"rendered":"2024 \u2013 M\u00fchendislikle G\u00fc\u00e7lenen D\u00fcnya &#8211; Sponsorlar\u0131m\u0131z"},"content":{"rendered":"<div data-elementor-type=\"wp-page\" data-elementor-id=\"2222\" class=\"elementor elementor-2222\" data-elementor-post-type=\"page\">\n\t\t\t\t\t\t<section class=\"elementor-section elementor-top-section elementor-element elementor-element-75b88376 elementor-section-height-min-height elementor-section-boxed elementor-section-height-default elementor-section-items-middle\" data-id=\"75b88376\" data-element_type=\"section\" data-settings=\"{&quot;background_background&quot;:&quot;classic&quot;}\">\n\t\t\t\t\t\t\t<div class=\"elementor-background-overlay\"><\/div>\n\t\t\t\t\t\t\t<div class=\"elementor-container elementor-column-gap-default\">\n\t\t\t\t\t<div class=\"elementor-column elementor-col-100 elementor-top-column elementor-element elementor-element-5f547558\" data-id=\"5f547558\" data-element_type=\"column\">\n\t\t\t<div class=\"elementor-widget-wrap elementor-element-populated\">\n\t\t\t\t\t\t\t<\/div>\n\t\t<\/div>\n\t\t\t\t\t<\/div>\n\t\t<\/section>\n\t\t\t\t<section class=\"elementor-section elementor-top-section elementor-element elementor-element-3f6d9b9b elementor-section-boxed elementor-section-height-default elementor-section-height-default\" data-id=\"3f6d9b9b\" data-element_type=\"section\">\n\t\t\t\t\t\t<div class=\"elementor-container elementor-column-gap-default\">\n\t\t\t\t\t<div class=\"elementor-column elementor-col-100 elementor-top-column elementor-element elementor-element-2336807f\" data-id=\"2336807f\" data-element_type=\"column\">\n\t\t\t<div class=\"elementor-widget-wrap elementor-element-populated\">\n\t\t\t\t\t\t<section class=\"elementor-section elementor-inner-section elementor-element elementor-element-79c3c03d elementor-section-boxed elementor-section-height-default elementor-section-height-default\" data-id=\"79c3c03d\" data-element_type=\"section\">\n\t\t\t\t\t\t<div class=\"elementor-container elementor-column-gap-default\">\n\t\t\t\t\t<div class=\"elementor-column elementor-col-66 elementor-inner-column elementor-element elementor-element-2bd2e288\" data-id=\"2bd2e288\" data-element_type=\"column\">\n\t\t\t<div class=\"elementor-widget-wrap elementor-element-populated\">\n\t\t\t\t\t\t<div class=\"elementor-element elementor-element-2d03febb elementor-widget elementor-widget-heading\" data-id=\"2d03febb\" data-element_type=\"widget\" data-widget_type=\"heading.default\">\n\t\t\t\t<div class=\"elementor-widget-container\">\n\t\t\t\t\t<h4 class=\"elementor-heading-title elementor-size-default\">2024 \u2013 M\u00fchendislikle G\u00fc\u00e7lenen D\u00fcnya<\/h4>\t\t\t\t<\/div>\n\t\t\t\t<\/div>\n\t\t\t\t<div class=\"elementor-element elementor-element-5cb6a9f5 elementor-widget elementor-widget-text-editor\" data-id=\"5cb6a9f5\" data-element_type=\"widget\" data-widget_type=\"text-editor.default\">\n\t\t\t\t<div class=\"elementor-widget-container\">\n\t\t\t\t\t\t\t\t\t<p>SPONSORLARIMIZ<\/p>\t\t\t\t\t\t\t\t<\/div>\n\t\t\t\t<\/div>\n\t\t\t\t<div class=\"elementor-element elementor-element-c5c9df8 elementor-widget elementor-widget-gallery\" data-id=\"c5c9df8\" data-element_type=\"widget\" data-settings=\"{&quot;columns_mobile&quot;:2,&quot;lazyload&quot;:&quot;yes&quot;,&quot;gallery_layout&quot;:&quot;grid&quot;,&quot;columns&quot;:4,&quot;columns_tablet&quot;:2,&quot;gap&quot;:{&quot;unit&quot;:&quot;px&quot;,&quot;size&quot;:10,&quot;sizes&quot;:[]},&quot;gap_tablet&quot;:{&quot;unit&quot;:&quot;px&quot;,&quot;size&quot;:10,&quot;sizes&quot;:[]},&quot;gap_mobile&quot;:{&quot;unit&quot;:&quot;px&quot;,&quot;size&quot;:10,&quot;sizes&quot;:[]},&quot;link_to&quot;:&quot;file&quot;,&quot;aspect_ratio&quot;:&quot;3:2&quot;,&quot;overlay_background&quot;:&quot;yes&quot;,&quot;content_hover_animation&quot;:&quot;fade-in&quot;}\" data-widget_type=\"gallery.default\">\n\t\t\t\t<div class=\"elementor-widget-container\">\n\t\t\t\t\t\t\t<div class=\"elementor-gallery__container\">\n\t\t\t\t\t\t\t<a class=\"e-gallery-item elementor-gallery-item elementor-animated-content\" href=\"https:\/\/tumkad.org.tr\/wp-content\/uploads\/2025\/04\/dunya-kadin-muhendisler-gunu-2024-33.jpg\" data-elementor-open-lightbox=\"yes\" data-elementor-lightbox-slideshow=\"c5c9df8\" data-elementor-lightbox-title=\"dunya-kadin-muhendisler-gunu-2024 (33)\" data-e-action-hash=\"#elementor-action%3Aaction%3Dlightbox%26settings%3DeyJpZCI6MTM3MSwidXJsIjoiaHR0cHM6XC9cL3R1bWthZC5vcmcudHJcL3dwLWNvbnRlbnRcL3VwbG9hZHNcLzIwMjVcLzA0XC9kdW55YS1rYWRpbi1tdWhlbmRpc2xlci1ndW51LTIwMjQtMzMuanBnIiwic2xpZGVzaG93IjoiYzVjOWRmOCJ9\">\n\t\t\t\t\t<div class=\"e-gallery-image elementor-gallery-item__image\" data-thumbnail=\"https:\/\/tumkad.org.tr\/wp-content\/uploads\/2025\/04\/dunya-kadin-muhendisler-gunu-2024-33-300x300.jpg\" data-width=\"300\" data-height=\"300\" aria-label=\"\" role=\"img\" ><\/div>\n\t\t\t\t\t\t\t\t\t\t\t<div class=\"elementor-gallery-item__overlay\"><\/div>\n\t\t\t\t\t\t\t\t\t\t\t\t\t\t<\/a>\n\t\t\t\t\t\t\t<a class=\"e-gallery-item elementor-gallery-item elementor-animated-content\" href=\"https:\/\/tumkad.org.tr\/wp-content\/uploads\/2025\/04\/dunya-kadin-muhendisler-gunu-2024-31.jpg\" data-elementor-open-lightbox=\"yes\" data-elementor-lightbox-slideshow=\"c5c9df8\" data-elementor-lightbox-title=\"dunya-kadin-muhendisler-gunu-2024 (31)\" data-e-action-hash=\"#elementor-action%3Aaction%3Dlightbox%26settings%3DeyJpZCI6MTM2OSwidXJsIjoiaHR0cHM6XC9cL3R1bWthZC5vcmcudHJcL3dwLWNvbnRlbnRcL3VwbG9hZHNcLzIwMjVcLzA0XC9kdW55YS1rYWRpbi1tdWhlbmRpc2xlci1ndW51LTIwMjQtMzEuanBnIiwic2xpZGVzaG93IjoiYzVjOWRmOCJ9\">\n\t\t\t\t\t<div class=\"e-gallery-image elementor-gallery-item__image\" data-thumbnail=\"https:\/\/tumkad.org.tr\/wp-content\/uploads\/2025\/04\/dunya-kadin-muhendisler-gunu-2024-31-300x300.jpg\" data-width=\"300\" data-height=\"300\" aria-label=\"\" role=\"img\" ><\/div>\n\t\t\t\t\t\t\t\t\t\t\t<div class=\"elementor-gallery-item__overlay\"><\/div>\n\t\t\t\t\t\t\t\t\t\t\t\t\t\t<\/a>\n\t\t\t\t\t\t\t<a class=\"e-gallery-item elementor-gallery-item elementor-animated-content\" href=\"https:\/\/tumkad.org.tr\/wp-content\/uploads\/2025\/04\/dunya-kadin-muhendisler-gunu-2024-34.jpg\" data-elementor-open-lightbox=\"yes\" data-elementor-lightbox-slideshow=\"c5c9df8\" data-elementor-lightbox-title=\"dunya-kadin-muhendisler-gunu-2024 (34)\" data-e-action-hash=\"#elementor-action%3Aaction%3Dlightbox%26settings%3DeyJpZCI6MTM3MiwidXJsIjoiaHR0cHM6XC9cL3R1bWthZC5vcmcudHJcL3dwLWNvbnRlbnRcL3VwbG9hZHNcLzIwMjVcLzA0XC9kdW55YS1rYWRpbi1tdWhlbmRpc2xlci1ndW51LTIwMjQtMzQuanBnIiwic2xpZGVzaG93IjoiYzVjOWRmOCJ9\">\n\t\t\t\t\t<div class=\"e-gallery-image elementor-gallery-item__image\" data-thumbnail=\"https:\/\/tumkad.org.tr\/wp-content\/uploads\/2025\/04\/dunya-kadin-muhendisler-gunu-2024-34-300x300.jpg\" data-width=\"300\" data-height=\"300\" aria-label=\"\" role=\"img\" ><\/div>\n\t\t\t\t\t\t\t\t\t\t\t<div class=\"elementor-gallery-item__overlay\"><\/div>\n\t\t\t\t\t\t\t\t\t\t\t\t\t\t<\/a>\n\t\t\t\t\t\t\t<a class=\"e-gallery-item elementor-gallery-item elementor-animated-content\" href=\"https:\/\/tumkad.org.tr\/wp-content\/uploads\/2025\/04\/dunya-kadin-muhendisler-gunu-2024-32.jpg\" data-elementor-open-lightbox=\"yes\" data-elementor-lightbox-slideshow=\"c5c9df8\" data-elementor-lightbox-title=\"dunya-kadin-muhendisler-gunu-2024 (32)\" data-e-action-hash=\"#elementor-action%3Aaction%3Dlightbox%26settings%3DeyJpZCI6MTM3MCwidXJsIjoiaHR0cHM6XC9cL3R1bWthZC5vcmcudHJcL3dwLWNvbnRlbnRcL3VwbG9hZHNcLzIwMjVcLzA0XC9kdW55YS1rYWRpbi1tdWhlbmRpc2xlci1ndW51LTIwMjQtMzIuanBnIiwic2xpZGVzaG93IjoiYzVjOWRmOCJ9\">\n\t\t\t\t\t<div class=\"e-gallery-image elementor-gallery-item__image\" data-thumbnail=\"https:\/\/tumkad.org.tr\/wp-content\/uploads\/2025\/04\/dunya-kadin-muhendisler-gunu-2024-32-300x300.jpg\" data-width=\"300\" data-height=\"300\" aria-label=\"\" role=\"img\" ><\/div>\n\t\t\t\t\t\t\t\t\t\t\t<div class=\"elementor-gallery-item__overlay\"><\/div>\n\t\t\t\t\t\t\t\t\t\t\t\t\t\t<\/a>\n\t\t\t\t\t\t\t<a class=\"e-gallery-item elementor-gallery-item elementor-animated-content\" href=\"https:\/\/tumkad.org.tr\/wp-content\/uploads\/2025\/04\/dunya-kadin-muhendisler-gunu-2024-29.jpg\" data-elementor-open-lightbox=\"yes\" data-elementor-lightbox-slideshow=\"c5c9df8\" data-elementor-lightbox-title=\"dunya-kadin-muhendisler-gunu-2024 (29)\" data-e-action-hash=\"#elementor-action%3Aaction%3Dlightbox%26settings%3DeyJpZCI6MTM2NywidXJsIjoiaHR0cHM6XC9cL3R1bWthZC5vcmcudHJcL3dwLWNvbnRlbnRcL3VwbG9hZHNcLzIwMjVcLzA0XC9kdW55YS1rYWRpbi1tdWhlbmRpc2xlci1ndW51LTIwMjQtMjkuanBnIiwic2xpZGVzaG93IjoiYzVjOWRmOCJ9\">\n\t\t\t\t\t<div class=\"e-gallery-image elementor-gallery-item__image\" data-thumbnail=\"https:\/\/tumkad.org.tr\/wp-content\/uploads\/2025\/04\/dunya-kadin-muhendisler-gunu-2024-29-300x300.jpg\" data-width=\"300\" data-height=\"300\" aria-label=\"\" role=\"img\" ><\/div>\n\t\t\t\t\t\t\t\t\t\t\t<div class=\"elementor-gallery-item__overlay\"><\/div>\n\t\t\t\t\t\t\t\t\t\t\t\t\t\t<\/a>\n\t\t\t\t\t\t\t<a class=\"e-gallery-item elementor-gallery-item elementor-animated-content\" href=\"https:\/\/tumkad.org.tr\/wp-content\/uploads\/2025\/04\/dunya-kadin-muhendisler-gunu-2024-30.jpg\" data-elementor-open-lightbox=\"yes\" data-elementor-lightbox-slideshow=\"c5c9df8\" data-elementor-lightbox-title=\"dunya-kadin-muhendisler-gunu-2024 (30)\" data-e-action-hash=\"#elementor-action%3Aaction%3Dlightbox%26settings%3DeyJpZCI6MTM2OCwidXJsIjoiaHR0cHM6XC9cL3R1bWthZC5vcmcudHJcL3dwLWNvbnRlbnRcL3VwbG9hZHNcLzIwMjVcLzA0XC9kdW55YS1rYWRpbi1tdWhlbmRpc2xlci1ndW51LTIwMjQtMzAuanBnIiwic2xpZGVzaG93IjoiYzVjOWRmOCJ9\">\n\t\t\t\t\t<div class=\"e-gallery-image elementor-gallery-item__image\" data-thumbnail=\"https:\/\/tumkad.org.tr\/wp-content\/uploads\/2025\/04\/dunya-kadin-muhendisler-gunu-2024-30-300x300.jpg\" data-width=\"300\" data-height=\"300\" aria-label=\"\" role=\"img\" ><\/div>\n\t\t\t\t\t\t\t\t\t\t\t<div class=\"elementor-gallery-item__overlay\"><\/div>\n\t\t\t\t\t\t\t\t\t\t\t\t\t\t<\/a>\n\t\t\t\t\t\t\t<a class=\"e-gallery-item elementor-gallery-item elementor-animated-content\" href=\"https:\/\/tumkad.org.tr\/wp-content\/uploads\/2025\/04\/dunya-kadin-muhendisler-gunu-2024-28.jpg\" data-elementor-open-lightbox=\"yes\" data-elementor-lightbox-slideshow=\"c5c9df8\" data-elementor-lightbox-title=\"dunya-kadin-muhendisler-gunu-2024 (28)\" data-e-action-hash=\"#elementor-action%3Aaction%3Dlightbox%26settings%3DeyJpZCI6MTM2NiwidXJsIjoiaHR0cHM6XC9cL3R1bWthZC5vcmcudHJcL3dwLWNvbnRlbnRcL3VwbG9hZHNcLzIwMjVcLzA0XC9kdW55YS1rYWRpbi1tdWhlbmRpc2xlci1ndW51LTIwMjQtMjguanBnIiwic2xpZGVzaG93IjoiYzVjOWRmOCJ9\">\n\t\t\t\t\t<div class=\"e-gallery-image elementor-gallery-item__image\" data-thumbnail=\"https:\/\/tumkad.org.tr\/wp-content\/uploads\/2025\/04\/dunya-kadin-muhendisler-gunu-2024-28-300x300.jpg\" data-width=\"300\" data-height=\"300\" aria-label=\"\" role=\"img\" ><\/div>\n\t\t\t\t\t\t\t\t\t\t\t<div class=\"elementor-gallery-item__overlay\"><\/div>\n\t\t\t\t\t\t\t\t\t\t\t\t\t\t<\/a>\n\t\t\t\t\t<\/div>\n\t\t\t\t\t<\/div>\n\t\t\t\t<\/div>\n\t\t\t\t\t<\/div>\n\t\t<\/div>\n\t\t\t\t<div class=\"elementor-column elementor-col-33 elementor-inner-column elementor-element elementor-element-1ad2200b\" data-id=\"1ad2200b\" data-element_type=\"column\" data-settings=\"{&quot;background_background&quot;:&quot;classic&quot;}\">\n\t\t\t<div class=\"elementor-widget-wrap elementor-element-populated\">\n\t\t\t\t\t\t<div class=\"elementor-element elementor-element-fe286c2 elementor-widget elementor-widget-global elementor-global-1319 elementor-widget-heading\" data-id=\"fe286c2\" data-element_type=\"widget\" data-widget_type=\"heading.default\">\n\t\t\t\t<div class=\"elementor-widget-container\">\n\t\t\t\t\t<h4 class=\"elementor-heading-title elementor-size-default\">D\u00fcnya Kad\u0131n M\u00fchendisler G\u00fcn\u00fc<\/h4>\t\t\t\t<\/div>\n\t\t\t\t<\/div>\n\t\t\t\t<div class=\"elementor-element elementor-element-4893586a elementor-nav-menu__text-align-aside elementor-widget elementor-widget-global elementor-global-2005 elementor-widget-nav-menu\" data-id=\"4893586a\" data-element_type=\"widget\" data-settings=\"{&quot;layout&quot;:&quot;dropdown&quot;,&quot;submenu_icon&quot;:{&quot;value&quot;:&quot;fas fa-angle-down&quot;,&quot;library&quot;:&quot;fa-solid&quot;}}\" data-widget_type=\"nav-menu.default\">\n\t\t\t\t<div class=\"elementor-widget-container\">\n\t\t\t\t\t\t\t\t<nav class=\"elementor-nav-menu--dropdown elementor-nav-menu__container\" aria-hidden=\"true\">\n\t\t\t\t<ul id=\"menu-2-4893586a\" class=\"elementor-nav-menu\"><li class=\"menu-item menu-item-type-post_type menu-item-object-page menu-item-has-children menu-item-1969\"><a href=\"https:\/\/tumkad.org.tr\/en\/dunya-kadin-muhendisler-gunu\/2022-guclu-kadin-guclu-gelecek\/\" class=\"elementor-item\" tabindex=\"-1\">2022 \u2013 G\u00fc\u00e7l\u00fc Kad\u0131n G\u00fc\u00e7l\u00fc Gelecek<\/a>\n<ul class=\"sub-menu elementor-nav-menu--dropdown\">\n\t<li class=\"menu-item menu-item-type-post_type menu-item-object-page menu-item-1972\"><a href=\"https:\/\/tumkad.org.tr\/en\/dunya-kadin-muhendisler-gunu\/2022-guclu-kadin-guclu-gelecek\/2022-guclu-kadin-guclu-gelecek-sponsorlarimiz\/\" class=\"elementor-sub-item\" tabindex=\"-1\">Sponsorlar\u0131m\u0131z<\/a><\/li>\n\t<li class=\"menu-item menu-item-type-post_type menu-item-object-page menu-item-1971\"><a href=\"https:\/\/tumkad.org.tr\/en\/dunya-kadin-muhendisler-gunu\/2022-guclu-kadin-guclu-gelecek\/2022-guclu-kadin-guclu-gelecek-program-akisi-ve-sponsorlar\/\" class=\"elementor-sub-item\" tabindex=\"-1\">Program Ak\u0131\u015f\u0131 ve Konu\u015fmac\u0131lar<\/a><\/li>\n\t<li class=\"menu-item menu-item-type-post_type menu-item-object-page menu-item-1973\"><a href=\"https:\/\/tumkad.org.tr\/en\/dunya-kadin-muhendisler-gunu\/2022-guclu-kadin-guclu-gelecek\/2022-guclu-kadin-guclu-gelecek-video\/\" class=\"elementor-sub-item\" tabindex=\"-1\">Videolar<\/a><\/li>\n\t<li class=\"menu-item menu-item-type-post_type menu-item-object-page menu-item-1970\"><a href=\"https:\/\/tumkad.org.tr\/en\/dunya-kadin-muhendisler-gunu\/2022-guclu-kadin-guclu-gelecek\/2022-guclu-kadin-guclu-gelecek-konferans-fotograflari\/\" class=\"elementor-sub-item\" tabindex=\"-1\">Konferans Foto\u011fraflar\u0131<\/a><\/li>\n<\/ul>\n<\/li>\n<li class=\"menu-item menu-item-type-post_type menu-item-object-page menu-item-has-children menu-item-1974\"><a href=\"https:\/\/tumkad.org.tr\/en\/dunya-kadin-muhendisler-gunu\/2023-surdurulebilir-100-yil-icin-muhendislikte-kadin\/\" class=\"elementor-item\" tabindex=\"-1\">2023 \u2013 S\u00fcrd\u00fcr\u00fclebilir 100 y\u0131l i\u00e7in M\u00fchendislikte Kad\u0131n<\/a>\n<ul class=\"sub-menu elementor-nav-menu--dropdown\">\n\t<li class=\"menu-item menu-item-type-post_type menu-item-object-page menu-item-2254\"><a href=\"https:\/\/tumkad.org.tr\/en\/dunya-kadin-muhendisler-gunu\/2023-surdurulebilir-100-yil-icin-muhendislikte-kadin\/2023-surdurulebilir-100-yil-icin-muhendislikte-kadin-sponsorlarimiz\/\" class=\"elementor-sub-item\" tabindex=\"-1\">Sponsorlar\u0131m\u0131z<\/a><\/li>\n\t<li class=\"menu-item menu-item-type-post_type menu-item-object-page menu-item-2253\"><a href=\"https:\/\/tumkad.org.tr\/en\/dunya-kadin-muhendisler-gunu\/2023-surdurulebilir-100-yil-icin-muhendislikte-kadin\/2023-surdurulebilir-100-yil-icin-muhendislikte-kadin-program-akisi-ve-konusmacilar\/\" class=\"elementor-sub-item\" tabindex=\"-1\">Program Ak\u0131\u015f\u0131 ve Konu\u015fmac\u0131lar<\/a><\/li>\n\t<li class=\"menu-item menu-item-type-post_type menu-item-object-page menu-item-2255\"><a href=\"https:\/\/tumkad.org.tr\/en\/dunya-kadin-muhendisler-gunu\/2023-surdurulebilir-100-yil-icin-muhendislikte-kadin\/2023-surdurulebilir-100-yil-icin-muhendislikte-kadin-videolar\/\" class=\"elementor-sub-item\" tabindex=\"-1\">Videolar<\/a><\/li>\n\t<li class=\"menu-item menu-item-type-post_type menu-item-object-page menu-item-2252\"><a href=\"https:\/\/tumkad.org.tr\/en\/dunya-kadin-muhendisler-gunu\/2023-surdurulebilir-100-yil-icin-muhendislikte-kadin\/2023-surdurulebilir-100-yil-icin-muhendislikte-kadin-konferans-fotograflari\/\" class=\"elementor-sub-item\" tabindex=\"-1\">Konferans Foto\u011fraflar\u0131<\/a><\/li>\n<\/ul>\n<\/li>\n<li class=\"menu-item menu-item-type-post_type menu-item-object-page menu-item-has-children menu-item-1975\"><a href=\"https:\/\/tumkad.org.tr\/en\/dunya-kadin-muhendisler-gunu\/2024-muhendislikle-guclenen-dunya\/\" class=\"elementor-item\" tabindex=\"-1\">2024 \u2013 M\u00fchendislikle G\u00fc\u00e7lenen D\u00fcnya<\/a>\n<ul class=\"sub-menu elementor-nav-menu--dropdown\">\n\t<li class=\"menu-item menu-item-type-post_type menu-item-object-page menu-item-2258\"><a href=\"https:\/\/tumkad.org.tr\/en\/dunya-kadin-muhendisler-gunu\/2024-muhendislikle-guclenen-dunya\/2024-muhendislikle-guclenen-dunya-sponsorlarimiz\/\" class=\"elementor-sub-item\" tabindex=\"-1\">Sponsorlar\u0131m\u0131z<\/a><\/li>\n\t<li class=\"menu-item menu-item-type-post_type menu-item-object-page menu-item-2257\"><a href=\"https:\/\/tumkad.org.tr\/en\/dunya-kadin-muhendisler-gunu\/2024-muhendislikle-guclenen-dunya\/2024-muhendislikle-guclenen-dunya-program-akisi-ve-konusmacilarimiz\/\" class=\"elementor-sub-item\" tabindex=\"-1\">Program Ak\u0131\u015f\u0131 ve Konu\u015fmac\u0131lar\u0131m\u0131z<\/a><\/li>\n\t<li class=\"menu-item menu-item-type-post_type menu-item-object-page menu-item-2259\"><a href=\"https:\/\/tumkad.org.tr\/en\/dunya-kadin-muhendisler-gunu\/2024-muhendislikle-guclenen-dunya\/2024-muhendislikle-guclenen-dunya-videolar\/\" class=\"elementor-sub-item\" tabindex=\"-1\">Videolar<\/a><\/li>\n\t<li class=\"menu-item menu-item-type-post_type menu-item-object-page menu-item-2256\"><a href=\"https:\/\/tumkad.org.tr\/en\/dunya-kadin-muhendisler-gunu\/2024-muhendislikle-guclenen-dunya\/2024-muhendislikle-guclenen-dunya-konferans-fotograflari\/\" class=\"elementor-sub-item\" tabindex=\"-1\">Konferans Foto\u011fraflar\u0131<\/a><\/li>\n<\/ul>\n<\/li>\n<li class=\"menu-item menu-item-type-post_type menu-item-object-page menu-item-1976\"><a href=\"https:\/\/tumkad.org.tr\/en\/dunya-kadin-muhendisler-gunu\/2025-muhendislikte-is-birligi-gucu\/\" class=\"elementor-item\" tabindex=\"-1\">2025 \u2013 M\u00fchendislikte \u0130\u015f Birli\u011fi G\u00fcc\u00fc<\/a><\/li>\n<\/ul>\t\t\t<\/nav>\n\t\t\t\t\t\t<\/div>\n\t\t\t\t<\/div>\n\t\t\t\t\t<\/div>\n\t\t<\/div>\n\t\t\t\t\t<\/div>\n\t\t<\/section>\n\t\t\t\t\t<\/div>\n\t\t<\/div>\n\t\t\t\t\t<\/div>\n\t\t<\/section>\n\t\t\t\t<\/div>","protected":false},"excerpt":{"rendered":"<p>2024 \u2013 M\u00fchendislikle G\u00fc\u00e7lenen D\u00fcnya SPONSORLARIMIZ D\u00fcnya Kad\u0131n M\u00fchendisler G\u00fcn\u00fc<\/p>","protected":false},"author":1,"featured_media":0,"parent":1040,"menu_order":0,"comment_status":"closed","ping_status":"closed","template":"elementor_header_footer","meta":{"footnotes":""},"class_list":["post-2222","page","type-page","status-publish","hentry"],"_links":{"self":[{"href":"https:\/\/tumkad.org.tr\/en\/wp-json\/wp\/v2\/pages\/2222","targetHints":{"allow":["GET"]}}],"collection":[{"href":"https:\/\/tumkad.org.tr\/en\/wp-json\/wp\/v2\/pages"}],"about":[{"href":"https:\/\/tumkad.org.tr\/en\/wp-json\/wp\/v2\/types\/page"}],"author":[{"embeddable":true,"href":"https:\/\/tumkad.org.tr\/en\/wp-json\/wp\/v2\/users\/1"}],"replies":[{"embeddable":true,"href":"https:\/\/tumkad.org.tr\/en\/wp-json\/wp\/v2\/comments?post=2222"}],"version-history":[{"count":4,"href":"https:\/\/tumkad.org.tr\/en\/wp-json\/wp\/v2\/pages\/2222\/revisions"}],"predecessor-version":[{"id":2236,"href":"https:\/\/tumkad.org.tr\/en\/wp-json\/wp\/v2\/pages\/2222\/revisions\/2236"}],"up":[{"embeddable":true,"href":"https:\/\/tumkad.org.tr\/en\/wp-json\/wp\/v2\/pages\/1040"}],"wp:attachment":[{"href":"https:\/\/tumkad.org.tr\/en\/wp-json\/wp\/v2\/media?parent=2222"}],"curies":[{"name":"wp","href":"https:\/\/api.w.org\/{rel}","templated":true}]}}