{"id":2800,"date":"2025-04-30T16:44:21","date_gmt":"2025-04-30T13:44:21","guid":{"rendered":"https:\/\/tumkad.org.tr\/?page_id=2800"},"modified":"2025-07-01T17:40:23","modified_gmt":"2025-07-01T14:40:23","slug":"fahri-uyeler","status":"publish","type":"page","link":"https:\/\/tumkad.org.tr\/en\/organizasyon\/fahri-uyeler\/","title":{"rendered":"Fahri \u00dcyeler"},"content":{"rendered":"<div data-elementor-type=\"wp-page\" data-elementor-id=\"2800\" class=\"elementor elementor-2800\" data-elementor-post-type=\"page\">\n\t\t\t\t\t\t<section class=\"elementor-section elementor-top-section elementor-element elementor-element-fcfbc0d elementor-section-height-min-height elementor-section-boxed elementor-section-height-default elementor-section-items-middle\" data-id=\"fcfbc0d\" data-element_type=\"section\" data-settings=\"{&quot;background_background&quot;:&quot;classic&quot;}\">\n\t\t\t\t\t\t\t<div class=\"elementor-background-overlay\"><\/div>\n\t\t\t\t\t\t\t<div class=\"elementor-container elementor-column-gap-default\">\n\t\t\t\t\t<div class=\"elementor-column elementor-col-100 elementor-top-column elementor-element elementor-element-5d8d1865\" data-id=\"5d8d1865\" data-element_type=\"column\">\n\t\t\t<div class=\"elementor-widget-wrap elementor-element-populated\">\n\t\t\t\t\t\t\t<\/div>\n\t\t<\/div>\n\t\t\t\t\t<\/div>\n\t\t<\/section>\n\t\t\t\t<section class=\"elementor-section elementor-top-section elementor-element elementor-element-8fe5fdc elementor-section-boxed elementor-section-height-default elementor-section-height-default\" data-id=\"8fe5fdc\" data-element_type=\"section\" data-settings=\"{&quot;background_background&quot;:&quot;classic&quot;}\">\n\t\t\t\t\t\t<div class=\"elementor-container elementor-column-gap-default\">\n\t\t\t\t\t<div class=\"elementor-column elementor-col-100 elementor-top-column elementor-element elementor-element-aea63cc\" data-id=\"aea63cc\" data-element_type=\"column\">\n\t\t\t<div class=\"elementor-widget-wrap elementor-element-populated\">\n\t\t\t\t\t\t<section class=\"elementor-section elementor-inner-section elementor-element elementor-element-4b9770d elementor-section-boxed elementor-section-height-default elementor-section-height-default\" data-id=\"4b9770d\" data-element_type=\"section\">\n\t\t\t\t\t\t<div class=\"elementor-container elementor-column-gap-default\">\n\t\t\t\t\t<div class=\"elementor-column elementor-col-50 elementor-inner-column elementor-element elementor-element-fbdaee3\" data-id=\"fbdaee3\" data-element_type=\"column\">\n\t\t\t<div class=\"elementor-widget-wrap elementor-element-populated\">\n\t\t\t\t\t\t<div class=\"elementor-element elementor-element-e2520b0 elementor-widget elementor-widget-image\" data-id=\"e2520b0\" data-element_type=\"widget\" data-widget_type=\"image.default\">\n\t\t\t\t<div class=\"elementor-widget-container\">\n\t\t\t\t\t\t\t\t\t\t\t\t\t\t\t<img fetchpriority=\"high\" decoding=\"async\" width=\"543\" height=\"499\" src=\"https:\/\/tumkad.org.tr\/wp-content\/uploads\/2025\/04\/feyza-narli.jpg\" class=\"attachment-large size-large wp-image-2856\" alt=\"\" srcset=\"https:\/\/tumkad.org.tr\/wp-content\/uploads\/2025\/04\/feyza-narli.jpg 543w, https:\/\/tumkad.org.tr\/wp-content\/uploads\/2025\/04\/feyza-narli-300x276.jpg 300w, https:\/\/tumkad.org.tr\/wp-content\/uploads\/2025\/04\/feyza-narli-13x12.jpg 13w\" sizes=\"(max-width: 543px) 100vw, 543px\" \/>\t\t\t\t\t\t\t\t\t\t\t\t\t\t\t<\/div>\n\t\t\t\t<\/div>\n\t\t\t\t\t<\/div>\n\t\t<\/div>\n\t\t\t\t<div class=\"elementor-column elementor-col-50 elementor-inner-column elementor-element elementor-element-2991f67\" data-id=\"2991f67\" data-element_type=\"column\">\n\t\t\t<div class=\"elementor-widget-wrap elementor-element-populated\">\n\t\t\t\t\t\t<div class=\"elementor-element elementor-element-8432063 elementor-widget elementor-widget-heading\" data-id=\"8432063\" data-element_type=\"widget\" data-widget_type=\"heading.default\">\n\t\t\t\t<div class=\"elementor-widget-container\">\n\t\t\t\t\t<h2 class=\"elementor-heading-title elementor-size-default\">Feyza NARLI<\/h2>\t\t\t\t<\/div>\n\t\t\t\t<\/div>\n\t\t\t\t<div class=\"elementor-element elementor-element-4671ef1 elementor-widget elementor-widget-heading\" data-id=\"4671ef1\" data-element_type=\"widget\" data-widget_type=\"heading.default\">\n\t\t\t\t<div class=\"elementor-widget-container\">\n\t\t\t\t\t<h2 class=\"elementor-heading-title elementor-size-default\">Manpower T\u00fcrkiye Genel M\u00fcd\u00fcr\u00fc\n<\/h2>\t\t\t\t<\/div>\n\t\t\t\t<\/div>\n\t\t\t\t<div class=\"elementor-element elementor-element-2549649 elementor-widget elementor-widget-text-editor\" data-id=\"2549649\" data-element_type=\"widget\" data-widget_type=\"text-editor.default\">\n\t\t\t\t<div class=\"elementor-widget-container\">\n\t\t\t\t\t\t\t\t\t<p>Capital ve Ekonomist dergilerinin \u00f6nc\u00fcl\u00fc\u011f\u00fcnde, ger\u00e7ekle\u015ftirilen \u201cCEO Club 50 G\u00fc\u00e7l\u00fc Kad\u0131n CEO Zirvesi\u201d kapsam\u0131nda belirlenen, T\u00fcrkiye\u2019nin 50 g\u00fc\u00e7l\u00fc kad\u0131n CEO Listesi i\u00e7erisinde yer almaktad\u0131r.\u00a0<\/p><p>\u0130stanbul \u00dcniversitesi End\u00fcstri M\u00fchendisli\u011fi B\u00f6l\u00fcm\u00fc&#8217;nden 1996 y\u0131l\u0131nda mezun olan Feyza Narl\u0131, \u0130stanbul Teknik \u00dcniversitesi \u0130\u015fletme M\u00fchendisli\u011fi y\u00fcksek lisans\u0131n\u0131 2000 y\u0131l\u0131nda tamamlad\u0131.<\/p><p>Exim A\u015e&#8217;de proje ve sat\u0131\u015f m\u00fchendisi Oracle Bilgisayar Sistemleri Ltd. \u015eirketi&#8217;nde CRM sat\u0131\u015f dan\u0131\u015fman\u0131; Innova Bili\u015fim \u00c7\u00f6z\u00fcmleri&#8217;nde s\u0131ras\u0131yla e-business \u00e7\u00f6z\u00fcmleri m\u00fcd\u00fcr\u00fc, e-business grup m\u00fcd\u00fcr\u00fc ve e-business \u00e7\u00f6z\u00fcmleri direkt\u00f6r\u00fc olarak \u00e7al\u0131\u015ft\u0131. Londra&#8217;da marka y\u00f6netimi e\u011fitimi ald\u0131.<\/p><p>Accenture T\u00fcrkiye&#8217;ye k\u0131demli m\u00fcd\u00fcr unvan\u0131 ile kat\u0131lan Feyza Narl\u0131, T\u00fcrkiye ve \u0130talya&#8217;da farkl\u0131 proje ve g\u00f6revlerde yer ald\u0131. Oracle T\u00fcrkiye&#8217;de dijital ve CX \u00e7\u00f6z\u00fcmleri \u00fclke lideri olarak g\u00f6rev yapan Feyza Narl\u0131, 2018 itibariyle Manpower T\u00fcrkiye genel m\u00fcd\u00fcr\u00fc oldu.<\/p>\t\t\t\t\t\t\t\t<\/div>\n\t\t\t\t<\/div>\n\t\t\t\t\t<\/div>\n\t\t<\/div>\n\t\t\t\t\t<\/div>\n\t\t<\/section>\n\t\t\t\t<section class=\"elementor-section elementor-inner-section elementor-element elementor-element-f6e8972 elementor-section-boxed elementor-section-height-default elementor-section-height-default\" data-id=\"f6e8972\" data-element_type=\"section\">\n\t\t\t\t\t\t<div class=\"elementor-container elementor-column-gap-default\">\n\t\t\t\t\t<div class=\"elementor-column elementor-col-50 elementor-inner-column elementor-element elementor-element-3b37348\" data-id=\"3b37348\" data-element_type=\"column\">\n\t\t\t<div class=\"elementor-widget-wrap elementor-element-populated\">\n\t\t\t\t\t\t<div class=\"elementor-element elementor-element-5eba1f2 elementor-widget elementor-widget-image\" data-id=\"5eba1f2\" data-element_type=\"widget\" data-widget_type=\"image.default\">\n\t\t\t\t<div class=\"elementor-widget-container\">\n\t\t\t\t\t\t\t\t\t\t\t\t\t\t\t<img decoding=\"async\" width=\"543\" height=\"498\" src=\"https:\/\/tumkad.org.tr\/wp-content\/uploads\/2025\/04\/arzu-yazgan.jpg\" class=\"attachment-large size-large wp-image-2864\" alt=\"\" srcset=\"https:\/\/tumkad.org.tr\/wp-content\/uploads\/2025\/04\/arzu-yazgan.jpg 543w, https:\/\/tumkad.org.tr\/wp-content\/uploads\/2025\/04\/arzu-yazgan-300x275.jpg 300w, https:\/\/tumkad.org.tr\/wp-content\/uploads\/2025\/04\/arzu-yazgan-13x12.jpg 13w\" sizes=\"(max-width: 543px) 100vw, 543px\" \/>\t\t\t\t\t\t\t\t\t\t\t\t\t\t\t<\/div>\n\t\t\t\t<\/div>\n\t\t\t\t\t<\/div>\n\t\t<\/div>\n\t\t\t\t<div class=\"elementor-column elementor-col-50 elementor-inner-column elementor-element elementor-element-78b0ee3\" data-id=\"78b0ee3\" data-element_type=\"column\">\n\t\t\t<div class=\"elementor-widget-wrap elementor-element-populated\">\n\t\t\t\t\t\t<div class=\"elementor-element elementor-element-aed6131 elementor-widget elementor-widget-heading\" data-id=\"aed6131\" data-element_type=\"widget\" data-widget_type=\"heading.default\">\n\t\t\t\t<div class=\"elementor-widget-container\">\n\t\t\t\t\t<h2 class=\"elementor-heading-title elementor-size-default\">Arzu YAZGAN\n<\/h2>\t\t\t\t<\/div>\n\t\t\t\t<\/div>\n\t\t\t\t<div class=\"elementor-element elementor-element-b5241ec elementor-widget elementor-widget-heading\" data-id=\"b5241ec\" data-element_type=\"widget\" data-widget_type=\"heading.default\">\n\t\t\t\t<div class=\"elementor-widget-container\">\n\t\t\t\t\t<h2 class=\"elementor-heading-title elementor-size-default\">TOFA\u015e Kurumsal \u0130li\u015fkiler Direkt\u00f6r\u00fc\n\n<\/h2>\t\t\t\t<\/div>\n\t\t\t\t<\/div>\n\t\t\t\t<div class=\"elementor-element elementor-element-6968bae elementor-widget elementor-widget-text-editor\" data-id=\"6968bae\" data-element_type=\"widget\" data-widget_type=\"text-editor.default\">\n\t\t\t\t<div class=\"elementor-widget-container\">\n\t\t\t\t\t\t\t\t\t<p>Arzu Yazgan, \u0130stanbul \u00dcniversitesi \u0130ngilizce \u0130ktisat B\u00f6l\u00fcm\u00fc mezunudur. \u0130\u015f ya\u015fam\u0131na 1995 y\u0131l\u0131nda Do\u011fu\u015f Otomotiv\u2019de planlama uzman\u0131 olarak ba\u015flam\u0131\u015ft\u0131r.<\/p><p>1998-2003 y\u0131llar\u0131nda planlama ve lojistik m\u00fcd\u00fcrl\u00fc\u011f\u00fc, VW ticari ara\u00e7 pazarlama m\u00fcd\u00fcrl\u00fc\u011f\u00fc g\u00f6revlerini \u00fcstlenmi\u015ftir. 2003-2004 y\u0131llar\u0131nda Do\u011fu\u015f Oto Pazarlama\u2019da b\u00f6lge direkt\u00f6r\u00fc olarak g\u00f6rev alm\u0131\u015ft\u0131r.<\/p><p>2005 y\u0131l\u0131nda Tofa\u015f\u2019ta Alfa Romeo marka m\u00fcd\u00fcrl\u00fc\u011f\u00fc g\u00f6revine getirilen Yazgan, 2008 y\u0131l\u0131nda Alfa Romeo ve Lancia \u0130\u015f Birimi direkt\u00f6r\u00fc olarak g\u00f6reve devam etmi\u015ftir. 2012 y\u0131l\u0131ndan bu yana Tofa\u015f\u2019ta kurumsal ileti\u015fim direkt\u00f6r\u00fc olarak g\u00f6rev yapm\u0131\u015f 2024 sonu itibariyle g\u00f6revini tamamlam\u0131\u015ft\u0131r.<\/p>\t\t\t\t\t\t\t\t<\/div>\n\t\t\t\t<\/div>\n\t\t\t\t\t<\/div>\n\t\t<\/div>\n\t\t\t\t\t<\/div>\n\t\t<\/section>\n\t\t\t\t<section class=\"elementor-section elementor-inner-section elementor-element elementor-element-ae40062 elementor-section-boxed elementor-section-height-default elementor-section-height-default\" data-id=\"ae40062\" data-element_type=\"section\">\n\t\t\t\t\t\t<div class=\"elementor-container elementor-column-gap-default\">\n\t\t\t\t\t<div class=\"elementor-column elementor-col-50 elementor-inner-column elementor-element elementor-element-0e9ae25\" data-id=\"0e9ae25\" data-element_type=\"column\">\n\t\t\t<div class=\"elementor-widget-wrap elementor-element-populated\">\n\t\t\t\t\t\t<div class=\"elementor-element elementor-element-09ed395 elementor-widget elementor-widget-image\" data-id=\"09ed395\" data-element_type=\"widget\" data-widget_type=\"image.default\">\n\t\t\t\t<div class=\"elementor-widget-container\">\n\t\t\t\t\t\t\t\t\t\t\t\t\t\t\t<img decoding=\"async\" width=\"325\" height=\"325\" src=\"https:\/\/tumkad.org.tr\/wp-content\/uploads\/2025\/04\/bahar-ozay.png\" class=\"attachment-large size-large wp-image-2869\" alt=\"\" srcset=\"https:\/\/tumkad.org.tr\/wp-content\/uploads\/2025\/04\/bahar-ozay.png 325w, https:\/\/tumkad.org.tr\/wp-content\/uploads\/2025\/04\/bahar-ozay-300x300.png 300w, https:\/\/tumkad.org.tr\/wp-content\/uploads\/2025\/04\/bahar-ozay-150x150.png 150w, https:\/\/tumkad.org.tr\/wp-content\/uploads\/2025\/04\/bahar-ozay-12x12.png 12w\" sizes=\"(max-width: 325px) 100vw, 325px\" \/>\t\t\t\t\t\t\t\t\t\t\t\t\t\t\t<\/div>\n\t\t\t\t<\/div>\n\t\t\t\t\t<\/div>\n\t\t<\/div>\n\t\t\t\t<div class=\"elementor-column elementor-col-50 elementor-inner-column elementor-element elementor-element-5233d4a\" data-id=\"5233d4a\" data-element_type=\"column\">\n\t\t\t<div class=\"elementor-widget-wrap elementor-element-populated\">\n\t\t\t\t\t\t<div class=\"elementor-element elementor-element-dc373b0 elementor-widget elementor-widget-heading\" data-id=\"dc373b0\" data-element_type=\"widget\" data-widget_type=\"heading.default\">\n\t\t\t\t<div class=\"elementor-widget-container\">\n\t\t\t\t\t<h2 class=\"elementor-heading-title elementor-size-default\">Bahar \u00d6ZAY\n<\/h2>\t\t\t\t<\/div>\n\t\t\t\t<\/div>\n\t\t\t\t<div class=\"elementor-element elementor-element-fbc85ce elementor-widget elementor-widget-heading\" data-id=\"fbc85ce\" data-element_type=\"widget\" data-widget_type=\"heading.default\">\n\t\t\t\t<div class=\"elementor-widget-container\">\n\t\t\t\t\t<h2 class=\"elementor-heading-title elementor-size-default\">UN SDSN T\u00fcrkiye Koordinat\u00f6r\u00fc\n\n<\/h2>\t\t\t\t<\/div>\n\t\t\t\t<\/div>\n\t\t\t\t<div class=\"elementor-element elementor-element-e025798 elementor-widget elementor-widget-text-editor\" data-id=\"e025798\" data-element_type=\"widget\" data-widget_type=\"text-editor.default\">\n\t\t\t\t<div class=\"elementor-widget-container\">\n\t\t\t\t\t\t\t\t\t<p>Bo\u011fazi\u00e7i \u00dcniversitesi himayesinde kurulan Birle\u015fmi\u015f Milletler\u2019e ba\u011fl\u0131 SDSN T\u00fcrkiye A\u011f\u0131\u2019n\u0131n koordinat\u00f6rl\u00fc\u011f\u00fcn\u00fc y\u00fcr\u00fctmekte olan Bahar \u00d6zay, ulusal ve uluslararas\u0131 finans, teknoloji, enerji ve proje dan\u0131\u015fmal\u0131\u011f\u0131 \u015firketlerinde \u00fcst d\u00fczey y\u00f6neticilik yapm\u0131\u015ft\u0131r. UNESCO T\u00fcrkiye Mill\u00ee Komisyonu S\u00fcrd\u00fcr\u00fclebilir Kalk\u0131nma 2030 Hedefleri \u0130htisas Komitesi, T\u00fcrkiye Belediyeler Birli\u011fi S\u0131f\u0131r At\u0131k Komitesi \u00fcyesi ve \u0130zmir S\u00fcrd\u00fcr\u00fclebilir Kentsel Geli\u015fim A\u011f\u0131 icra kurulu \u00fcyesidir.<\/p><p>Bahar \u00d6zay, Bo\u011fazi\u00e7i \u00dcniversitesi \u0130\u015fletme B\u00f6l\u00fcm\u00fc ve Siyaset Bilimi ve Uluslararas\u0131 \u0130li\u015fkiler B\u00f6l\u00fcm\u00fc\u2019nden \u00e7ift ana dal mezunudur. Marmara \u00dcniversitesi Sermaye Piyasalar\u0131 ve Borsa B\u00f6l\u00fcm\u00fc ve Bo\u011fazi\u00e7i \u00dcniversitesi Siyaset Bilimi ve Uluslararas\u0131 \u0130li\u015fkiler B\u00f6l\u00fcm\u00fc y\u00fcksek lisans programlar\u0131n\u0131 tamamlam\u0131\u015ft\u0131r.<\/p><p>Sorbon \u00dcniversitesi\u2019nde e\u011flence ve film end\u00fcstrisine y\u00f6nelik finansman, sat\u0131\u015f ve pazarlama e\u011fitimi alan Bahar \u00d6zay, halen Bo\u011fazi\u00e7i \u00dcniversitesi Siyaset Bilimi ve Uluslararas\u0131 \u0130li\u015fkiler B\u00f6l\u00fcm\u00fc\u2019nde, iklim de\u011fi\u015fikli\u011finde \u00e7ok akt\u00f6rl\u00fc politika yap\u0131m\u0131 ve giri\u015fimcilik konusunda doktora tez \u00e7al\u0131\u015fmalar\u0131na devam etmektedir.<\/p>\t\t\t\t\t\t\t\t<\/div>\n\t\t\t\t<\/div>\n\t\t\t\t\t<\/div>\n\t\t<\/div>\n\t\t\t\t\t<\/div>\n\t\t<\/section>\n\t\t\t\t\t<\/div>\n\t\t<\/div>\n\t\t\t\t\t<\/div>\n\t\t<\/section>\n\t\t<div class=\"elementor-element elementor-element-9fcb91a e-flex e-con-boxed e-con e-parent\" data-id=\"9fcb91a\" data-element_type=\"container\">\n\t\t\t\t\t<div class=\"e-con-inner\">\n\t\t\t\t\t<\/div>\n\t\t\t\t<\/div>\n\t\t\t\t<\/div>","protected":false},"excerpt":{"rendered":"<p>Feyza NARLI Manpower T\u00fcrkiye Genel M\u00fcd\u00fcr\u00fc Capital ve Ekonomist dergilerinin \u00f6nc\u00fcl\u00fc\u011f\u00fcnde, ger\u00e7ekle\u015ftirilen \u201cCEO Club 50 G\u00fc\u00e7l\u00fc Kad\u0131n CEO Zirvesi\u201d kapsam\u0131nda belirlenen, T\u00fcrkiye\u2019nin 50 g\u00fc\u00e7l\u00fc kad\u0131n CEO Listesi i\u00e7erisinde yer almaktad\u0131r.\u00a0 \u0130stanbul \u00dcniversitesi End\u00fcstri M\u00fchendisli\u011fi B\u00f6l\u00fcm\u00fc&#8217;nden 1996 y\u0131l\u0131nda mezun olan Feyza Narl\u0131, \u0130stanbul Teknik \u00dcniversitesi \u0130\u015fletme M\u00fchendisli\u011fi y\u00fcksek lisans\u0131n\u0131 2000 y\u0131l\u0131nda tamamlad\u0131. Exim A\u015e&#8217;de proje ve [&hellip;]<\/p>","protected":false},"author":1,"featured_media":0,"parent":143,"menu_order":0,"comment_status":"closed","ping_status":"closed","template":"elementor_header_footer","meta":{"footnotes":""},"class_list":["post-2800","page","type-page","status-publish","hentry"],"_links":{"self":[{"href":"https:\/\/tumkad.org.tr\/en\/wp-json\/wp\/v2\/pages\/2800","targetHints":{"allow":["GET"]}}],"collection":[{"href":"https:\/\/tumkad.org.tr\/en\/wp-json\/wp\/v2\/pages"}],"about":[{"href":"https:\/\/tumkad.org.tr\/en\/wp-json\/wp\/v2\/types\/page"}],"author":[{"embeddable":true,"href":"https:\/\/tumkad.org.tr\/en\/wp-json\/wp\/v2\/users\/1"}],"replies":[{"embeddable":true,"href":"https:\/\/tumkad.org.tr\/en\/wp-json\/wp\/v2\/comments?post=2800"}],"version-history":[{"count":22,"href":"https:\/\/tumkad.org.tr\/en\/wp-json\/wp\/v2\/pages\/2800\/revisions"}],"predecessor-version":[{"id":3452,"href":"https:\/\/tumkad.org.tr\/en\/wp-json\/wp\/v2\/pages\/2800\/revisions\/3452"}],"up":[{"embeddable":true,"href":"https:\/\/tumkad.org.tr\/en\/wp-json\/wp\/v2\/pages\/143"}],"wp:attachment":[{"href":"https:\/\/tumkad.org.tr\/en\/wp-json\/wp\/v2\/media?parent=2800"}],"curies":[{"name":"wp","href":"https:\/\/api.w.org\/{rel}","templated":true}]}}