{"id":3643,"date":"2025-11-25T13:21:27","date_gmt":"2025-11-25T10:21:27","guid":{"rendered":"https:\/\/tumkad.org.tr\/?page_id=3643"},"modified":"2025-11-25T18:15:27","modified_gmt":"2025-11-25T15:15:27","slug":"temsilcilikler","status":"publish","type":"page","link":"https:\/\/tumkad.org.tr\/en\/organizasyon\/temsilcilikler\/","title":{"rendered":"Temsilcilikler"},"content":{"rendered":"<div data-elementor-type=\"wp-page\" data-elementor-id=\"3643\" class=\"elementor elementor-3643\" data-elementor-post-type=\"page\">\n\t\t\t\t\t\t<section class=\"elementor-section elementor-top-section elementor-element elementor-element-b9947d2 elementor-section-height-min-height elementor-section-boxed elementor-section-height-default elementor-section-items-middle\" data-id=\"b9947d2\" data-element_type=\"section\" data-settings=\"{&quot;background_background&quot;:&quot;classic&quot;}\">\n\t\t\t\t\t\t\t<div class=\"elementor-background-overlay\"><\/div>\n\t\t\t\t\t\t\t<div class=\"elementor-container elementor-column-gap-default\">\n\t\t\t\t\t<div class=\"elementor-column elementor-col-100 elementor-top-column elementor-element elementor-element-cf6f57a\" data-id=\"cf6f57a\" data-element_type=\"column\">\n\t\t\t<div class=\"elementor-widget-wrap elementor-element-populated\">\n\t\t\t\t\t\t<div class=\"elementor-element elementor-element-dc15d75 elementor-widget elementor-widget-heading\" data-id=\"dc15d75\" data-element_type=\"widget\" data-widget_type=\"heading.default\">\n\t\t\t\t<div class=\"elementor-widget-container\">\n\t\t\t\t\t<h3 class=\"elementor-heading-title elementor-size-default\">Temsilcilikler<\/h3>\t\t\t\t<\/div>\n\t\t\t\t<\/div>\n\t\t\t\t\t<\/div>\n\t\t<\/div>\n\t\t\t\t\t<\/div>\n\t\t<\/section>\n\t\t<div class=\"elementor-element elementor-element-69c891c e-flex e-con-boxed e-con e-parent\" data-id=\"69c891c\" data-element_type=\"container\">\n\t\t\t\t\t<div class=\"e-con-inner\">\n\t\t\t\t<div class=\"elementor-element elementor-element-e53994d elementor-widget__width-initial elementor-widget elementor-widget-text-editor\" data-id=\"e53994d\" data-element_type=\"widget\" data-widget_type=\"text-editor.default\">\n\t\t\t\t<div class=\"elementor-widget-container\">\n\t\t\t\t\t\t\t\t\t<p style=\"text-align: left;\">&nbsp; &nbsp; &nbsp; &nbsp;T\u00dcMKAD, \u00fclke genelinde kad\u0131n m\u00fchendislerin daha g\u00fc\u00e7l\u00fc ve dayan\u0131\u015fma i\u00e7erisinde olmalar\u0131n\u0131 sa\u011flamak amac\u0131yla T\u00fcrkiye\u2019nin farkl\u0131 b\u00f6lgelerinde temsilcilikler a\u00e7maktad\u0131r.<\/p><p style=\"text-align: left;\">&nbsp; &nbsp; &nbsp; &nbsp;Her temsilcili\u011fimiz,&nbsp; T\u00dcMKAD\u2019\u0131n vizyonuna ve temel de\u011ferlerine ba\u011fl\u0131 olacak \u015fekilde bulundu\u011fu \u015fehirde kad\u0131n m\u00fchendislerin mesleki geli\u015fimine katk\u0131da bulunmak, e\u015fit temsiliyet konusunda toplumsal fark\u0131ndal\u0131k yaratmak&nbsp; amac\u0131yla e\u011fitimler ve sosyal sorumluluk projeleri d\u00fczenler. \u0130\u015f birli\u011fi a\u011flar\u0131yla hem bireysel hem de kurumsal d\u00fczeyde etki yarat\u0131r. T\u00dcMKAD, yerelden ulusala uzanan bu yap\u0131lanma sayesinde kad\u0131n m\u00fchendislerin sesini T\u00fcrkiye\u2019nin her k\u00f6\u015fesinde daha g\u00fc\u00e7l\u00fc duyuracak ve de\u011fi\u015fimin \u00f6nc\u00fcs\u00fc olmaya devam edecektir.<\/p>\t\t\t\t\t\t\t\t<\/div>\n\t\t\t\t<\/div>\n\t\t\t\t\t<\/div>\n\t\t\t\t<\/div>\n\t\t\t\t<section class=\"elementor-section elementor-top-section elementor-element elementor-element-9e1d4e2 elementor-section-boxed elementor-section-height-default elementor-section-height-default\" data-id=\"9e1d4e2\" data-element_type=\"section\">\n\t\t\t\t\t\t<div class=\"elementor-container elementor-column-gap-default\">\n\t\t\t\t\t<div class=\"elementor-column elementor-col-100 elementor-top-column elementor-element elementor-element-8852d48\" data-id=\"8852d48\" data-element_type=\"column\">\n\t\t\t<div class=\"elementor-widget-wrap elementor-element-populated\">\n\t\t\t\t<div class=\"elementor-element elementor-element-5556428 e-grid e-con-boxed e-con e-parent\" data-id=\"5556428\" data-element_type=\"container\">\n\t\t\t\t\t<div class=\"e-con-inner\">\n\t\t\t\t<div class=\"elementor-element elementor-element-1d11d78 elementor-view-stacked elementor-shape-circle elementor-position-top elementor-mobile-position-top elementor-widget elementor-widget-icon-box\" data-id=\"1d11d78\" data-element_type=\"widget\" data-widget_type=\"icon-box.default\">\n\t\t\t\t<div class=\"elementor-widget-container\">\n\t\t\t\t\t\t\t<div class=\"elementor-icon-box-wrapper\">\n\n\t\t\t\t\t\t<div class=\"elementor-icon-box-icon\">\n\t\t\t\t<a href=\"https:\/\/tumkad.org.tr\/en\/organizasyon\/temsilcilikler\/ankara-temscilciligi\/\" class=\"elementor-icon\" tabindex=\"-1\" aria-label=\"Ankara Temsilcili\u011fi\">\n\t\t\t\t<i aria-hidden=\"true\" class=\"icon icon-users2\"><\/i>\t\t\t\t<\/a>\n\t\t\t<\/div>\n\t\t\t\n\t\t\t\t\t\t<div class=\"elementor-icon-box-content\">\n\n\t\t\t\t\t\t\t\t\t<h4 class=\"elementor-icon-box-title\">\n\t\t\t\t\t\t<a href=\"https:\/\/tumkad.org.tr\/en\/organizasyon\/temsilcilikler\/ankara-temscilciligi\/\" >\n\t\t\t\t\t\t\tAnkara Temsilcili\u011fi\t\t\t\t\t\t<\/a>\n\t\t\t\t\t<\/h4>\n\t\t\t\t\n\t\t\t\t\n\t\t\t<\/div>\n\t\t\t\n\t\t<\/div>\n\t\t\t\t\t\t<\/div>\n\t\t\t\t<\/div>\n\t\t\t\t<div class=\"elementor-element elementor-element-a531391 elementor-view-stacked elementor-shape-circle elementor-position-top elementor-mobile-position-top elementor-widget elementor-widget-icon-box\" data-id=\"a531391\" data-element_type=\"widget\" data-widget_type=\"icon-box.default\">\n\t\t\t\t<div class=\"elementor-widget-container\">\n\t\t\t\t\t\t\t<div class=\"elementor-icon-box-wrapper\">\n\n\t\t\t\t\t\t<div class=\"elementor-icon-box-icon\">\n\t\t\t\t<a href=\"https:\/\/tumkad.org.tr\/en\/organizasyon\/temsilcilikler\/antalya-temsilciligi\/\" class=\"elementor-icon\" tabindex=\"-1\" aria-label=\"Antalya Temsilcili\u011fi\">\n\t\t\t\t<i aria-hidden=\"true\" class=\"icon icon-users2\"><\/i>\t\t\t\t<\/a>\n\t\t\t<\/div>\n\t\t\t\n\t\t\t\t\t\t<div class=\"elementor-icon-box-content\">\n\n\t\t\t\t\t\t\t\t\t<h4 class=\"elementor-icon-box-title\">\n\t\t\t\t\t\t<a href=\"https:\/\/tumkad.org.tr\/en\/organizasyon\/temsilcilikler\/antalya-temsilciligi\/\" >\n\t\t\t\t\t\t\tAntalya Temsilcili\u011fi\t\t\t\t\t\t<\/a>\n\t\t\t\t\t<\/h4>\n\t\t\t\t\n\t\t\t\t\n\t\t\t<\/div>\n\t\t\t\n\t\t<\/div>\n\t\t\t\t\t\t<\/div>\n\t\t\t\t<\/div>\n\t\t\t\t<div class=\"elementor-element elementor-element-0c87800 elementor-view-stacked elementor-shape-circle elementor-position-top elementor-mobile-position-top elementor-widget elementor-widget-icon-box\" data-id=\"0c87800\" data-element_type=\"widget\" data-widget_type=\"icon-box.default\">\n\t\t\t\t<div class=\"elementor-widget-container\">\n\t\t\t\t\t\t\t<div class=\"elementor-icon-box-wrapper\">\n\n\t\t\t\t\t\t<div class=\"elementor-icon-box-icon\">\n\t\t\t\t<a href=\"https:\/\/tumkad.org.tr\/en\/organizasyon\/temsilcilikler\/eskisehir-temsilciligi\/\" class=\"elementor-icon\" tabindex=\"-1\" aria-label=\"Eski\u015fehir Temsilcili\u011fi\">\n\t\t\t\t<i aria-hidden=\"true\" class=\"icon icon-users2\"><\/i>\t\t\t\t<\/a>\n\t\t\t<\/div>\n\t\t\t\n\t\t\t\t\t\t<div class=\"elementor-icon-box-content\">\n\n\t\t\t\t\t\t\t\t\t<h4 class=\"elementor-icon-box-title\">\n\t\t\t\t\t\t<a href=\"https:\/\/tumkad.org.tr\/en\/organizasyon\/temsilcilikler\/eskisehir-temsilciligi\/\" >\n\t\t\t\t\t\t\tEski\u015fehir Temsilcili\u011fi\t\t\t\t\t\t<\/a>\n\t\t\t\t\t<\/h4>\n\t\t\t\t\n\t\t\t\t\n\t\t\t<\/div>\n\t\t\t\n\t\t<\/div>\n\t\t\t\t\t\t<\/div>\n\t\t\t\t<\/div>\n\t\t\t\t<div class=\"elementor-element elementor-element-338cd80 elementor-view-stacked elementor-shape-circle elementor-position-top elementor-mobile-position-top elementor-widget elementor-widget-icon-box\" data-id=\"338cd80\" data-element_type=\"widget\" data-widget_type=\"icon-box.default\">\n\t\t\t\t<div class=\"elementor-widget-container\">\n\t\t\t\t\t\t\t<div class=\"elementor-icon-box-wrapper\">\n\n\t\t\t\t\t\t<div class=\"elementor-icon-box-icon\">\n\t\t\t\t<a href=\"https:\/\/tumkad.org.tr\/en\/organizasyon\/temsilcilikler\/istanbul-temsilciligi\/\" class=\"elementor-icon\" tabindex=\"-1\" aria-label=\"\u0130stanbul Temsilcili\u011fi\">\n\t\t\t\t<i aria-hidden=\"true\" class=\"icon icon-users2\"><\/i>\t\t\t\t<\/a>\n\t\t\t<\/div>\n\t\t\t\n\t\t\t\t\t\t<div class=\"elementor-icon-box-content\">\n\n\t\t\t\t\t\t\t\t\t<h4 class=\"elementor-icon-box-title\">\n\t\t\t\t\t\t<a href=\"https:\/\/tumkad.org.tr\/en\/organizasyon\/temsilcilikler\/istanbul-temsilciligi\/\" >\n\t\t\t\t\t\t\t\u0130stanbul Temsilcili\u011fi\t\t\t\t\t\t<\/a>\n\t\t\t\t\t<\/h4>\n\t\t\t\t\n\t\t\t\t\n\t\t\t<\/div>\n\t\t\t\n\t\t<\/div>\n\t\t\t\t\t\t<\/div>\n\t\t\t\t<\/div>\n\t\t\t\t<div class=\"elementor-element elementor-element-c96b178 elementor-view-stacked elementor-shape-circle elementor-position-top elementor-mobile-position-top elementor-widget elementor-widget-icon-box\" data-id=\"c96b178\" data-element_type=\"widget\" data-widget_type=\"icon-box.default\">\n\t\t\t\t<div class=\"elementor-widget-container\">\n\t\t\t\t\t\t\t<div class=\"elementor-icon-box-wrapper\">\n\n\t\t\t\t\t\t<div class=\"elementor-icon-box-icon\">\n\t\t\t\t<a href=\"https:\/\/tumkad.org.tr\/en\/organizasyon\/temsilcilikler\/izmir-temsilciligi\/\" class=\"elementor-icon\" tabindex=\"-1\" aria-label=\"\u0130zmir Temsilcili\u011fi\">\n\t\t\t\t<i aria-hidden=\"true\" class=\"icon icon-users2\"><\/i>\t\t\t\t<\/a>\n\t\t\t<\/div>\n\t\t\t\n\t\t\t\t\t\t<div class=\"elementor-icon-box-content\">\n\n\t\t\t\t\t\t\t\t\t<h4 class=\"elementor-icon-box-title\">\n\t\t\t\t\t\t<a href=\"https:\/\/tumkad.org.tr\/en\/organizasyon\/temsilcilikler\/izmir-temsilciligi\/\" >\n\t\t\t\t\t\t\t\u0130zmir Temsilcili\u011fi\t\t\t\t\t\t<\/a>\n\t\t\t\t\t<\/h4>\n\t\t\t\t\n\t\t\t\t\n\t\t\t<\/div>\n\t\t\t\n\t\t<\/div>\n\t\t\t\t\t\t<\/div>\n\t\t\t\t<\/div>\n\t\t\t\t<div class=\"elementor-element elementor-element-26290c9 elementor-view-stacked elementor-shape-circle elementor-position-top elementor-mobile-position-top elementor-widget elementor-widget-icon-box\" data-id=\"26290c9\" data-element_type=\"widget\" data-widget_type=\"icon-box.default\">\n\t\t\t\t<div class=\"elementor-widget-container\">\n\t\t\t\t\t\t\t<div class=\"elementor-icon-box-wrapper\">\n\n\t\t\t\t\t\t<div class=\"elementor-icon-box-icon\">\n\t\t\t\t<a href=\"https:\/\/tumkad.org.tr\/en\/organizasyon\/temsilcilikler\/sakarya-temsilciligi\/\" class=\"elementor-icon\" tabindex=\"-1\" aria-label=\"Sakarya Temsilcili\u011fi\">\n\t\t\t\t<i aria-hidden=\"true\" class=\"icon icon-users2\"><\/i>\t\t\t\t<\/a>\n\t\t\t<\/div>\n\t\t\t\n\t\t\t\t\t\t<div class=\"elementor-icon-box-content\">\n\n\t\t\t\t\t\t\t\t\t<h4 class=\"elementor-icon-box-title\">\n\t\t\t\t\t\t<a href=\"https:\/\/tumkad.org.tr\/en\/organizasyon\/temsilcilikler\/sakarya-temsilciligi\/\" >\n\t\t\t\t\t\t\tSakarya Temsilcili\u011fi\t\t\t\t\t\t<\/a>\n\t\t\t\t\t<\/h4>\n\t\t\t\t\n\t\t\t\t\n\t\t\t<\/div>\n\t\t\t\n\t\t<\/div>\n\t\t\t\t\t\t<\/div>\n\t\t\t\t<\/div>\n\t\t\t\t\t<\/div>\n\t\t\t\t<\/div>\n\t\t\t\t\t<\/div>\n\t\t<\/div>\n\t\t\t\t\t<\/div>\n\t\t<\/section>\n\t\t\t\t<\/div>","protected":false},"excerpt":{"rendered":"<p>Temsilcilikler &nbsp; &nbsp; &nbsp; &nbsp;T\u00dcMKAD, \u00fclke genelinde kad\u0131n m\u00fchendislerin daha g\u00fc\u00e7l\u00fc ve dayan\u0131\u015fma i\u00e7erisinde olmalar\u0131n\u0131 sa\u011flamak amac\u0131yla T\u00fcrkiye\u2019nin farkl\u0131 b\u00f6lgelerinde temsilcilikler a\u00e7maktad\u0131r. &nbsp; &nbsp; &nbsp; &nbsp;Her temsilcili\u011fimiz,&nbsp; T\u00dcMKAD\u2019\u0131n vizyonuna ve temel de\u011ferlerine ba\u011fl\u0131 olacak \u015fekilde bulundu\u011fu \u015fehirde kad\u0131n m\u00fchendislerin mesleki geli\u015fimine katk\u0131da bulunmak, e\u015fit temsiliyet konusunda toplumsal fark\u0131ndal\u0131k yaratmak&nbsp; amac\u0131yla e\u011fitimler ve sosyal sorumluluk projeleri [&hellip;]<\/p>","protected":false},"author":1,"featured_media":0,"parent":143,"menu_order":0,"comment_status":"closed","ping_status":"closed","template":"elementor_header_footer","meta":{"footnotes":""},"class_list":["post-3643","page","type-page","status-publish","hentry"],"_links":{"self":[{"href":"https:\/\/tumkad.org.tr\/en\/wp-json\/wp\/v2\/pages\/3643","targetHints":{"allow":["GET"]}}],"collection":[{"href":"https:\/\/tumkad.org.tr\/en\/wp-json\/wp\/v2\/pages"}],"about":[{"href":"https:\/\/tumkad.org.tr\/en\/wp-json\/wp\/v2\/types\/page"}],"author":[{"embeddable":true,"href":"https:\/\/tumkad.org.tr\/en\/wp-json\/wp\/v2\/users\/1"}],"replies":[{"embeddable":true,"href":"https:\/\/tumkad.org.tr\/en\/wp-json\/wp\/v2\/comments?post=3643"}],"version-history":[{"count":19,"href":"https:\/\/tumkad.org.tr\/en\/wp-json\/wp\/v2\/pages\/3643\/revisions"}],"predecessor-version":[{"id":3740,"href":"https:\/\/tumkad.org.tr\/en\/wp-json\/wp\/v2\/pages\/3643\/revisions\/3740"}],"up":[{"embeddable":true,"href":"https:\/\/tumkad.org.tr\/en\/wp-json\/wp\/v2\/pages\/143"}],"wp:attachment":[{"href":"https:\/\/tumkad.org.tr\/en\/wp-json\/wp\/v2\/media?parent=3643"}],"curies":[{"name":"wp","href":"https:\/\/api.w.org\/{rel}","templated":true}]}}