{"id":408,"date":"2024-11-04T03:41:00","date_gmt":"2024-11-04T00:41:00","guid":{"rendered":"https:\/\/test1.tumkad.org.tr\/?page_id=408"},"modified":"2025-06-25T12:49:05","modified_gmt":"2025-06-25T09:49:05","slug":"dunya-kadin-muhendisler-gunu","status":"publish","type":"page","link":"https:\/\/tumkad.org.tr\/en\/dunya-kadin-muhendisler-gunu\/","title":{"rendered":"D\u00fcnya Kad\u0131n M\u00fchendisler G\u00fcn\u00fc"},"content":{"rendered":"<div data-elementor-type=\"wp-page\" data-elementor-id=\"408\" class=\"elementor elementor-408\" data-elementor-post-type=\"page\">\n\t\t\t\t\t\t<section class=\"elementor-section elementor-top-section elementor-element elementor-element-76136e5e elementor-section-height-min-height elementor-section-boxed elementor-section-height-default elementor-section-items-middle\" data-id=\"76136e5e\" data-element_type=\"section\" data-settings=\"{&quot;background_background&quot;:&quot;classic&quot;}\">\n\t\t\t\t\t\t\t<div class=\"elementor-background-overlay\"><\/div>\n\t\t\t\t\t\t\t<div class=\"elementor-container elementor-column-gap-default\">\n\t\t\t\t\t<div class=\"elementor-column elementor-col-100 elementor-top-column elementor-element elementor-element-179004c4\" data-id=\"179004c4\" data-element_type=\"column\">\n\t\t\t<div class=\"elementor-widget-wrap elementor-element-populated\">\n\t\t\t\t\t\t<div class=\"elementor-element elementor-element-74f56cbc elementor-widget elementor-widget-heading\" data-id=\"74f56cbc\" data-element_type=\"widget\" data-widget_type=\"heading.default\">\n\t\t\t\t<div class=\"elementor-widget-container\">\n\t\t\t\t\t<h3 class=\"elementor-heading-title elementor-size-default\">23 Haziran <\/br>D\u00fcnya Kad\u0131n M\u00fchendisler G\u00fcn\u00fc<\/h3>\t\t\t\t<\/div>\n\t\t\t\t<\/div>\n\t\t\t\t\t<\/div>\n\t\t<\/div>\n\t\t\t\t\t<\/div>\n\t\t<\/section>\n\t\t\t\t<section class=\"elementor-section elementor-top-section elementor-element elementor-element-84aff62 elementor-section-boxed elementor-section-height-default elementor-section-height-default\" data-id=\"84aff62\" data-element_type=\"section\">\n\t\t\t\t\t\t<div class=\"elementor-container elementor-column-gap-default\">\n\t\t\t\t\t<div class=\"elementor-column elementor-col-100 elementor-top-column elementor-element elementor-element-11787f4\" data-id=\"11787f4\" data-element_type=\"column\">\n\t\t\t<div class=\"elementor-widget-wrap elementor-element-populated\">\n\t\t\t\t\t\t<div class=\"elementor-element elementor-element-8a67c43 elementor-widget elementor-widget-text-editor\" data-id=\"8a67c43\" data-element_type=\"widget\" data-widget_type=\"text-editor.default\">\n\t\t\t\t<div class=\"elementor-widget-container\">\n\t\t\t\t\t\t\t\t\t<p>Her y\u0131l<strong> 23 Haziran<\/strong> &#8216;da kutlanan <strong>D\u00fcnya Kad\u0131n M\u00fchendisler G\u00fcn\u00fc,<\/strong> yaln\u0131zca bir takvim g\u00fcn\u00fc de\u011fil; m\u00fchendisli\u011fe y\u00f6n veren kad\u0131nlar\u0131n ba\u015far\u0131lar\u0131n\u0131 g\u00f6r\u00fcn\u00fcr k\u0131ld\u0131\u011f\u0131m\u0131z, toplumsal cinsiyet e\u015fitli\u011fi i\u00e7in sesimizi y\u00fckseltti\u011fimiz, ilhamla ve bilgiyle g\u00fc\u00e7lendi\u011fimiz \u00f6zel bir g\u00fcnd\u00fcr.<\/p><p><strong>T\u00dcMKAD<\/strong> olarak bizler, bu anlaml\u0131 g\u00fcn\u00fc her y\u0131l \u00e7ok de\u011ferli konu\u015fmac\u0131lar\u0131n kat\u0131l\u0131m\u0131yla ger\u00e7ekle\u015ftirdi\u011fimiz \u00f6zel bir konferans ile kutlamaktan b\u00fcy\u00fck onur duyuyoruz. Bilimden sanayiye, akademiden \u00f6zel sekt\u00f6re kadar pek \u00e7ok alanda iz b\u0131rakan profesyonellerin bilgi ve deneyimlerini payla\u015ft\u0131\u011f\u0131 bu etkinli\u011fimiz, yaln\u0131zca bir kutlama de\u011fil, ayn\u0131 zamanda g\u00fc\u00e7l\u00fc bir \u00f6\u011frenme, ilham alma ve ileti\u015fim a\u011f\u0131n\u0131n kuruldu\u011fu bir platformdur.<\/p><p>Konferans\u0131m\u0131zda teknik konular\u0131n da \u00f6tesine ge\u00e7en derinlikli konu\u015fmalarla, toplumsal cinsiyet e\u015fitli\u011fi, kariyer yolculuklar\u0131, liderlik, s\u00fcrd\u00fcr\u00fclebilirlik ve m\u00fchendisli\u011fin insan hayat\u0131na etkisi gibi pek \u00e7ok ba\u015fl\u0131kta fark\u0131ndal\u0131k yarat\u0131yor ve bilgiyi \u00e7o\u011falt\u0131yoruz. Kat\u0131l\u0131mc\u0131lar\u0131m\u0131z yaln\u0131zca bilgi edinmek ile kalm\u0131yor, ayn\u0131 zamanda m\u00fchendisli\u011fin d\u00f6n\u00fc\u015ft\u00fcr\u00fcc\u00fc etkisini ve gelecek nesiller i\u00e7in ta\u015f\u0131d\u0131\u011f\u0131m\u0131z sorumlulu\u011fu da y\u00fcrekten hissediyor.<\/p><p>Kad\u0131nlar\u0131n \u00e7al\u0131\u015fma hayat\u0131nda daha g\u00f6r\u00fcn\u00fcr, daha g\u00fc\u00e7l\u00fc ve daha etkin olmas\u0131, yaln\u0131zca mesleklerimizin de\u011fil t\u00fcm toplumun daha adil, daha yenilik\u00e7i ve daha s\u00fcrd\u00fcr\u00fclebilir bir gelece\u011fe ula\u015fmas\u0131n\u0131n anahtar\u0131d\u0131r. <\/p><p><strong>D\u00fcnya Kad\u0131n M\u00fchendisler g\u00fcn\u00fc vesilesiyle, zihinleriyle in\u015fa eden, cesaretleriyle ilham veren, varl\u0131klar\u0131yla iz b\u0131rakan t\u00fcm kad\u0131n m\u00fchendisleri sayg\u0131 ve gururla selaml\u0131yoruz.<\/strong><\/p>\t\t\t\t\t\t\t\t<\/div>\n\t\t\t\t<\/div>\n\t\t\t\t<section class=\"elementor-section elementor-inner-section elementor-element elementor-element-55df5da elementor-section-boxed elementor-section-height-default elementor-section-height-default\" data-id=\"55df5da\" data-element_type=\"section\">\n\t\t\t\t\t\t<div class=\"elementor-container elementor-column-gap-no\">\n\t\t\t\t\t<div class=\"elementor-column elementor-col-33 elementor-inner-column elementor-element elementor-element-8cb953f\" data-id=\"8cb953f\" data-element_type=\"column\">\n\t\t\t<div class=\"elementor-widget-wrap elementor-element-populated\">\n\t\t\t\t\t\t<div class=\"elementor-element elementor-element-ad70756 elementor-position-top elementor-widget elementor-widget-image-box\" data-id=\"ad70756\" data-element_type=\"widget\" data-widget_type=\"image-box.default\">\n\t\t\t\t<div class=\"elementor-widget-container\">\n\t\t\t\t\t<div class=\"elementor-image-box-wrapper\"><figure class=\"elementor-image-box-img\"><a href=\"\/en\/dunya-kadin-muhendisler-gunu\/2022-guclu-kadin-guclu-gelecek\/\" tabindex=\"-1\"><img fetchpriority=\"high\" decoding=\"async\" width=\"1200\" height=\"1200\" src=\"https:\/\/tumkad.org.tr\/wp-content\/uploads\/2025\/04\/kadin-muhendisler-gunu-2022.jpg\" class=\"attachment-full size-full wp-image-1463\" alt=\"kadin-muhendisler-gunu-2022\" srcset=\"https:\/\/tumkad.org.tr\/wp-content\/uploads\/2025\/04\/kadin-muhendisler-gunu-2022.jpg 1200w, https:\/\/tumkad.org.tr\/wp-content\/uploads\/2025\/04\/kadin-muhendisler-gunu-2022-300x300.jpg 300w, https:\/\/tumkad.org.tr\/wp-content\/uploads\/2025\/04\/kadin-muhendisler-gunu-2022-1024x1024.jpg 1024w, https:\/\/tumkad.org.tr\/wp-content\/uploads\/2025\/04\/kadin-muhendisler-gunu-2022-150x150.jpg 150w, https:\/\/tumkad.org.tr\/wp-content\/uploads\/2025\/04\/kadin-muhendisler-gunu-2022-768x768.jpg 768w\" sizes=\"(max-width: 1200px) 100vw, 1200px\" \/><\/a><\/figure><div class=\"elementor-image-box-content\"><h3 class=\"elementor-image-box-title\"><a href=\"\/en\/dunya-kadin-muhendisler-gunu\/2022-guclu-kadin-guclu-gelecek\/\">23 Haziran 2022<\/a><\/h3><\/div><\/div>\t\t\t\t<\/div>\n\t\t\t\t<\/div>\n\t\t\t\t<div class=\"elementor-element elementor-element-ddd533e elementor-widget elementor-widget-heading\" data-id=\"ddd533e\" data-element_type=\"widget\" data-widget_type=\"heading.default\">\n\t\t\t\t<div class=\"elementor-widget-container\">\n\t\t\t\t\t<h5 class=\"elementor-heading-title elementor-size-default\">G\u00fc\u00e7l\u00fc Kad\u0131n G\u00fc\u00e7l\u00fc Gelecek<\/h5>\t\t\t\t<\/div>\n\t\t\t\t<\/div>\n\t\t\t\t\t<\/div>\n\t\t<\/div>\n\t\t\t\t<div class=\"elementor-column elementor-col-33 elementor-inner-column elementor-element elementor-element-6b26708\" data-id=\"6b26708\" data-element_type=\"column\">\n\t\t\t<div class=\"elementor-widget-wrap elementor-element-populated\">\n\t\t\t\t\t\t<div class=\"elementor-element elementor-element-d7dd60e elementor-position-top elementor-widget elementor-widget-image-box\" data-id=\"d7dd60e\" data-element_type=\"widget\" data-widget_type=\"image-box.default\">\n\t\t\t\t<div class=\"elementor-widget-container\">\n\t\t\t\t\t<div class=\"elementor-image-box-wrapper\"><figure class=\"elementor-image-box-img\"><a href=\"\/en\/dunya-kadin-muhendisler-gunu\/2023-surdurulebilir-100-yil-icin-muhendislikte-kadin\/\" tabindex=\"-1\"><img decoding=\"async\" width=\"1200\" height=\"1200\" src=\"https:\/\/tumkad.org.tr\/wp-content\/uploads\/2025\/04\/kadin-muhendisler-gunu-2023.jpg\" class=\"attachment-full size-full wp-image-1461\" alt=\"kadin-muhendisler-gunu-2023\" srcset=\"https:\/\/tumkad.org.tr\/wp-content\/uploads\/2025\/04\/kadin-muhendisler-gunu-2023.jpg 1200w, https:\/\/tumkad.org.tr\/wp-content\/uploads\/2025\/04\/kadin-muhendisler-gunu-2023-300x300.jpg 300w, https:\/\/tumkad.org.tr\/wp-content\/uploads\/2025\/04\/kadin-muhendisler-gunu-2023-1024x1024.jpg 1024w, https:\/\/tumkad.org.tr\/wp-content\/uploads\/2025\/04\/kadin-muhendisler-gunu-2023-150x150.jpg 150w, https:\/\/tumkad.org.tr\/wp-content\/uploads\/2025\/04\/kadin-muhendisler-gunu-2023-768x768.jpg 768w\" sizes=\"(max-width: 1200px) 100vw, 1200px\" \/><\/a><\/figure><div class=\"elementor-image-box-content\"><h3 class=\"elementor-image-box-title\"><a href=\"\/en\/dunya-kadin-muhendisler-gunu\/2023-surdurulebilir-100-yil-icin-muhendislikte-kadin\/\">23 Haziran 2023<\/a><\/h3><\/div><\/div>\t\t\t\t<\/div>\n\t\t\t\t<\/div>\n\t\t\t\t<div class=\"elementor-element elementor-element-cadc0f3 elementor-widget elementor-widget-heading\" data-id=\"cadc0f3\" data-element_type=\"widget\" data-widget_type=\"heading.default\">\n\t\t\t\t<div class=\"elementor-widget-container\">\n\t\t\t\t\t<h5 class=\"elementor-heading-title elementor-size-default\">S\u00fcrd\u00fcr\u00fclebilir 100 y\u0131l i\u00e7in M\u00fchendislikte Kad\u0131n\n<\/h5>\t\t\t\t<\/div>\n\t\t\t\t<\/div>\n\t\t\t\t\t<\/div>\n\t\t<\/div>\n\t\t\t\t<div class=\"elementor-column elementor-col-33 elementor-inner-column elementor-element elementor-element-f9393fb\" data-id=\"f9393fb\" data-element_type=\"column\">\n\t\t\t<div class=\"elementor-widget-wrap elementor-element-populated\">\n\t\t\t\t\t\t<div class=\"elementor-element elementor-element-030bd60 elementor-position-top elementor-widget elementor-widget-image-box\" data-id=\"030bd60\" data-element_type=\"widget\" data-widget_type=\"image-box.default\">\n\t\t\t\t<div class=\"elementor-widget-container\">\n\t\t\t\t\t<div class=\"elementor-image-box-wrapper\"><figure class=\"elementor-image-box-img\"><a href=\"\/en\/dunya-kadin-muhendisler-gunu\/2024-muhendislikle-guclenen-dunya\/\" tabindex=\"-1\"><img decoding=\"async\" width=\"1200\" height=\"1200\" src=\"https:\/\/tumkad.org.tr\/wp-content\/uploads\/2025\/04\/dunya-kadin-muhendisler-gunu-2024_ana-gorsel-1.jpg\" class=\"attachment-full size-full wp-image-1462\" alt=\"\" srcset=\"https:\/\/tumkad.org.tr\/wp-content\/uploads\/2025\/04\/dunya-kadin-muhendisler-gunu-2024_ana-gorsel-1.jpg 1200w, https:\/\/tumkad.org.tr\/wp-content\/uploads\/2025\/04\/dunya-kadin-muhendisler-gunu-2024_ana-gorsel-1-300x300.jpg 300w, https:\/\/tumkad.org.tr\/wp-content\/uploads\/2025\/04\/dunya-kadin-muhendisler-gunu-2024_ana-gorsel-1-1024x1024.jpg 1024w, https:\/\/tumkad.org.tr\/wp-content\/uploads\/2025\/04\/dunya-kadin-muhendisler-gunu-2024_ana-gorsel-1-150x150.jpg 150w, https:\/\/tumkad.org.tr\/wp-content\/uploads\/2025\/04\/dunya-kadin-muhendisler-gunu-2024_ana-gorsel-1-768x768.jpg 768w\" sizes=\"(max-width: 1200px) 100vw, 1200px\" \/><\/a><\/figure><div class=\"elementor-image-box-content\"><h3 class=\"elementor-image-box-title\"><a href=\"\/en\/dunya-kadin-muhendisler-gunu\/2024-muhendislikle-guclenen-dunya\/\">23 Haziran 2024<\/a><\/h3><\/div><\/div>\t\t\t\t<\/div>\n\t\t\t\t<\/div>\n\t\t\t\t<div class=\"elementor-element elementor-element-00b88cb elementor-widget elementor-widget-heading\" data-id=\"00b88cb\" data-element_type=\"widget\" data-widget_type=\"heading.default\">\n\t\t\t\t<div class=\"elementor-widget-container\">\n\t\t\t\t\t<h5 class=\"elementor-heading-title elementor-size-default\"><a href=\"\">M\u00fchendislikle G\u00fc\u00e7lenen D\u00fcnya <\/a><\/h5>\t\t\t\t<\/div>\n\t\t\t\t<\/div>\n\t\t\t\t\t<\/div>\n\t\t<\/div>\n\t\t\t\t\t<\/div>\n\t\t<\/section>\n\t\t\t\t<section class=\"elementor-section elementor-inner-section elementor-element elementor-element-f27c2b5 elementor-section-boxed elementor-section-height-default elementor-section-height-default\" data-id=\"f27c2b5\" data-element_type=\"section\">\n\t\t\t\t\t\t<div class=\"elementor-container elementor-column-gap-no\">\n\t\t\t\t\t<div class=\"elementor-column elementor-col-33 elementor-inner-column elementor-element elementor-element-57b6c68\" data-id=\"57b6c68\" data-element_type=\"column\">\n\t\t\t<div class=\"elementor-widget-wrap elementor-element-populated\">\n\t\t\t\t\t\t<div class=\"elementor-element elementor-element-9f05d67 elementor-position-top elementor-widget elementor-widget-image-box\" data-id=\"9f05d67\" data-element_type=\"widget\" data-widget_type=\"image-box.default\">\n\t\t\t\t<div class=\"elementor-widget-container\">\n\t\t\t\t\t<div class=\"elementor-image-box-wrapper\"><figure class=\"elementor-image-box-img\"><a href=\"\/en\/dunya-kadin-muhendisler-gunu\/2025-muhendislikte-is-birligi-gucu\/\" tabindex=\"-1\"><img loading=\"lazy\" decoding=\"async\" width=\"1558\" height=\"1556\" src=\"https:\/\/tumkad.org.tr\/wp-content\/uploads\/2025\/06\/ana-post.jpeg\" class=\"attachment-full size-full wp-image-3216\" alt=\"\" srcset=\"https:\/\/tumkad.org.tr\/wp-content\/uploads\/2025\/06\/ana-post.jpeg 1558w, https:\/\/tumkad.org.tr\/wp-content\/uploads\/2025\/06\/ana-post-300x300.jpeg 300w, https:\/\/tumkad.org.tr\/wp-content\/uploads\/2025\/06\/ana-post-1024x1024.jpeg 1024w, https:\/\/tumkad.org.tr\/wp-content\/uploads\/2025\/06\/ana-post-150x150.jpeg 150w, https:\/\/tumkad.org.tr\/wp-content\/uploads\/2025\/06\/ana-post-768x767.jpeg 768w, https:\/\/tumkad.org.tr\/wp-content\/uploads\/2025\/06\/ana-post-1536x1534.jpeg 1536w, https:\/\/tumkad.org.tr\/wp-content\/uploads\/2025\/06\/ana-post-12x12.jpeg 12w\" sizes=\"(max-width: 1558px) 100vw, 1558px\" \/><\/a><\/figure><div class=\"elementor-image-box-content\"><h3 class=\"elementor-image-box-title\"><a href=\"\/en\/dunya-kadin-muhendisler-gunu\/2025-muhendislikte-is-birligi-gucu\/\">23 Haziran 2025<\/a><\/h3><\/div><\/div>\t\t\t\t<\/div>\n\t\t\t\t<\/div>\n\t\t\t\t<div class=\"elementor-element elementor-element-cf67a1c elementor-widget elementor-widget-heading\" data-id=\"cf67a1c\" data-element_type=\"widget\" data-widget_type=\"heading.default\">\n\t\t\t\t<div class=\"elementor-widget-container\">\n\t\t\t\t\t<h5 class=\"elementor-heading-title elementor-size-default\">M\u00fchendislikte \u0130\u015f Birli\u011fi G\u00fcc\u00fc<\/h5>\t\t\t\t<\/div>\n\t\t\t\t<\/div>\n\t\t\t\t\t<\/div>\n\t\t<\/div>\n\t\t\t\t<div class=\"elementor-column elementor-col-33 elementor-inner-column elementor-element elementor-element-b1a9203\" data-id=\"b1a9203\" data-element_type=\"column\">\n\t\t\t<div class=\"elementor-widget-wrap\">\n\t\t\t\t\t\t\t<\/div>\n\t\t<\/div>\n\t\t\t\t<div class=\"elementor-column elementor-col-33 elementor-inner-column elementor-element elementor-element-d268d00\" data-id=\"d268d00\" data-element_type=\"column\">\n\t\t\t<div class=\"elementor-widget-wrap\">\n\t\t\t\t\t\t\t<\/div>\n\t\t<\/div>\n\t\t\t\t\t<\/div>\n\t\t<\/section>\n\t\t\t\t\t<\/div>\n\t\t<\/div>\n\t\t\t\t\t<\/div>\n\t\t<\/section>\n\t\t\t\t<\/div>","protected":false},"excerpt":{"rendered":"<p>23 Haziran D\u00fcnya Kad\u0131n M\u00fchendisler G\u00fcn\u00fc Her y\u0131l 23 Haziran &#8216;da kutlanan D\u00fcnya Kad\u0131n M\u00fchendisler G\u00fcn\u00fc, yaln\u0131zca bir takvim g\u00fcn\u00fc de\u011fil; m\u00fchendisli\u011fe y\u00f6n veren kad\u0131nlar\u0131n ba\u015far\u0131lar\u0131n\u0131 g\u00f6r\u00fcn\u00fcr k\u0131ld\u0131\u011f\u0131m\u0131z, toplumsal cinsiyet e\u015fitli\u011fi i\u00e7in sesimizi y\u00fckseltti\u011fimiz, ilhamla ve bilgiyle g\u00fc\u00e7lendi\u011fimiz \u00f6zel bir g\u00fcnd\u00fcr. T\u00dcMKAD olarak bizler, bu anlaml\u0131 g\u00fcn\u00fc her y\u0131l \u00e7ok de\u011ferli konu\u015fmac\u0131lar\u0131n kat\u0131l\u0131m\u0131yla ger\u00e7ekle\u015ftirdi\u011fimiz \u00f6zel [&hellip;]<\/p>","protected":false},"author":1,"featured_media":0,"parent":0,"menu_order":0,"comment_status":"closed","ping_status":"closed","template":"elementor_header_footer","meta":{"footnotes":""},"class_list":["post-408","page","type-page","status-publish","hentry"],"_links":{"self":[{"href":"https:\/\/tumkad.org.tr\/en\/wp-json\/wp\/v2\/pages\/408","targetHints":{"allow":["GET"]}}],"collection":[{"href":"https:\/\/tumkad.org.tr\/en\/wp-json\/wp\/v2\/pages"}],"about":[{"href":"https:\/\/tumkad.org.tr\/en\/wp-json\/wp\/v2\/types\/page"}],"author":[{"embeddable":true,"href":"https:\/\/tumkad.org.tr\/en\/wp-json\/wp\/v2\/users\/1"}],"replies":[{"embeddable":true,"href":"https:\/\/tumkad.org.tr\/en\/wp-json\/wp\/v2\/comments?post=408"}],"version-history":[{"count":62,"href":"https:\/\/tumkad.org.tr\/en\/wp-json\/wp\/v2\/pages\/408\/revisions"}],"predecessor-version":[{"id":3220,"href":"https:\/\/tumkad.org.tr\/en\/wp-json\/wp\/v2\/pages\/408\/revisions\/3220"}],"wp:attachment":[{"href":"https:\/\/tumkad.org.tr\/en\/wp-json\/wp\/v2\/media?parent=408"}],"curies":[{"name":"wp","href":"https:\/\/api.w.org\/{rel}","templated":true}]}}