{"id":492,"date":"2024-11-04T04:47:18","date_gmt":"2024-11-04T01:47:18","guid":{"rendered":"https:\/\/test1.tumkad.org.tr\/?page_id=492"},"modified":"2025-12-24T14:51:38","modified_gmt":"2025-12-24T11:51:38","slug":"bireysel-uyelik","status":"publish","type":"page","link":"https:\/\/tumkad.org.tr\/en\/uyelik\/bireysel-uyelik\/","title":{"rendered":"Bireysel \u00dcyelik"},"content":{"rendered":"<div data-elementor-type=\"wp-page\" data-elementor-id=\"492\" class=\"elementor elementor-492\" data-elementor-post-type=\"page\">\n\t\t\t\t\t\t<section class=\"elementor-section elementor-top-section elementor-element elementor-element-f04d359 elementor-section-height-min-height elementor-section-boxed elementor-section-height-default elementor-section-items-middle\" data-id=\"f04d359\" data-element_type=\"section\" data-settings=\"{&quot;background_background&quot;:&quot;classic&quot;}\">\n\t\t\t\t\t\t\t<div class=\"elementor-background-overlay\"><\/div>\n\t\t\t\t\t\t\t<div class=\"elementor-container elementor-column-gap-default\">\n\t\t\t\t\t<div class=\"elementor-column elementor-col-100 elementor-top-column elementor-element elementor-element-51286e3\" data-id=\"51286e3\" data-element_type=\"column\">\n\t\t\t<div class=\"elementor-widget-wrap elementor-element-populated\">\n\t\t\t\t\t\t\t<\/div>\n\t\t<\/div>\n\t\t\t\t\t<\/div>\n\t\t<\/section>\n\t\t<div class=\"elementor-element elementor-element-1c7aa76b e-flex e-con-boxed e-con e-parent\" data-id=\"1c7aa76b\" data-element_type=\"container\">\n\t\t\t\t\t<div class=\"e-con-inner\">\n\t\t\t\t<div class=\"elementor-element elementor-element-6d269d8d elementor-widget elementor-widget-text-editor\" data-id=\"6d269d8d\" data-element_type=\"widget\" data-widget_type=\"text-editor.default\">\n\t\t\t\t<div class=\"elementor-widget-container\">\n\t\t\t\t\t\t\t\t\t<p>T\u00dcMKAD olarak kad\u0131n m\u00fchendis \u00fcyelerimiz ile birlikte; uluslararas\u0131 kad\u0131n platformlar\u0131nda s\u00f6z sahibi olacak T\u00fcrkiye\u2019nin potansiyel lider kad\u0131nlar\u0131n\u0131 yeti\u015ftirmek, g\u00fcn\u00fcm\u00fczdeki rekabet\u00e7i ko\u015fullarda m\u00fchendis kad\u0131nlar\u0131n sanayiye katk\u0131s\u0131n\u0131 art\u0131rmak, \u00fclke ve d\u00fcnya ekonomisine maksimum katk\u0131y\u0131 sa\u011flamak ad\u0131na \u00e7\u0131kt\u0131\u011f\u0131m\u0131z yolculukta sizleri de aram\u0131zda g\u00f6rmek bizler i\u00e7in onurdur.<\/p><p>Siz de bu uzun yolculukta bir m\u00fchendis \/ m\u00fchendis aday\u0131 olarak bizim yan\u0131m\u0131zda yer alabilirsiniz.<\/p><p>\u00dcyelik ba\u015fvurunuz \u00f6ncesinde, dernek resmi web sitemizde yer alan dernek t\u00fcz\u00fc\u011f\u00fcm\u00fcz\u00fc okuman\u0131z\u0131 \u00f6nemle rica ederiz.\u00a0<\/p><p>(https:\/\/tumkad.org.tr\/organizasyon\/tuzuk\/)<\/p><p>\u00dcyelik ba\u015fvuru ve KVKK a\u00e7\u0131k r\u0131za metin formlar\u0131n\u0131 doldurduktan sonra imzalayarak,\u00a0 diploma fotokopiniz veya e-devlet&#8217; ten temin edebilece\u011finiz transkriptiniz ile birlikte\u00a0 <a href=\"mailto:info@tumkad.org.tr\">info@tumkad.org.tr<\/a> adresine iletebilirsiniz.\u00a0<\/p><p>\u00a0<\/p>\t\t\t\t\t\t\t\t<\/div>\n\t\t\t\t<\/div>\n\t\t\t\t<div class=\"elementor-element elementor-element-c135187 elementor-widget elementor-widget-button\" data-id=\"c135187\" data-element_type=\"widget\" data-widget_type=\"button.default\">\n\t\t\t\t<div class=\"elementor-widget-container\">\n\t\t\t\t\t\t\t\t\t<div class=\"elementor-button-wrapper\">\n\t\t\t\t\t<a class=\"elementor-button elementor-button-link elementor-size-sm\" href=\"https:\/\/tumkad.org.tr\/wp-content\/uploads\/2025\/12\/TUMKAD-UYE-BASVURU-FORMU_Rev11-1.pdf\" target=\"_blank\">\n\t\t\t\t\t\t<span class=\"elementor-button-content-wrapper\">\n\t\t\t\t\t\t\t\t\t<span class=\"elementor-button-text\">T\u00dcMKAD \u00dcYEL\u0130K BA\u015eVURU FORMU<\/span>\n\t\t\t\t\t<\/span>\n\t\t\t\t\t<\/a>\n\t\t\t\t<\/div>\n\t\t\t\t\t\t\t\t<\/div>\n\t\t\t\t<\/div>\n\t\t\t\t<div class=\"elementor-element elementor-element-9887f9a elementor-widget elementor-widget-button\" data-id=\"9887f9a\" data-element_type=\"widget\" data-widget_type=\"button.default\">\n\t\t\t\t<div class=\"elementor-widget-container\">\n\t\t\t\t\t\t\t\t\t<div class=\"elementor-button-wrapper\">\n\t\t\t\t\t<a class=\"elementor-button elementor-button-link elementor-size-sm\" href=\"\/wp-content\/uploads\/2025\/04\/Kvkk-acik-riza-metin-formu.pdf\" target=\"_blank\">\n\t\t\t\t\t\t<span class=\"elementor-button-content-wrapper\">\n\t\t\t\t\t\t\t\t\t<span class=\"elementor-button-text\">KVKK A\u00c7IK RIZA MET\u0130N FORMU<\/span>\n\t\t\t\t\t<\/span>\n\t\t\t\t\t<\/a>\n\t\t\t\t<\/div>\n\t\t\t\t\t\t\t\t<\/div>\n\t\t\t\t<\/div>\n\t\t\t\t\t<\/div>\n\t\t\t\t<\/div>\n\t\t\t\t<\/div>","protected":false},"excerpt":{"rendered":"<p>T\u00dcMKAD olarak kad\u0131n m\u00fchendis \u00fcyelerimiz ile birlikte; uluslararas\u0131 kad\u0131n platformlar\u0131nda s\u00f6z sahibi olacak T\u00fcrkiye\u2019nin potansiyel lider kad\u0131nlar\u0131n\u0131 yeti\u015ftirmek, g\u00fcn\u00fcm\u00fczdeki rekabet\u00e7i ko\u015fullarda m\u00fchendis kad\u0131nlar\u0131n sanayiye katk\u0131s\u0131n\u0131 art\u0131rmak, \u00fclke ve d\u00fcnya ekonomisine maksimum katk\u0131y\u0131 sa\u011flamak ad\u0131na \u00e7\u0131kt\u0131\u011f\u0131m\u0131z yolculukta sizleri de aram\u0131zda g\u00f6rmek bizler i\u00e7in onurdur. Siz de bu uzun yolculukta bir m\u00fchendis \/ m\u00fchendis aday\u0131 olarak bizim [&hellip;]<\/p>","protected":false},"author":1,"featured_media":0,"parent":490,"menu_order":0,"comment_status":"closed","ping_status":"closed","template":"elementor_header_footer","meta":{"footnotes":""},"class_list":["post-492","page","type-page","status-publish","hentry"],"_links":{"self":[{"href":"https:\/\/tumkad.org.tr\/en\/wp-json\/wp\/v2\/pages\/492","targetHints":{"allow":["GET"]}}],"collection":[{"href":"https:\/\/tumkad.org.tr\/en\/wp-json\/wp\/v2\/pages"}],"about":[{"href":"https:\/\/tumkad.org.tr\/en\/wp-json\/wp\/v2\/types\/page"}],"author":[{"embeddable":true,"href":"https:\/\/tumkad.org.tr\/en\/wp-json\/wp\/v2\/users\/1"}],"replies":[{"embeddable":true,"href":"https:\/\/tumkad.org.tr\/en\/wp-json\/wp\/v2\/comments?post=492"}],"version-history":[{"count":46,"href":"https:\/\/tumkad.org.tr\/en\/wp-json\/wp\/v2\/pages\/492\/revisions"}],"predecessor-version":[{"id":3772,"href":"https:\/\/tumkad.org.tr\/en\/wp-json\/wp\/v2\/pages\/492\/revisions\/3772"}],"up":[{"embeddable":true,"href":"https:\/\/tumkad.org.tr\/en\/wp-json\/wp\/v2\/pages\/490"}],"wp:attachment":[{"href":"https:\/\/tumkad.org.tr\/en\/wp-json\/wp\/v2\/media?parent=492"}],"curies":[{"name":"wp","href":"https:\/\/api.w.org\/{rel}","templated":true}]}}