{"id":497,"date":"2024-11-04T04:57:00","date_gmt":"2024-11-04T01:57:00","guid":{"rendered":"https:\/\/test1.tumkad.org.tr\/?page_id=497"},"modified":"2025-04-19T11:20:10","modified_gmt":"2025-04-19T08:20:10","slug":"kurumsal-uyelik","status":"publish","type":"page","link":"https:\/\/tumkad.org.tr\/en\/uyelik\/kurumsal-uyelik\/","title":{"rendered":"Kurumsal \u00dcyelik"},"content":{"rendered":"<div data-elementor-type=\"wp-page\" data-elementor-id=\"497\" class=\"elementor elementor-497\" data-elementor-post-type=\"page\">\n\t\t\t\t\t\t<section class=\"elementor-section elementor-top-section elementor-element elementor-element-5b2262c1 elementor-section-height-min-height elementor-section-boxed elementor-section-height-default elementor-section-items-middle\" data-id=\"5b2262c1\" data-element_type=\"section\" data-settings=\"{&quot;background_background&quot;:&quot;classic&quot;}\">\n\t\t\t\t\t\t\t<div class=\"elementor-background-overlay\"><\/div>\n\t\t\t\t\t\t\t<div class=\"elementor-container elementor-column-gap-default\">\n\t\t\t\t\t<div class=\"elementor-column elementor-col-100 elementor-top-column elementor-element elementor-element-1d2708b4\" data-id=\"1d2708b4\" data-element_type=\"column\">\n\t\t\t<div class=\"elementor-widget-wrap elementor-element-populated\">\n\t\t\t\t\t\t\t<\/div>\n\t\t<\/div>\n\t\t\t\t\t<\/div>\n\t\t<\/section>\n\t\t<div class=\"elementor-element elementor-element-32ef13e e-flex e-con-boxed e-con e-parent\" data-id=\"32ef13e\" data-element_type=\"container\">\n\t\t\t\t\t<div class=\"e-con-inner\">\n\t\t\t\t<div class=\"elementor-element elementor-element-14d285e elementor-widget elementor-widget-text-editor\" data-id=\"14d285e\" data-element_type=\"widget\" data-widget_type=\"text-editor.default\">\n\t\t\t\t<div class=\"elementor-widget-container\">\n\t\t\t\t\t\t\t\t\t<p>T\u00dcMKAD olarak kad\u0131n m\u00fchendis \u00fcyelerimiz ile birlikte; uluslararas\u0131 kad\u0131n platformlar\u0131nda s\u00f6z sahibi olacak T\u00fcrkiye\u2019nin potansiyel lider kad\u0131nlar\u0131n\u0131 yeti\u015ftirmek, g\u00fcn\u00fcm\u00fczdeki rekabet\u00e7i ko\u015fullarda m\u00fchendis kad\u0131nlar\u0131n sanayiye katk\u0131s\u0131n\u0131 art\u0131rmak, \u00fclke ve d\u00fcnya ekonomisine maksimum katk\u0131y\u0131 sa\u011flamak ad\u0131na \u00e7\u0131kt\u0131\u011f\u0131m\u0131z yolculukta sizleri de aram\u0131zda g\u00f6rmek bizler i\u00e7in onurdur.<\/p><p>Siz de bu uzun yolculukta payda\u015f\u0131m\u0131z olarak bizim yan\u0131m\u0131zda yer alabilirsiniz.<\/p><p>Kurumsal \u00fcyelik ba\u015fvuru formu ve protokol\u00fcn\u00fc doldurduktan sonra imza\/ka\u015feleyerek <a href=\"mailto:info@tumkad.org.tr\">info@tumkad.org.tr<\/a> adresine iletiletebilirsiniz.<\/p>\t\t\t\t\t\t\t\t<\/div>\n\t\t\t\t<\/div>\n\t\t\t\t<div class=\"elementor-element elementor-element-15281c6 elementor-widget elementor-widget-button\" data-id=\"15281c6\" data-element_type=\"widget\" data-widget_type=\"button.default\">\n\t\t\t\t<div class=\"elementor-widget-container\">\n\t\t\t\t\t\t\t\t\t<div class=\"elementor-button-wrapper\">\n\t\t\t\t\t<a class=\"elementor-button elementor-button-link elementor-size-sm\" href=\"\/wp-content\/uploads\/2025\/04\/Kurumsal-uye-basvuru-formu.pdf\" target=\"_blank\">\n\t\t\t\t\t\t<span class=\"elementor-button-content-wrapper\">\n\t\t\t\t\t\t\t\t\t<span class=\"elementor-button-text\">T\u00dcMKAD KURUMSAL \u00dcYE BA\u015eVURU FORMU<\/span>\n\t\t\t\t\t<\/span>\n\t\t\t\t\t<\/a>\n\t\t\t\t<\/div>\n\t\t\t\t\t\t\t\t<\/div>\n\t\t\t\t<\/div>\n\t\t\t\t<div class=\"elementor-element elementor-element-0dffb01 elementor-widget elementor-widget-button\" data-id=\"0dffb01\" data-element_type=\"widget\" data-widget_type=\"button.default\">\n\t\t\t\t<div class=\"elementor-widget-container\">\n\t\t\t\t\t\t\t\t\t<div class=\"elementor-button-wrapper\">\n\t\t\t\t\t<a class=\"elementor-button elementor-button-link elementor-size-sm\" href=\"\/wp-content\/uploads\/2025\/04\/kurumsal-uyelik-protokolu.pdf\" target=\"_blank\">\n\t\t\t\t\t\t<span class=\"elementor-button-content-wrapper\">\n\t\t\t\t\t\t\t\t\t<span class=\"elementor-button-text\">T\u00dcMKAD KURUMSAL \u00dcYEL\u0130K PROTOKOL\u00dc<\/span>\n\t\t\t\t\t<\/span>\n\t\t\t\t\t<\/a>\n\t\t\t\t<\/div>\n\t\t\t\t\t\t\t\t<\/div>\n\t\t\t\t<\/div>\n\t\t\t\t\t<\/div>\n\t\t\t\t<\/div>\n\t\t\t\t<\/div>","protected":false},"excerpt":{"rendered":"<p>T\u00dcMKAD olarak kad\u0131n m\u00fchendis \u00fcyelerimiz ile birlikte; uluslararas\u0131 kad\u0131n platformlar\u0131nda s\u00f6z sahibi olacak T\u00fcrkiye\u2019nin potansiyel lider kad\u0131nlar\u0131n\u0131 yeti\u015ftirmek, g\u00fcn\u00fcm\u00fczdeki rekabet\u00e7i ko\u015fullarda m\u00fchendis kad\u0131nlar\u0131n sanayiye katk\u0131s\u0131n\u0131 art\u0131rmak, \u00fclke ve d\u00fcnya ekonomisine maksimum katk\u0131y\u0131 sa\u011flamak ad\u0131na \u00e7\u0131kt\u0131\u011f\u0131m\u0131z yolculukta sizleri de aram\u0131zda g\u00f6rmek bizler i\u00e7in onurdur. Siz de bu uzun yolculukta payda\u015f\u0131m\u0131z olarak bizim yan\u0131m\u0131zda yer alabilirsiniz. Kurumsal [&hellip;]<\/p>","protected":false},"author":1,"featured_media":0,"parent":490,"menu_order":0,"comment_status":"closed","ping_status":"closed","template":"elementor_header_footer","meta":{"footnotes":""},"class_list":["post-497","page","type-page","status-publish","hentry"],"_links":{"self":[{"href":"https:\/\/tumkad.org.tr\/en\/wp-json\/wp\/v2\/pages\/497","targetHints":{"allow":["GET"]}}],"collection":[{"href":"https:\/\/tumkad.org.tr\/en\/wp-json\/wp\/v2\/pages"}],"about":[{"href":"https:\/\/tumkad.org.tr\/en\/wp-json\/wp\/v2\/types\/page"}],"author":[{"embeddable":true,"href":"https:\/\/tumkad.org.tr\/en\/wp-json\/wp\/v2\/users\/1"}],"replies":[{"embeddable":true,"href":"https:\/\/tumkad.org.tr\/en\/wp-json\/wp\/v2\/comments?post=497"}],"version-history":[{"count":17,"href":"https:\/\/tumkad.org.tr\/en\/wp-json\/wp\/v2\/pages\/497\/revisions"}],"predecessor-version":[{"id":2434,"href":"https:\/\/tumkad.org.tr\/en\/wp-json\/wp\/v2\/pages\/497\/revisions\/2434"}],"up":[{"embeddable":true,"href":"https:\/\/tumkad.org.tr\/en\/wp-json\/wp\/v2\/pages\/490"}],"wp:attachment":[{"href":"https:\/\/tumkad.org.tr\/en\/wp-json\/wp\/v2\/media?parent=497"}],"curies":[{"name":"wp","href":"https:\/\/api.w.org\/{rel}","templated":true}]}}