{"id":500,"date":"2024-11-04T04:57:33","date_gmt":"2024-11-04T01:57:33","guid":{"rendered":"https:\/\/test1.tumkad.org.tr\/?page_id=500"},"modified":"2025-04-19T11:20:25","modified_gmt":"2025-04-19T08:20:25","slug":"genc-mimoza","status":"publish","type":"page","link":"https:\/\/tumkad.org.tr\/en\/uyelik\/genc-mimoza\/","title":{"rendered":"Gen\u00e7 Mimoza"},"content":{"rendered":"<div data-elementor-type=\"wp-page\" data-elementor-id=\"500\" class=\"elementor elementor-500\" data-elementor-post-type=\"page\">\n\t\t\t\t\t\t<section class=\"elementor-section elementor-top-section elementor-element elementor-element-62aad5ce elementor-section-height-min-height elementor-section-boxed elementor-section-height-default elementor-section-items-middle\" data-id=\"62aad5ce\" data-element_type=\"section\" data-settings=\"{&quot;background_background&quot;:&quot;classic&quot;}\">\n\t\t\t\t\t\t\t<div class=\"elementor-background-overlay\"><\/div>\n\t\t\t\t\t\t\t<div class=\"elementor-container elementor-column-gap-default\">\n\t\t\t\t\t<div class=\"elementor-column elementor-col-100 elementor-top-column elementor-element elementor-element-6025a9b6\" data-id=\"6025a9b6\" data-element_type=\"column\">\n\t\t\t<div class=\"elementor-widget-wrap elementor-element-populated\">\n\t\t\t\t\t\t\t<\/div>\n\t\t<\/div>\n\t\t\t\t\t<\/div>\n\t\t<\/section>\n\t\t<div class=\"elementor-element elementor-element-1160d011 e-flex e-con-boxed e-con e-parent\" data-id=\"1160d011\" data-element_type=\"container\">\n\t\t\t\t\t<div class=\"e-con-inner\">\n\t\t\t\t<div class=\"elementor-element elementor-element-2141c095 elementor-widget elementor-widget-text-editor\" data-id=\"2141c095\" data-element_type=\"widget\" data-widget_type=\"text-editor.default\">\n\t\t\t\t<div class=\"elementor-widget-container\">\n\t\t\t\t\t\t\t\t\tT\u00dcMKAD Gen\u00e7 Mimoza&#8217;lar ekibimize, siz de kat\u0131lmak isterseniz,\u00a0 <a href=\"mailto:info@tumkad.org.tr\">info@tumkad.org.tr<\/a> adresine CV&#8217;niz ile beraber eposta g\u00f6nderebilirsiniz.\r\n\r\n&nbsp;\t\t\t\t\t\t\t\t<\/div>\n\t\t\t\t<\/div>\n\t\t\t\t\t<\/div>\n\t\t\t\t<\/div>\n\t\t\t\t<\/div>","protected":false},"excerpt":{"rendered":"<p>T\u00dcMKAD Gen\u00e7 Mimoza&#8217;lar ekibimize, siz de kat\u0131lmak isterseniz,\u00a0 info@tumkad.org.tr adresine CV&#8217;niz ile beraber eposta g\u00f6nderebilirsiniz. &nbsp;<\/p>","protected":false},"author":1,"featured_media":0,"parent":490,"menu_order":0,"comment_status":"closed","ping_status":"closed","template":"elementor_header_footer","meta":{"footnotes":""},"class_list":["post-500","page","type-page","status-publish","hentry"],"_links":{"self":[{"href":"https:\/\/tumkad.org.tr\/en\/wp-json\/wp\/v2\/pages\/500","targetHints":{"allow":["GET"]}}],"collection":[{"href":"https:\/\/tumkad.org.tr\/en\/wp-json\/wp\/v2\/pages"}],"about":[{"href":"https:\/\/tumkad.org.tr\/en\/wp-json\/wp\/v2\/types\/page"}],"author":[{"embeddable":true,"href":"https:\/\/tumkad.org.tr\/en\/wp-json\/wp\/v2\/users\/1"}],"replies":[{"embeddable":true,"href":"https:\/\/tumkad.org.tr\/en\/wp-json\/wp\/v2\/comments?post=500"}],"version-history":[{"count":8,"href":"https:\/\/tumkad.org.tr\/en\/wp-json\/wp\/v2\/pages\/500\/revisions"}],"predecessor-version":[{"id":2437,"href":"https:\/\/tumkad.org.tr\/en\/wp-json\/wp\/v2\/pages\/500\/revisions\/2437"}],"up":[{"embeddable":true,"href":"https:\/\/tumkad.org.tr\/en\/wp-json\/wp\/v2\/pages\/490"}],"wp:attachment":[{"href":"https:\/\/tumkad.org.tr\/en\/wp-json\/wp\/v2\/media?parent=500"}],"curies":[{"name":"wp","href":"https:\/\/api.w.org\/{rel}","templated":true}]}}