{"id":508,"date":"2024-11-04T05:01:37","date_gmt":"2024-11-04T02:01:37","guid":{"rendered":"https:\/\/test1.tumkad.org.tr\/?page_id=508"},"modified":"2025-07-01T17:46:40","modified_gmt":"2025-07-01T14:46:40","slug":"akademi-komisyonu","status":"publish","type":"page","link":"https:\/\/tumkad.org.tr\/en\/komisyonlar\/akademi-komisyonu\/","title":{"rendered":"Akademi Komisyonu"},"content":{"rendered":"<div data-elementor-type=\"wp-page\" data-elementor-id=\"508\" class=\"elementor elementor-508\" data-elementor-post-type=\"page\">\n\t\t\t\t\t\t<section class=\"elementor-section elementor-top-section elementor-element elementor-element-631d4288 elementor-section-height-min-height elementor-section-boxed elementor-section-height-default elementor-section-items-middle\" data-id=\"631d4288\" data-element_type=\"section\" data-settings=\"{&quot;background_background&quot;:&quot;classic&quot;}\">\n\t\t\t\t\t\t\t<div class=\"elementor-background-overlay\"><\/div>\n\t\t\t\t\t\t\t<div class=\"elementor-container elementor-column-gap-default\">\n\t\t\t\t\t<div class=\"elementor-column elementor-col-100 elementor-top-column elementor-element elementor-element-5bc74349\" data-id=\"5bc74349\" data-element_type=\"column\">\n\t\t\t<div class=\"elementor-widget-wrap elementor-element-populated\">\n\t\t\t\t\t\t<div class=\"elementor-element elementor-element-77efb66 elementor-widget elementor-widget-theme-post-title elementor-page-title elementor-widget-heading\" data-id=\"77efb66\" data-element_type=\"widget\" data-widget_type=\"theme-post-title.default\">\n\t\t\t\t<div class=\"elementor-widget-container\">\n\t\t\t\t\t<h1 class=\"elementor-heading-title elementor-size-default\">Akademi Komisyonu<\/h1>\t\t\t\t<\/div>\n\t\t\t\t<\/div>\n\t\t\t\t\t<\/div>\n\t\t<\/div>\n\t\t\t\t\t<\/div>\n\t\t<\/section>\n\t\t\t\t<section class=\"elementor-section elementor-top-section elementor-element elementor-element-250c6c65 elementor-section-boxed elementor-section-height-default elementor-section-height-default\" data-id=\"250c6c65\" data-element_type=\"section\" data-settings=\"{&quot;background_background&quot;:&quot;classic&quot;}\">\n\t\t\t\t\t\t\t<div class=\"elementor-background-overlay\"><\/div>\n\t\t\t\t\t\t\t<div class=\"elementor-container elementor-column-gap-no\">\n\t\t\t\t\t<div class=\"elementor-column elementor-col-50 elementor-top-column elementor-element elementor-element-1a76fc83\" data-id=\"1a76fc83\" data-element_type=\"column\">\n\t\t\t<div class=\"elementor-widget-wrap elementor-element-populated\">\n\t\t\t\t\t\t<div class=\"elementor-element elementor-element-170de77 elementor-widget elementor-widget-image\" data-id=\"170de77\" data-element_type=\"widget\" data-widget_type=\"image.default\">\n\t\t\t\t<div class=\"elementor-widget-container\">\n\t\t\t\t\t\t\t\t\t\t\t\t\t\t\t<img fetchpriority=\"high\" decoding=\"async\" width=\"800\" height=\"428\" src=\"https:\/\/tumkad.org.tr\/wp-content\/uploads\/2025\/04\/Akademi-komisyonu-1024x548.jpg\" class=\"attachment-large size-large wp-image-1819\" alt=\"Akademi-komisyonu\" srcset=\"https:\/\/tumkad.org.tr\/wp-content\/uploads\/2025\/04\/Akademi-komisyonu-1024x548.jpg 1024w, https:\/\/tumkad.org.tr\/wp-content\/uploads\/2025\/04\/Akademi-komisyonu-300x161.jpg 300w, https:\/\/tumkad.org.tr\/wp-content\/uploads\/2025\/04\/Akademi-komisyonu-768x411.jpg 768w, https:\/\/tumkad.org.tr\/wp-content\/uploads\/2025\/04\/Akademi-komisyonu-1536x822.jpg 1536w, https:\/\/tumkad.org.tr\/wp-content\/uploads\/2025\/04\/Akademi-komisyonu.jpg 2000w\" sizes=\"(max-width: 800px) 100vw, 800px\" \/>\t\t\t\t\t\t\t\t\t\t\t\t\t\t\t<\/div>\n\t\t\t\t<\/div>\n\t\t\t\t<div class=\"elementor-element elementor-element-7b047124 elementor-widget elementor-widget-text-editor\" data-id=\"7b047124\" data-element_type=\"widget\" data-widget_type=\"text-editor.default\">\n\t\t\t\t<div class=\"elementor-widget-container\">\n\t\t\t\t\t\t\t\t\t<p>Akademi komisyonu, T\u00dcMKAD&#8217; \u0131n misyon, vizyon ve stratejik hedeflerine ba\u011fl\u0131 olarak, meslekta\u015flar\u0131m\u0131z\u0131n akademik ve profesyonel geli\u015fimine katk\u0131 sa\u011flamak amac\u0131yla, m\u00fchendislik alan\u0131ndaki e\u011fitim programlar\u0131n\u0131 akademik ve sekt\u00f6rel i\u015f birli\u011fini esas alarak, haz\u0131rlar ve organize eder.<\/p><p><strong>\u00c7al\u0131\u015fma Kapsam\u0131:<\/strong><\/p><ul><li>Seminer ve Konferanslar: Alan\u0131nda uzman isimlerin kat\u0131l\u0131m\u0131yla g\u00fcncel m\u00fchendislik konular\u0131n\u0131 ele alan etkinlikler d\u00fczenlemek.<\/li><li>At\u00f6lye ve E\u011fitim Programlar\u0131: M\u00fchendislik \u00f6\u011frencilerinin ve profesyonellerin, teknik, meslekive sekt\u00f6rel becerilerini geli\u015ftirmeye y\u00f6nelik e\u011fitimleri g\u00fcncel trend analizlerine g\u00f6re d\u00fczenlemek.<\/li><li>Dernek \u00dcyelerimize Y\u00f6nelik E\u011fitim ve Bilgi Payla\u015f\u0131m\u0131 Programlar\u0131: \u00dcyelerimizin ihtiya\u00e7lar\u0131na y\u00f6nelik teknik e\u011fitimler, liderlik ve ileti\u015fim becerilerini geli\u015ftiren programlar, proje y\u00f6netimi ve m\u00fchendislik eti\u011fi gibi konularda kapsaml\u0131 e\u011fitim ve geli\u015fim programlar\u0131 d\u00fczenlemek.<\/li><\/ul><p>Akademi komisyonu olarak, s\u00fcrekli \u00f6\u011frenmenin g\u00fcc\u00fcn\u00fcn fark\u0131nday\u0131z ve d\u00f6n\u00fc\u015f\u00fcm\u00fc geli\u015ferek sa\u011flamak \u00fczere \u00e7al\u0131\u015fmalar\u0131m\u0131za h\u0131zla devam ediyoruz.\u00a0<\/p>\t\t\t\t\t\t\t\t<\/div>\n\t\t\t\t<\/div>\n\t\t\t\t\t<\/div>\n\t\t<\/div>\n\t\t\t\t<div class=\"elementor-column elementor-col-50 elementor-top-column elementor-element elementor-element-55ff75ae\" data-id=\"55ff75ae\" data-element_type=\"column\">\n\t\t\t<div class=\"elementor-widget-wrap elementor-element-populated\">\n\t\t\t\t\t\t<div class=\"elementor-element elementor-element-466d4fd elementor-widget elementor-widget-heading\" data-id=\"466d4fd\" data-element_type=\"widget\" data-widget_type=\"heading.default\">\n\t\t\t\t<div class=\"elementor-widget-container\">\n\t\t\t\t\t<h4 class=\"elementor-heading-title elementor-size-default\">Komisyonlar<\/h4>\t\t\t\t<\/div>\n\t\t\t\t<\/div>\n\t\t\t\t<div class=\"elementor-element elementor-element-41b2fef elementor-icon-list--layout-traditional elementor-list-item-link-full_width elementor-widget elementor-widget-global elementor-global-1156 elementor-widget-icon-list\" data-id=\"41b2fef\" data-element_type=\"widget\" data-widget_type=\"icon-list.default\">\n\t\t\t\t<div class=\"elementor-widget-container\">\n\t\t\t\t\t\t\t<ul class=\"elementor-icon-list-items\">\n\t\t\t\t\t\t\t<li class=\"elementor-icon-list-item\">\n\t\t\t\t\t\t\t\t\t\t\t<a href=\"https:\/\/tumkad.org.tr\/en\/komisyonlar\/uye-iliskileri-komisyonu\/\">\n\n\t\t\t\t\t\t\t\t\t\t\t\t<span class=\"elementor-icon-list-icon\">\n\t\t\t\t\t\t\t<svg aria-hidden=\"true\" class=\"e-font-icon-svg e-fas-check\" viewbox=\"0 0 512 512\" xmlns=\"http:\/\/www.w3.org\/2000\/svg\"><path d=\"M173.898 439.404l-166.4-166.4c-9.997-9.997-9.997-26.206 0-36.204l36.203-36.204c9.997-9.998 26.207-9.998 36.204 0L192 312.69 432.095 72.596c9.997-9.997 26.207-9.997 36.204 0l36.203 36.204c9.997 9.997 9.997 26.206 0 36.204l-294.4 294.401c-9.998 9.997-26.207 9.997-36.204-.001z\"><\/path><\/svg>\t\t\t\t\t\t<\/span>\n\t\t\t\t\t\t\t\t\t\t<span class=\"elementor-icon-list-text\">\u00dcye \u0130li\u015fkileri<\/span>\n\t\t\t\t\t\t\t\t\t\t\t<\/a>\n\t\t\t\t\t\t\t\t\t<\/li>\n\t\t\t\t\t\t\t\t<li class=\"elementor-icon-list-item\">\n\t\t\t\t\t\t\t\t\t\t\t<a href=\"https:\/\/tumkad.org.tr\/en\/komisyonlar\/inovasyon-ve-girisimcilik-komisyonu\/\">\n\n\t\t\t\t\t\t\t\t\t\t\t\t<span class=\"elementor-icon-list-icon\">\n\t\t\t\t\t\t\t<svg aria-hidden=\"true\" class=\"e-font-icon-svg e-fas-check\" viewbox=\"0 0 512 512\" xmlns=\"http:\/\/www.w3.org\/2000\/svg\"><path d=\"M173.898 439.404l-166.4-166.4c-9.997-9.997-9.997-26.206 0-36.204l36.203-36.204c9.997-9.998 26.207-9.998 36.204 0L192 312.69 432.095 72.596c9.997-9.997 26.207-9.997 36.204 0l36.203 36.204c9.997 9.997 9.997 26.206 0 36.204l-294.4 294.401c-9.998 9.997-26.207 9.997-36.204-.001z\"><\/path><\/svg>\t\t\t\t\t\t<\/span>\n\t\t\t\t\t\t\t\t\t\t<span class=\"elementor-icon-list-text\">Giri\u015fimcilik, \u0130novasyon ve F\u00fct\u00fcrizm<\/span>\n\t\t\t\t\t\t\t\t\t\t\t<\/a>\n\t\t\t\t\t\t\t\t\t<\/li>\n\t\t\t\t\t\t\t\t<li class=\"elementor-icon-list-item\">\n\t\t\t\t\t\t\t\t\t\t\t<a href=\"https:\/\/tumkad.org.tr\/en\/komisyonlar\/proje-komisyonu\/\">\n\n\t\t\t\t\t\t\t\t\t\t\t\t<span class=\"elementor-icon-list-icon\">\n\t\t\t\t\t\t\t<svg aria-hidden=\"true\" class=\"e-font-icon-svg e-fas-check\" viewbox=\"0 0 512 512\" xmlns=\"http:\/\/www.w3.org\/2000\/svg\"><path d=\"M173.898 439.404l-166.4-166.4c-9.997-9.997-9.997-26.206 0-36.204l36.203-36.204c9.997-9.998 26.207-9.998 36.204 0L192 312.69 432.095 72.596c9.997-9.997 26.207-9.997 36.204 0l36.203 36.204c9.997 9.997 9.997 26.206 0 36.204l-294.4 294.401c-9.998 9.997-26.207 9.997-36.204-.001z\"><\/path><\/svg>\t\t\t\t\t\t<\/span>\n\t\t\t\t\t\t\t\t\t\t<span class=\"elementor-icon-list-text\">Proje<\/span>\n\t\t\t\t\t\t\t\t\t\t\t<\/a>\n\t\t\t\t\t\t\t\t\t<\/li>\n\t\t\t\t\t\t\t\t<li class=\"elementor-icon-list-item\">\n\t\t\t\t\t\t\t\t\t\t\t<a href=\"https:\/\/tumkad.org.tr\/en\/komisyonlar\/surdurulebilirlik-komisyonu\/\">\n\n\t\t\t\t\t\t\t\t\t\t\t\t<span class=\"elementor-icon-list-icon\">\n\t\t\t\t\t\t\t<svg aria-hidden=\"true\" class=\"e-font-icon-svg e-fas-check\" viewbox=\"0 0 512 512\" xmlns=\"http:\/\/www.w3.org\/2000\/svg\"><path d=\"M173.898 439.404l-166.4-166.4c-9.997-9.997-9.997-26.206 0-36.204l36.203-36.204c9.997-9.998 26.207-9.998 36.204 0L192 312.69 432.095 72.596c9.997-9.997 26.207-9.997 36.204 0l36.203 36.204c9.997 9.997 9.997 26.206 0 36.204l-294.4 294.401c-9.998 9.997-26.207 9.997-36.204-.001z\"><\/path><\/svg>\t\t\t\t\t\t<\/span>\n\t\t\t\t\t\t\t\t\t\t<span class=\"elementor-icon-list-text\">S\u00fcrd\u00fcr\u00fclebilirlik<\/span>\n\t\t\t\t\t\t\t\t\t\t\t<\/a>\n\t\t\t\t\t\t\t\t\t<\/li>\n\t\t\t\t\t\t\t\t<li class=\"elementor-icon-list-item\">\n\t\t\t\t\t\t\t\t\t\t\t<a href=\"https:\/\/tumkad.org.tr\/en\/komisyonlar\/akademi-komisyonu\/\">\n\n\t\t\t\t\t\t\t\t\t\t\t\t<span class=\"elementor-icon-list-icon\">\n\t\t\t\t\t\t\t<svg aria-hidden=\"true\" class=\"e-font-icon-svg e-fas-check\" viewbox=\"0 0 512 512\" xmlns=\"http:\/\/www.w3.org\/2000\/svg\"><path d=\"M173.898 439.404l-166.4-166.4c-9.997-9.997-9.997-26.206 0-36.204l36.203-36.204c9.997-9.998 26.207-9.998 36.204 0L192 312.69 432.095 72.596c9.997-9.997 26.207-9.997 36.204 0l36.203 36.204c9.997 9.997 9.997 26.206 0 36.204l-294.4 294.401c-9.998 9.997-26.207 9.997-36.204-.001z\"><\/path><\/svg>\t\t\t\t\t\t<\/span>\n\t\t\t\t\t\t\t\t\t\t<span class=\"elementor-icon-list-text\">Akademi <\/span>\n\t\t\t\t\t\t\t\t\t\t\t<\/a>\n\t\t\t\t\t\t\t\t\t<\/li>\n\t\t\t\t\t\t\t\t<li class=\"elementor-icon-list-item\">\n\t\t\t\t\t\t\t\t\t\t\t<a href=\"https:\/\/tumkad.org.tr\/en\/komisyonlar\/sosyal-medya-komisyonu\/\">\n\n\t\t\t\t\t\t\t\t\t\t\t\t<span class=\"elementor-icon-list-icon\">\n\t\t\t\t\t\t\t<svg aria-hidden=\"true\" class=\"e-font-icon-svg e-fas-check\" viewbox=\"0 0 512 512\" xmlns=\"http:\/\/www.w3.org\/2000\/svg\"><path d=\"M173.898 439.404l-166.4-166.4c-9.997-9.997-9.997-26.206 0-36.204l36.203-36.204c9.997-9.998 26.207-9.998 36.204 0L192 312.69 432.095 72.596c9.997-9.997 26.207-9.997 36.204 0l36.203 36.204c9.997 9.997 9.997 26.206 0 36.204l-294.4 294.401c-9.998 9.997-26.207 9.997-36.204-.001z\"><\/path><\/svg>\t\t\t\t\t\t<\/span>\n\t\t\t\t\t\t\t\t\t\t<span class=\"elementor-icon-list-text\">Sosyal Medya <\/span>\n\t\t\t\t\t\t\t\t\t\t\t<\/a>\n\t\t\t\t\t\t\t\t\t<\/li>\n\t\t\t\t\t\t\t\t<li class=\"elementor-icon-list-item\">\n\t\t\t\t\t\t\t\t\t\t\t<a href=\"https:\/\/tumkad.org.tr\/en\/komisyonlar\/yapay-zeka-ve-dijital-donusum-komisyonu\/\">\n\n\t\t\t\t\t\t\t\t\t\t\t\t<span class=\"elementor-icon-list-icon\">\n\t\t\t\t\t\t\t<svg aria-hidden=\"true\" class=\"e-font-icon-svg e-fas-check\" viewbox=\"0 0 512 512\" xmlns=\"http:\/\/www.w3.org\/2000\/svg\"><path d=\"M173.898 439.404l-166.4-166.4c-9.997-9.997-9.997-26.206 0-36.204l36.203-36.204c9.997-9.998 26.207-9.998 36.204 0L192 312.69 432.095 72.596c9.997-9.997 26.207-9.997 36.204 0l36.203 36.204c9.997 9.997 9.997 26.206 0 36.204l-294.4 294.401c-9.998 9.997-26.207 9.997-36.204-.001z\"><\/path><\/svg>\t\t\t\t\t\t<\/span>\n\t\t\t\t\t\t\t\t\t\t<span class=\"elementor-icon-list-text\">Yapay Zeka ve Dijital D\u00f6n\u00fc\u015f\u00fcm <\/span>\n\t\t\t\t\t\t\t\t\t\t\t<\/a>\n\t\t\t\t\t\t\t\t\t<\/li>\n\t\t\t\t\t\t\t\t<li class=\"elementor-icon-list-item\">\n\t\t\t\t\t\t\t\t\t\t\t<a href=\"https:\/\/tumkad.org.tr\/en\/komisyonlar\/kultur-sanat-ve-etkinlik-komisyonu\/\">\n\n\t\t\t\t\t\t\t\t\t\t\t\t<span class=\"elementor-icon-list-icon\">\n\t\t\t\t\t\t\t<svg aria-hidden=\"true\" class=\"e-font-icon-svg e-fas-check\" viewbox=\"0 0 512 512\" xmlns=\"http:\/\/www.w3.org\/2000\/svg\"><path d=\"M173.898 439.404l-166.4-166.4c-9.997-9.997-9.997-26.206 0-36.204l36.203-36.204c9.997-9.998 26.207-9.998 36.204 0L192 312.69 432.095 72.596c9.997-9.997 26.207-9.997 36.204 0l36.203 36.204c9.997 9.997 9.997 26.206 0 36.204l-294.4 294.401c-9.998 9.997-26.207 9.997-36.204-.001z\"><\/path><\/svg>\t\t\t\t\t\t<\/span>\n\t\t\t\t\t\t\t\t\t\t<span class=\"elementor-icon-list-text\">K\u00fclt\u00fcr Sanat ve Etkinlik<\/span>\n\t\t\t\t\t\t\t\t\t\t\t<\/a>\n\t\t\t\t\t\t\t\t\t<\/li>\n\t\t\t\t\t\t<\/ul>\n\t\t\t\t\t\t<\/div>\n\t\t\t\t<\/div>\n\t\t\t\t\t<\/div>\n\t\t<\/div>\n\t\t\t\t\t<\/div>\n\t\t<\/section>\n\t\t\t\t<\/div>","protected":false},"excerpt":{"rendered":"<p>Akademi komisyonu, T\u00dcMKAD&#8217; \u0131n misyon, vizyon ve stratejik hedeflerine ba\u011fl\u0131 olarak, meslekta\u015flar\u0131m\u0131z\u0131n akademik ve profesyonel geli\u015fimine katk\u0131 sa\u011flamak amac\u0131yla, m\u00fchendislik alan\u0131ndaki e\u011fitim programlar\u0131n\u0131 akademik ve sekt\u00f6rel i\u015f birli\u011fini esas alarak, haz\u0131rlar ve organize eder. \u00c7al\u0131\u015fma Kapsam\u0131: Seminer ve Konferanslar: Alan\u0131nda uzman isimlerin kat\u0131l\u0131m\u0131yla g\u00fcncel m\u00fchendislik konular\u0131n\u0131 ele alan etkinlikler d\u00fczenlemek. At\u00f6lye ve E\u011fitim Programlar\u0131: M\u00fchendislik [&hellip;]<\/p>","protected":false},"author":1,"featured_media":0,"parent":506,"menu_order":0,"comment_status":"closed","ping_status":"closed","template":"elementor_header_footer","meta":{"footnotes":""},"class_list":["post-508","page","type-page","status-publish","hentry"],"_links":{"self":[{"href":"https:\/\/tumkad.org.tr\/en\/wp-json\/wp\/v2\/pages\/508","targetHints":{"allow":["GET"]}}],"collection":[{"href":"https:\/\/tumkad.org.tr\/en\/wp-json\/wp\/v2\/pages"}],"about":[{"href":"https:\/\/tumkad.org.tr\/en\/wp-json\/wp\/v2\/types\/page"}],"author":[{"embeddable":true,"href":"https:\/\/tumkad.org.tr\/en\/wp-json\/wp\/v2\/users\/1"}],"replies":[{"embeddable":true,"href":"https:\/\/tumkad.org.tr\/en\/wp-json\/wp\/v2\/comments?post=508"}],"version-history":[{"count":28,"href":"https:\/\/tumkad.org.tr\/en\/wp-json\/wp\/v2\/pages\/508\/revisions"}],"predecessor-version":[{"id":3467,"href":"https:\/\/tumkad.org.tr\/en\/wp-json\/wp\/v2\/pages\/508\/revisions\/3467"}],"up":[{"embeddable":true,"href":"https:\/\/tumkad.org.tr\/en\/wp-json\/wp\/v2\/pages\/506"}],"wp:attachment":[{"href":"https:\/\/tumkad.org.tr\/en\/wp-json\/wp\/v2\/media?parent=508"}],"curies":[{"name":"wp","href":"https:\/\/api.w.org\/{rel}","templated":true}]}}