{"id":510,"date":"2024-11-04T05:02:06","date_gmt":"2024-11-04T02:02:06","guid":{"rendered":"https:\/\/test1.tumkad.org.tr\/?page_id=510"},"modified":"2025-07-01T17:44:48","modified_gmt":"2025-07-01T14:44:48","slug":"inovasyon-ve-girisimcilik-komisyonu","status":"publish","type":"page","link":"https:\/\/tumkad.org.tr\/en\/komisyonlar\/inovasyon-ve-girisimcilik-komisyonu\/","title":{"rendered":"Giri\u015fimcilik \u0130novasyon ve F\u00fct\u00fcrizm Komisyonu"},"content":{"rendered":"<div data-elementor-type=\"wp-page\" data-elementor-id=\"510\" class=\"elementor elementor-510\" data-elementor-post-type=\"page\">\n\t\t\t\t\t\t<section class=\"elementor-section elementor-top-section elementor-element elementor-element-25c6f253 elementor-section-height-min-height elementor-section-boxed elementor-section-height-default elementor-section-items-middle\" data-id=\"25c6f253\" data-element_type=\"section\" data-settings=\"{&quot;background_background&quot;:&quot;classic&quot;}\">\n\t\t\t\t\t\t\t<div class=\"elementor-background-overlay\"><\/div>\n\t\t\t\t\t\t\t<div class=\"elementor-container elementor-column-gap-default\">\n\t\t\t\t\t<div class=\"elementor-column elementor-col-100 elementor-top-column elementor-element elementor-element-7ef7aeb\" data-id=\"7ef7aeb\" data-element_type=\"column\">\n\t\t\t<div class=\"elementor-widget-wrap elementor-element-populated\">\n\t\t\t\t\t\t<div class=\"elementor-element elementor-element-56a5add6 elementor-widget elementor-widget-theme-post-title elementor-page-title elementor-widget-heading\" data-id=\"56a5add6\" data-element_type=\"widget\" data-widget_type=\"theme-post-title.default\">\n\t\t\t\t<div class=\"elementor-widget-container\">\n\t\t\t\t\t<h1 class=\"elementor-heading-title elementor-size-default\">Giri\u015fimcilik \u0130novasyon ve F\u00fct\u00fcrizm Komisyonu<\/h1>\t\t\t\t<\/div>\n\t\t\t\t<\/div>\n\t\t\t\t\t<\/div>\n\t\t<\/div>\n\t\t\t\t\t<\/div>\n\t\t<\/section>\n\t\t\t\t<section class=\"elementor-section elementor-top-section elementor-element elementor-element-78d3a9d8 elementor-section-boxed elementor-section-height-default elementor-section-height-default\" data-id=\"78d3a9d8\" data-element_type=\"section\" data-settings=\"{&quot;background_background&quot;:&quot;classic&quot;}\">\n\t\t\t\t\t\t\t<div class=\"elementor-background-overlay\"><\/div>\n\t\t\t\t\t\t\t<div class=\"elementor-container elementor-column-gap-no\">\n\t\t\t\t\t<div class=\"elementor-column elementor-col-50 elementor-top-column elementor-element elementor-element-4fcbf52c\" data-id=\"4fcbf52c\" data-element_type=\"column\">\n\t\t\t<div class=\"elementor-widget-wrap elementor-element-populated\">\n\t\t\t\t\t\t<div class=\"elementor-element elementor-element-f547141 elementor-widget elementor-widget-image\" data-id=\"f547141\" data-element_type=\"widget\" data-widget_type=\"image.default\">\n\t\t\t\t<div class=\"elementor-widget-container\">\n\t\t\t\t\t\t\t\t\t\t\t\t\t\t\t<img fetchpriority=\"high\" decoding=\"async\" width=\"800\" height=\"534\" src=\"https:\/\/tumkad.org.tr\/wp-content\/uploads\/2025\/04\/girisimcilik-komisyonu-1024x684.jpg\" class=\"attachment-large size-large wp-image-1827\" alt=\"girisimcilik-komisyonu\" srcset=\"https:\/\/tumkad.org.tr\/wp-content\/uploads\/2025\/04\/girisimcilik-komisyonu-1024x684.jpg 1024w, https:\/\/tumkad.org.tr\/wp-content\/uploads\/2025\/04\/girisimcilik-komisyonu-300x200.jpg 300w, https:\/\/tumkad.org.tr\/wp-content\/uploads\/2025\/04\/girisimcilik-komisyonu-768x513.jpg 768w, https:\/\/tumkad.org.tr\/wp-content\/uploads\/2025\/04\/girisimcilik-komisyonu-1536x1025.jpg 1536w, https:\/\/tumkad.org.tr\/wp-content\/uploads\/2025\/04\/girisimcilik-komisyonu.jpg 2000w\" sizes=\"(max-width: 800px) 100vw, 800px\" \/>\t\t\t\t\t\t\t\t\t\t\t\t\t\t\t<\/div>\n\t\t\t\t<\/div>\n\t\t\t\t<div class=\"elementor-element elementor-element-68d34dee elementor-widget elementor-widget-text-editor\" data-id=\"68d34dee\" data-element_type=\"widget\" data-widget_type=\"text-editor.default\">\n\t\t\t\t<div class=\"elementor-widget-container\">\n\t\t\t\t\t\t\t\t\t<p>Giri\u015fimcilik, \u0130novasyon ve F\u00fct\u00fcrizm Komisyonu, gelece\u011fin i\u015f d\u00fcnyas\u0131, teknolojik geli\u015fmeler ve toplumsal de\u011fi\u015fimlere y\u00f6nelik stratejiler geli\u015ftirmek amac\u0131yla \u00e7al\u0131\u015fan bir platformdur. Komisyonun temel hedefleri:<\/p><p><strong>\u0130novasyon ve Giri\u015fimcilik K\u00fclt\u00fcr\u00fcn\u00fcn Yayg\u0131nla\u015ft\u0131r\u0131lmas\u0131<\/strong><br \/>* Yarat\u0131c\u0131 d\u00fc\u015f\u00fcnme ve yenilik\u00e7i fikirlerin te\u015fviki.<br \/>* Giri\u015fimcilik ekosisteminin g\u00fc\u00e7lendirilmesi.<br \/><strong>Teknolojik ve Gelecek Trendlerinin \u0130zlenmesi<\/strong><br \/>* Yeni teknolojilerin i\u015f d\u00fcnyas\u0131na etkilerinin analizi.<br \/>* Gelecekteki i\u015f g\u00fcc\u00fc ve beceri ihtiya\u00e7lar\u0131n\u0131n belirlenmesi.<br \/><strong>S\u00fcrd\u00fcr\u00fclebilir ve Etik \u0130novasyon Stratejileri<\/strong><br \/>*\u00c7evre dostu ve toplumsal sorumluluk ta\u015f\u0131yan projelerin desteklenmesi.<br \/>*Etik i\u015f modellerinin yayg\u0131nla\u015ft\u0131r\u0131lmas\u0131.<br \/><strong>Gelecek Vizyonu ve Stratejik Planlama<\/strong><br \/>*Uzun vadeli stratejiler ve yol haritalar\u0131n\u0131n olu\u015fturulmas\u0131.<br \/>*Ekonomik , toplumsal ve teknolojik de\u011fi\u015fimlere uyum sa\u011flayacak analizlerin yap\u0131lmas\u0131.<\/p><p><strong>\u00c7al\u0131\u015fma Kapsam\u0131:<\/strong><\/p><ul><li>Ara\u015ft\u0131rma ve E\u011fitim: \u0130novasyon ve giri\u015fimcilik odakl\u0131 Ar-Ge \u00e7al\u0131\u015fmalar\u0131, e\u011fitim programlar\u0131 ve seminerler.<\/li><li>Politika ve \u0130\u015fbirlikleri: Kamu-\u00f6zel sekt\u00f6r i\u015fbirliklerinin g\u00fc\u00e7lendirilmesi, inovasyonu destekleyen politikalar\u0131n geli\u015ftirilmesi.<\/li><li>K\u00fcresel ve Yerel Entegrasyon: K\u00fcresel trendlerin izlenmesi ve yerel pazarlara uyarlanmas\u0131.<\/li><\/ul><p>Komisyon, \u00e7ok disiplinli bir yakla\u015f\u0131mla verilere dayal\u0131 ihtiya\u00e7lar\u0131 analiz ederek, kamu, \u00f6zel sekt\u00f6r ve akademik i\u015fbirlikleri kurar, yenilik\u00e7i \u00e7\u00f6z\u00fcmler \u00fcretir ve toplumsal kalk\u0131nmay\u0131 desteklemek i\u00e7in etkin bir rol oynar.&#8221;<\/p>\t\t\t\t\t\t\t\t<\/div>\n\t\t\t\t<\/div>\n\t\t\t\t\t<\/div>\n\t\t<\/div>\n\t\t\t\t<div class=\"elementor-column elementor-col-50 elementor-top-column elementor-element elementor-element-5ba5777e\" data-id=\"5ba5777e\" data-element_type=\"column\">\n\t\t\t<div class=\"elementor-widget-wrap elementor-element-populated\">\n\t\t\t\t\t\t<div class=\"elementor-element elementor-element-4044c0ef elementor-widget elementor-widget-heading\" data-id=\"4044c0ef\" data-element_type=\"widget\" data-widget_type=\"heading.default\">\n\t\t\t\t<div class=\"elementor-widget-container\">\n\t\t\t\t\t<h4 class=\"elementor-heading-title elementor-size-default\">KOM\u0130SYONLAR<\/h4>\t\t\t\t<\/div>\n\t\t\t\t<\/div>\n\t\t\t\t<div class=\"elementor-element elementor-element-168bd875 elementor-icon-list--layout-traditional elementor-list-item-link-full_width elementor-widget elementor-widget-global elementor-global-1156 elementor-widget-icon-list\" data-id=\"168bd875\" data-element_type=\"widget\" data-widget_type=\"icon-list.default\">\n\t\t\t\t<div class=\"elementor-widget-container\">\n\t\t\t\t\t\t\t<ul class=\"elementor-icon-list-items\">\n\t\t\t\t\t\t\t<li class=\"elementor-icon-list-item\">\n\t\t\t\t\t\t\t\t\t\t\t<a href=\"https:\/\/tumkad.org.tr\/en\/komisyonlar\/uye-iliskileri-komisyonu\/\">\n\n\t\t\t\t\t\t\t\t\t\t\t\t<span class=\"elementor-icon-list-icon\">\n\t\t\t\t\t\t\t<svg aria-hidden=\"true\" class=\"e-font-icon-svg e-fas-check\" viewbox=\"0 0 512 512\" xmlns=\"http:\/\/www.w3.org\/2000\/svg\"><path d=\"M173.898 439.404l-166.4-166.4c-9.997-9.997-9.997-26.206 0-36.204l36.203-36.204c9.997-9.998 26.207-9.998 36.204 0L192 312.69 432.095 72.596c9.997-9.997 26.207-9.997 36.204 0l36.203 36.204c9.997 9.997 9.997 26.206 0 36.204l-294.4 294.401c-9.998 9.997-26.207 9.997-36.204-.001z\"><\/path><\/svg>\t\t\t\t\t\t<\/span>\n\t\t\t\t\t\t\t\t\t\t<span class=\"elementor-icon-list-text\">\u00dcye \u0130li\u015fkileri<\/span>\n\t\t\t\t\t\t\t\t\t\t\t<\/a>\n\t\t\t\t\t\t\t\t\t<\/li>\n\t\t\t\t\t\t\t\t<li class=\"elementor-icon-list-item\">\n\t\t\t\t\t\t\t\t\t\t\t<a href=\"https:\/\/tumkad.org.tr\/en\/komisyonlar\/inovasyon-ve-girisimcilik-komisyonu\/\">\n\n\t\t\t\t\t\t\t\t\t\t\t\t<span class=\"elementor-icon-list-icon\">\n\t\t\t\t\t\t\t<svg aria-hidden=\"true\" class=\"e-font-icon-svg e-fas-check\" viewbox=\"0 0 512 512\" xmlns=\"http:\/\/www.w3.org\/2000\/svg\"><path d=\"M173.898 439.404l-166.4-166.4c-9.997-9.997-9.997-26.206 0-36.204l36.203-36.204c9.997-9.998 26.207-9.998 36.204 0L192 312.69 432.095 72.596c9.997-9.997 26.207-9.997 36.204 0l36.203 36.204c9.997 9.997 9.997 26.206 0 36.204l-294.4 294.401c-9.998 9.997-26.207 9.997-36.204-.001z\"><\/path><\/svg>\t\t\t\t\t\t<\/span>\n\t\t\t\t\t\t\t\t\t\t<span class=\"elementor-icon-list-text\">Giri\u015fimcilik, \u0130novasyon ve F\u00fct\u00fcrizm<\/span>\n\t\t\t\t\t\t\t\t\t\t\t<\/a>\n\t\t\t\t\t\t\t\t\t<\/li>\n\t\t\t\t\t\t\t\t<li class=\"elementor-icon-list-item\">\n\t\t\t\t\t\t\t\t\t\t\t<a href=\"https:\/\/tumkad.org.tr\/en\/komisyonlar\/proje-komisyonu\/\">\n\n\t\t\t\t\t\t\t\t\t\t\t\t<span class=\"elementor-icon-list-icon\">\n\t\t\t\t\t\t\t<svg aria-hidden=\"true\" class=\"e-font-icon-svg e-fas-check\" viewbox=\"0 0 512 512\" xmlns=\"http:\/\/www.w3.org\/2000\/svg\"><path d=\"M173.898 439.404l-166.4-166.4c-9.997-9.997-9.997-26.206 0-36.204l36.203-36.204c9.997-9.998 26.207-9.998 36.204 0L192 312.69 432.095 72.596c9.997-9.997 26.207-9.997 36.204 0l36.203 36.204c9.997 9.997 9.997 26.206 0 36.204l-294.4 294.401c-9.998 9.997-26.207 9.997-36.204-.001z\"><\/path><\/svg>\t\t\t\t\t\t<\/span>\n\t\t\t\t\t\t\t\t\t\t<span class=\"elementor-icon-list-text\">Proje<\/span>\n\t\t\t\t\t\t\t\t\t\t\t<\/a>\n\t\t\t\t\t\t\t\t\t<\/li>\n\t\t\t\t\t\t\t\t<li class=\"elementor-icon-list-item\">\n\t\t\t\t\t\t\t\t\t\t\t<a href=\"https:\/\/tumkad.org.tr\/en\/komisyonlar\/surdurulebilirlik-komisyonu\/\">\n\n\t\t\t\t\t\t\t\t\t\t\t\t<span class=\"elementor-icon-list-icon\">\n\t\t\t\t\t\t\t<svg aria-hidden=\"true\" class=\"e-font-icon-svg e-fas-check\" viewbox=\"0 0 512 512\" xmlns=\"http:\/\/www.w3.org\/2000\/svg\"><path d=\"M173.898 439.404l-166.4-166.4c-9.997-9.997-9.997-26.206 0-36.204l36.203-36.204c9.997-9.998 26.207-9.998 36.204 0L192 312.69 432.095 72.596c9.997-9.997 26.207-9.997 36.204 0l36.203 36.204c9.997 9.997 9.997 26.206 0 36.204l-294.4 294.401c-9.998 9.997-26.207 9.997-36.204-.001z\"><\/path><\/svg>\t\t\t\t\t\t<\/span>\n\t\t\t\t\t\t\t\t\t\t<span class=\"elementor-icon-list-text\">S\u00fcrd\u00fcr\u00fclebilirlik<\/span>\n\t\t\t\t\t\t\t\t\t\t\t<\/a>\n\t\t\t\t\t\t\t\t\t<\/li>\n\t\t\t\t\t\t\t\t<li class=\"elementor-icon-list-item\">\n\t\t\t\t\t\t\t\t\t\t\t<a href=\"https:\/\/tumkad.org.tr\/en\/komisyonlar\/akademi-komisyonu\/\">\n\n\t\t\t\t\t\t\t\t\t\t\t\t<span class=\"elementor-icon-list-icon\">\n\t\t\t\t\t\t\t<svg aria-hidden=\"true\" class=\"e-font-icon-svg e-fas-check\" viewbox=\"0 0 512 512\" xmlns=\"http:\/\/www.w3.org\/2000\/svg\"><path d=\"M173.898 439.404l-166.4-166.4c-9.997-9.997-9.997-26.206 0-36.204l36.203-36.204c9.997-9.998 26.207-9.998 36.204 0L192 312.69 432.095 72.596c9.997-9.997 26.207-9.997 36.204 0l36.203 36.204c9.997 9.997 9.997 26.206 0 36.204l-294.4 294.401c-9.998 9.997-26.207 9.997-36.204-.001z\"><\/path><\/svg>\t\t\t\t\t\t<\/span>\n\t\t\t\t\t\t\t\t\t\t<span class=\"elementor-icon-list-text\">Akademi <\/span>\n\t\t\t\t\t\t\t\t\t\t\t<\/a>\n\t\t\t\t\t\t\t\t\t<\/li>\n\t\t\t\t\t\t\t\t<li class=\"elementor-icon-list-item\">\n\t\t\t\t\t\t\t\t\t\t\t<a href=\"https:\/\/tumkad.org.tr\/en\/komisyonlar\/sosyal-medya-komisyonu\/\">\n\n\t\t\t\t\t\t\t\t\t\t\t\t<span class=\"elementor-icon-list-icon\">\n\t\t\t\t\t\t\t<svg aria-hidden=\"true\" class=\"e-font-icon-svg e-fas-check\" viewbox=\"0 0 512 512\" xmlns=\"http:\/\/www.w3.org\/2000\/svg\"><path d=\"M173.898 439.404l-166.4-166.4c-9.997-9.997-9.997-26.206 0-36.204l36.203-36.204c9.997-9.998 26.207-9.998 36.204 0L192 312.69 432.095 72.596c9.997-9.997 26.207-9.997 36.204 0l36.203 36.204c9.997 9.997 9.997 26.206 0 36.204l-294.4 294.401c-9.998 9.997-26.207 9.997-36.204-.001z\"><\/path><\/svg>\t\t\t\t\t\t<\/span>\n\t\t\t\t\t\t\t\t\t\t<span class=\"elementor-icon-list-text\">Sosyal Medya <\/span>\n\t\t\t\t\t\t\t\t\t\t\t<\/a>\n\t\t\t\t\t\t\t\t\t<\/li>\n\t\t\t\t\t\t\t\t<li class=\"elementor-icon-list-item\">\n\t\t\t\t\t\t\t\t\t\t\t<a href=\"https:\/\/tumkad.org.tr\/en\/komisyonlar\/yapay-zeka-ve-dijital-donusum-komisyonu\/\">\n\n\t\t\t\t\t\t\t\t\t\t\t\t<span class=\"elementor-icon-list-icon\">\n\t\t\t\t\t\t\t<svg aria-hidden=\"true\" class=\"e-font-icon-svg e-fas-check\" viewbox=\"0 0 512 512\" xmlns=\"http:\/\/www.w3.org\/2000\/svg\"><path d=\"M173.898 439.404l-166.4-166.4c-9.997-9.997-9.997-26.206 0-36.204l36.203-36.204c9.997-9.998 26.207-9.998 36.204 0L192 312.69 432.095 72.596c9.997-9.997 26.207-9.997 36.204 0l36.203 36.204c9.997 9.997 9.997 26.206 0 36.204l-294.4 294.401c-9.998 9.997-26.207 9.997-36.204-.001z\"><\/path><\/svg>\t\t\t\t\t\t<\/span>\n\t\t\t\t\t\t\t\t\t\t<span class=\"elementor-icon-list-text\">Yapay Zeka ve Dijital D\u00f6n\u00fc\u015f\u00fcm <\/span>\n\t\t\t\t\t\t\t\t\t\t\t<\/a>\n\t\t\t\t\t\t\t\t\t<\/li>\n\t\t\t\t\t\t\t\t<li class=\"elementor-icon-list-item\">\n\t\t\t\t\t\t\t\t\t\t\t<a href=\"https:\/\/tumkad.org.tr\/en\/komisyonlar\/kultur-sanat-ve-etkinlik-komisyonu\/\">\n\n\t\t\t\t\t\t\t\t\t\t\t\t<span class=\"elementor-icon-list-icon\">\n\t\t\t\t\t\t\t<svg aria-hidden=\"true\" class=\"e-font-icon-svg e-fas-check\" viewbox=\"0 0 512 512\" xmlns=\"http:\/\/www.w3.org\/2000\/svg\"><path d=\"M173.898 439.404l-166.4-166.4c-9.997-9.997-9.997-26.206 0-36.204l36.203-36.204c9.997-9.998 26.207-9.998 36.204 0L192 312.69 432.095 72.596c9.997-9.997 26.207-9.997 36.204 0l36.203 36.204c9.997 9.997 9.997 26.206 0 36.204l-294.4 294.401c-9.998 9.997-26.207 9.997-36.204-.001z\"><\/path><\/svg>\t\t\t\t\t\t<\/span>\n\t\t\t\t\t\t\t\t\t\t<span class=\"elementor-icon-list-text\">K\u00fclt\u00fcr Sanat ve Etkinlik<\/span>\n\t\t\t\t\t\t\t\t\t\t\t<\/a>\n\t\t\t\t\t\t\t\t\t<\/li>\n\t\t\t\t\t\t<\/ul>\n\t\t\t\t\t\t<\/div>\n\t\t\t\t<\/div>\n\t\t\t\t\t<\/div>\n\t\t<\/div>\n\t\t\t\t\t<\/div>\n\t\t<\/section>\n\t\t\t\t<\/div>","protected":false},"excerpt":{"rendered":"<p>Giri\u015fimcilik, \u0130novasyon ve F\u00fct\u00fcrizm Komisyonu, gelece\u011fin i\u015f d\u00fcnyas\u0131, teknolojik geli\u015fmeler ve toplumsal de\u011fi\u015fimlere y\u00f6nelik stratejiler geli\u015ftirmek amac\u0131yla \u00e7al\u0131\u015fan bir platformdur. Komisyonun temel hedefleri: \u0130novasyon ve Giri\u015fimcilik K\u00fclt\u00fcr\u00fcn\u00fcn Yayg\u0131nla\u015ft\u0131r\u0131lmas\u0131* Yarat\u0131c\u0131 d\u00fc\u015f\u00fcnme ve yenilik\u00e7i fikirlerin te\u015fviki.* Giri\u015fimcilik ekosisteminin g\u00fc\u00e7lendirilmesi.Teknolojik ve Gelecek Trendlerinin \u0130zlenmesi* Yeni teknolojilerin i\u015f d\u00fcnyas\u0131na etkilerinin analizi.* Gelecekteki i\u015f g\u00fcc\u00fc ve beceri ihtiya\u00e7lar\u0131n\u0131n belirlenmesi.S\u00fcrd\u00fcr\u00fclebilir ve [&hellip;]<\/p>","protected":false},"author":1,"featured_media":0,"parent":506,"menu_order":0,"comment_status":"closed","ping_status":"closed","template":"elementor_header_footer","meta":{"footnotes":""},"class_list":["post-510","page","type-page","status-publish","hentry"],"_links":{"self":[{"href":"https:\/\/tumkad.org.tr\/en\/wp-json\/wp\/v2\/pages\/510","targetHints":{"allow":["GET"]}}],"collection":[{"href":"https:\/\/tumkad.org.tr\/en\/wp-json\/wp\/v2\/pages"}],"about":[{"href":"https:\/\/tumkad.org.tr\/en\/wp-json\/wp\/v2\/types\/page"}],"author":[{"embeddable":true,"href":"https:\/\/tumkad.org.tr\/en\/wp-json\/wp\/v2\/users\/1"}],"replies":[{"embeddable":true,"href":"https:\/\/tumkad.org.tr\/en\/wp-json\/wp\/v2\/comments?post=510"}],"version-history":[{"count":34,"href":"https:\/\/tumkad.org.tr\/en\/wp-json\/wp\/v2\/pages\/510\/revisions"}],"predecessor-version":[{"id":3464,"href":"https:\/\/tumkad.org.tr\/en\/wp-json\/wp\/v2\/pages\/510\/revisions\/3464"}],"up":[{"embeddable":true,"href":"https:\/\/tumkad.org.tr\/en\/wp-json\/wp\/v2\/pages\/506"}],"wp:attachment":[{"href":"https:\/\/tumkad.org.tr\/en\/wp-json\/wp\/v2\/media?parent=510"}],"curies":[{"name":"wp","href":"https:\/\/api.w.org\/{rel}","templated":true}]}}