{"id":73,"date":"2024-11-03T20:58:40","date_gmt":"2024-11-03T17:58:40","guid":{"rendered":"https:\/\/test1.tumkad.org.tr\/?page_id=73"},"modified":"2025-10-11T14:29:23","modified_gmt":"2025-10-11T11:29:23","slug":"hakkimizda","status":"publish","type":"page","link":"https:\/\/tumkad.org.tr\/en\/hakkimizda\/","title":{"rendered":"Hakk\u0131m\u0131zda"},"content":{"rendered":"<div data-elementor-type=\"wp-page\" data-elementor-id=\"73\" class=\"elementor elementor-73\" data-elementor-post-type=\"page\">\n\t\t\t\t\t\t<section class=\"elementor-section elementor-top-section elementor-element elementor-element-122cff3c elementor-section-height-min-height elementor-section-boxed elementor-section-height-default elementor-section-items-middle\" data-id=\"122cff3c\" data-element_type=\"section\" data-settings=\"{&quot;background_background&quot;:&quot;classic&quot;}\">\n\t\t\t\t\t\t\t<div class=\"elementor-background-overlay\"><\/div>\n\t\t\t\t\t\t\t<div class=\"elementor-container elementor-column-gap-default\">\n\t\t\t\t\t<div class=\"elementor-column elementor-col-100 elementor-top-column elementor-element elementor-element-5cb78386\" data-id=\"5cb78386\" data-element_type=\"column\">\n\t\t\t<div class=\"elementor-widget-wrap elementor-element-populated\">\n\t\t\t\t\t\t<div class=\"elementor-element elementor-element-56170c98 elementor-widget elementor-widget-heading\" data-id=\"56170c98\" data-element_type=\"widget\" data-widget_type=\"heading.default\">\n\t\t\t\t<div class=\"elementor-widget-container\">\n\t\t\t\t\t<h3 class=\"elementor-heading-title elementor-size-default\">Hakk\u0131m\u0131zda<\/h3>\t\t\t\t<\/div>\n\t\t\t\t<\/div>\n\t\t\t\t\t<\/div>\n\t\t<\/div>\n\t\t\t\t\t<\/div>\n\t\t<\/section>\n\t\t\t\t<section class=\"elementor-section elementor-top-section elementor-element elementor-element-465b8c71 elementor-section-boxed elementor-section-height-default elementor-section-height-default\" data-id=\"465b8c71\" data-element_type=\"section\" data-settings=\"{&quot;background_background&quot;:&quot;classic&quot;}\">\n\t\t\t\t\t\t\t<div class=\"elementor-background-overlay\"><\/div>\n\t\t\t\t\t\t\t<div class=\"elementor-container elementor-column-gap-no\">\n\t\t\t\t\t<div class=\"elementor-column elementor-col-100 elementor-top-column elementor-element elementor-element-6679df94\" data-id=\"6679df94\" data-element_type=\"column\">\n\t\t\t<div class=\"elementor-widget-wrap elementor-element-populated\">\n\t\t\t\t\t\t<div class=\"elementor-element elementor-element-5ca65d8f elementor-widget elementor-widget-heading\" data-id=\"5ca65d8f\" data-element_type=\"widget\" data-widget_type=\"heading.default\">\n\t\t\t\t<div class=\"elementor-widget-container\">\n\t\t\t\t\t<h3 class=\"elementor-heading-title elementor-size-default\">T\u00fcm M\u00fchendis Kad\u0131nlar Derne\u011fi;<\/h3>\t\t\t\t<\/div>\n\t\t\t\t<\/div>\n\t\t\t\t<div class=\"elementor-element elementor-element-1c751880 elementor-widget elementor-widget-heading\" data-id=\"1c751880\" data-element_type=\"widget\" data-widget_type=\"heading.default\">\n\t\t\t\t<div class=\"elementor-widget-container\">\n\t\t\t\t\t<h5 class=\"elementor-heading-title elementor-size-default\">T\u00fcm M\u00fchendis Kad\u0131nlar Derne\u011fi (T\u00dcMKAD); \u00e7a\u011fda\u015f T\u00fcrk m\u00fchendis kad\u0131nlar\u0131n\u0131n i\u015f hayat\u0131n\u0131n her alan\u0131nda g\u00fc\u00e7lenerek varl\u0131\u011f\u0131n\u0131 s\u00fcrd\u00fcrmesi, potansiyel kad\u0131n m\u00fchendis adaylar\u0131n\u0131n ise geli\u015fimleri ve yetkinlikleri destekleyerek i\u015f hayat\u0131nda aktif rol almalar\u0131n\u0131 ama\u00e7lamaktad\u0131r.<\/h5>\t\t\t\t<\/div>\n\t\t\t\t<\/div>\n\t\t\t\t<div class=\"elementor-element elementor-element-4585629c elementor-widget-tablet__width-initial elementor-widget elementor-widget-text-editor\" data-id=\"4585629c\" data-element_type=\"widget\" data-widget_type=\"text-editor.default\">\n\t\t\t\t<div class=\"elementor-widget-container\">\n\t\t\t\t\t\t\t\t\t<p><strong>T\u00dcMKAD<\/strong>&#8216;\u0131n yolculu\u011fu, 7 M\u00fchendis kad\u0131n\u0131n,\u00a0 22 Temmuz 2019 tarihinde,\u00a0 \u201cUzun yolculuklar tek bir ad\u0131mla ba\u015flar.\u201d mottosu ile kurmu\u015f oldu\u011fu <strong>Bursa M\u00fchendis Kad\u0131nlar Derne\u011fi (BUMKAD)<\/strong> ile ba\u015flam\u0131\u015f oldu. <strong>BUMKAD<\/strong> ile ba\u015flayan bu yolculuk, ger\u00e7ekle\u015ftirilen proje say\u0131lar\u0131, projelerin etkiledi\u011fi ki\u015fi say\u0131lar\u0131, alanlar, b\u00f6lgeler ve katma de\u011ferinin artmaya ba\u015flamas\u0131 ile daha kapsay\u0131c\u0131 bir d\u00f6n\u00fc\u015f\u00fcm\u00fc de beraberinde getirmi\u015ftir. B\u00f6ylece 2024 y\u0131l\u0131 itibariyle, <strong>T\u00dcMKAD<\/strong> d\u00f6n\u00fc\u015f\u00fcm\u00fc ile bu yolculuk geni\u015fleyerek daha b\u00fcy\u00fck heyecanla devam etmektedir. <strong>T\u00dcMKAD<\/strong>&#8216;\u0131n merkezi Bursa olup, 6 \u015fehirde var olan temsilcilikleriyle \u00e7al\u0131\u015fmalar\u0131n\u0131 ger\u00e7ekle\u015ftirmektedir. Temsilcilikleri oldu\u011fu \u015fehirler; <strong>\u0130stanbul, Ankara, Sakarya, \u0130zmir, Antalya ve Eski\u015fehir&#8217;dir.<\/strong><\/p><p>Hedef kitlesi t\u00fcm i\u015f kollar\u0131nda uzmanl\u0131k sahibi olan kad\u0131n m\u00fchendisler, \u00fcniversitede okuyan kad\u0131n m\u00fchendis adaylar\u0131 ve lise-ortaokul ve ilkokul \u00f6\u011frencileri olan <strong>T\u00dcMKAD<\/strong>;<\/p><ul><li><strong>\u00dcye \u0130li\u015fkileri<\/strong><\/li><li><strong>Giri\u015fimcilik \u0130novasyon ve F\u00fct\u00fcrizm<\/strong><\/li><li><strong>Proje<\/strong><\/li><li><strong>S\u00fcrd\u00fcr\u00fclebilirlik<\/strong><\/li><li><strong>Akademi<\/strong><\/li><li><strong>Sosyal Medya<\/strong><\/li><li><strong>Yapay Zeka ve Dijital D\u00f6n\u00fc\u015f\u00fcm<\/strong><\/li><li><strong>K\u00fclt\u00fcr Sanat ve Etkinlik\u00a0<\/strong><\/li><\/ul><p>olmak \u00fczere 8 komisyonu ile, kad\u0131n m\u00fchendis adaylar\u0131n\u0131n ve kad\u0131n m\u00fchendislerin e\u011fitimlerine ve geli\u015fimlerine destek olma, \u00e7al\u0131\u015fan kad\u0131n m\u00fchendis ve m\u00fchendis adaylar\u0131n\u0131 bir araya getirerek, onlar\u0131n etkile\u015fimlerini ve fikir payla\u015f\u0131mlar\u0131n\u0131 sa\u011flama ve topluma fayda sa\u011flayacak projeler olu\u015fturma ama\u00e7l\u0131 faaliyetlerini s\u00fcrd\u00fcrmektedir.<\/p><p><strong>T\u00dcMKAD<\/strong>, insan hayat\u0131na dokunman\u0131n sosyal sorumluluk de\u011fil, toplumsal zorunluluk oldu\u011funun fark\u0131ndal\u0131\u011f\u0131 ile g\u00f6n\u00fcll\u00fc ve \u00f6zverili \u00e7al\u0131\u015fan \u00fcyelerinin deste\u011fini alarak vizyon ve misyonunu olu\u015fturmu\u015f olup, uzun yolculu\u011funda sa\u011flam ad\u0131mlarla ilerlemektedir.<\/p>\t\t\t\t\t\t\t\t<\/div>\n\t\t\t\t<\/div>\n\t\t\t\t\t<\/div>\n\t\t<\/div>\n\t\t\t\t\t<\/div>\n\t\t<\/section>\n\t\t\t\t<section class=\"elementor-section elementor-top-section elementor-element elementor-element-3d61c531 elementor-section-boxed elementor-section-height-default elementor-section-height-default\" data-id=\"3d61c531\" data-element_type=\"section\" data-settings=\"{&quot;background_background&quot;:&quot;classic&quot;}\">\n\t\t\t\t\t\t<div class=\"elementor-container elementor-column-gap-no\">\n\t\t\t\t\t<div class=\"elementor-column elementor-col-50 elementor-top-column elementor-element elementor-element-5febb4be\" data-id=\"5febb4be\" data-element_type=\"column\">\n\t\t\t<div class=\"elementor-widget-wrap\">\n\t\t\t\t\t\t\t<\/div>\n\t\t<\/div>\n\t\t\t\t<div class=\"elementor-column elementor-col-50 elementor-top-column elementor-element elementor-element-ba9f74b\" data-id=\"ba9f74b\" data-element_type=\"column\" data-settings=\"{&quot;background_background&quot;:&quot;classic&quot;}\">\n\t\t\t<div class=\"elementor-widget-wrap elementor-element-populated\">\n\t\t\t\t\t\t<div class=\"elementor-element elementor-element-4e48971e elementor-widget__width-auto elementor-widget elementor-widget-heading\" data-id=\"4e48971e\" data-element_type=\"widget\" data-widget_type=\"heading.default\">\n\t\t\t\t<div class=\"elementor-widget-container\">\n\t\t\t\t\t<h6 class=\"elementor-heading-title elementor-size-default\">V\u0130ZYONUMUZ<\/h6>\t\t\t\t<\/div>\n\t\t\t\t<\/div>\n\t\t\t\t<div class=\"elementor-element elementor-element-22e9e8b3 elementor-widget elementor-widget-text-editor\" data-id=\"22e9e8b3\" data-element_type=\"widget\" data-widget_type=\"text-editor.default\">\n\t\t\t\t<div class=\"elementor-widget-container\">\n\t\t\t\t\t\t\t\t\t<p>Uluslararas\u0131 kad\u0131n platformlar\u0131nda s\u00f6z sahibi olacak T\u00fcrkiye&#8217;nin potansiyel lider kad\u0131nlar\u0131n\u0131 yeti\u015ftirmek, kendini ger\u00e7ekle\u015ftirme yolculu\u011funda hayatlar\u0131na dokunmak.<\/p>\t\t\t\t\t\t\t\t<\/div>\n\t\t\t\t<\/div>\n\t\t\t\t<div class=\"elementor-element elementor-element-c237f32 elementor-widget__width-auto elementor-widget elementor-widget-heading\" data-id=\"c237f32\" data-element_type=\"widget\" data-widget_type=\"heading.default\">\n\t\t\t\t<div class=\"elementor-widget-container\">\n\t\t\t\t\t<h6 class=\"elementor-heading-title elementor-size-default\">M\u0130SYONUMUZ<\/h6>\t\t\t\t<\/div>\n\t\t\t\t<\/div>\n\t\t\t\t<div class=\"elementor-element elementor-element-1be81ab elementor-widget elementor-widget-text-editor\" data-id=\"1be81ab\" data-element_type=\"widget\" data-widget_type=\"text-editor.default\">\n\t\t\t\t<div class=\"elementor-widget-container\">\n\t\t\t\t\t\t\t\t\t<p>M\u00fchendis kad\u0131nlar\u0131n T\u00fcrkiye sanayisine katk\u0131s\u0131n\u0131 art\u0131rmak , kad\u0131nlar\u0131 i\u015f hayat\u0131ndaki rekabet\u00e7i ko\u015fullara kar\u015f\u0131 g\u00fc\u00e7lendirmek, y\u00fcksek yetkinlik seviyesine ula\u015fmas\u0131n\u0131 sa\u011flamak ve m\u00fchendislik okuyan kad\u0131nlar\u0131n sekt\u00f6re haz\u0131r olarak girmesini hedeflemektedir.<\/p>\t\t\t\t\t\t\t\t<\/div>\n\t\t\t\t<\/div>\n\t\t\t\t\t<\/div>\n\t\t<\/div>\n\t\t\t\t\t<\/div>\n\t\t<\/section>\n\t\t\t\t<section class=\"elementor-section elementor-top-section elementor-element elementor-element-432f9601 elementor-section-boxed elementor-section-height-default elementor-section-height-default\" data-id=\"432f9601\" data-element_type=\"section\">\n\t\t\t\t\t\t<div class=\"elementor-container elementor-column-gap-default\">\n\t\t\t\t\t<div class=\"elementor-column elementor-col-100 elementor-top-column elementor-element elementor-element-477f025f\" data-id=\"477f025f\" data-element_type=\"column\">\n\t\t\t<div class=\"elementor-widget-wrap\">\n\t\t\t\t\t\t\t<\/div>\n\t\t<\/div>\n\t\t\t\t\t<\/div>\n\t\t<\/section>\n\t\t\t\t<section class=\"elementor-section elementor-top-section elementor-element elementor-element-d22b6ed elementor-section-full_width elementor-section-height-default elementor-section-height-default\" data-id=\"d22b6ed\" data-element_type=\"section\">\n\t\t\t\t\t\t<div class=\"elementor-container elementor-column-gap-default\">\n\t\t\t\t\t<div class=\"elementor-column elementor-col-20 elementor-top-column elementor-element elementor-element-eb0b6a1\" data-id=\"eb0b6a1\" data-element_type=\"column\">\n\t\t\t<div class=\"elementor-widget-wrap elementor-element-populated\">\n\t\t\t\t\t\t<div class=\"elementor-element elementor-element-eee777a elementor-view-stacked elementor-shape-circle elementor-position-top elementor-mobile-position-top elementor-widget elementor-widget-icon-box\" data-id=\"eee777a\" data-element_type=\"widget\" data-widget_type=\"icon-box.default\">\n\t\t\t\t<div class=\"elementor-widget-container\">\n\t\t\t\t\t\t\t<div class=\"elementor-icon-box-wrapper\">\n\n\t\t\t\t\t\t<div class=\"elementor-icon-box-icon\">\n\t\t\t\t<span  class=\"elementor-icon\">\n\t\t\t\t<i aria-hidden=\"true\" class=\"icon icon-planet-earth\"><\/i>\t\t\t\t<\/span>\n\t\t\t<\/div>\n\t\t\t\n\t\t\t\t\t\t<div class=\"elementor-icon-box-content\">\n\n\t\t\t\t\t\t\t\t\t<h4 class=\"elementor-icon-box-title\">\n\t\t\t\t\t\t<span  >\n\t\t\t\t\t\t\tToplumsal Sorumluluk\t\t\t\t\t\t<\/span>\n\t\t\t\t\t<\/h4>\n\t\t\t\t\n\t\t\t\t\t\t\t\t\t<p class=\"elementor-icon-box-description\">\n\t\t\t\t\t\tT\u00dcMKAD olarak, topluma kar\u015f\u0131 duydu\u011fumuz sorumlulu\u011fu t\u00fcm \u00e7al\u0131\u015fmalar\u0131m\u0131z\u0131n merkezine koyar\u0131z. Kad\u0131nlar\u0131n g\u00fc\u00e7lenmesini sadece bireysel bir ba\u015far\u0131 de\u011fil, toplumsal kalk\u0131nman\u0131n anahtar\u0131 olarak g\u00f6r\u00fcr\u00fcz. E\u011fitimden dijital d\u00f6n\u00fc\u015f\u00fcme, uzmanl\u0131ktan giri\u015fimcili\u011fe kadar her alanda toplumsal fayday\u0131 \u00f6ncelik alan, d\u00f6n\u00fc\u015ft\u00fcr\u00fcc\u00fc ad\u0131mlar atar\u0131z.\t\t\t\t\t<\/p>\n\t\t\t\t\n\t\t\t<\/div>\n\t\t\t\n\t\t<\/div>\n\t\t\t\t\t\t<\/div>\n\t\t\t\t<\/div>\n\t\t\t\t\t<\/div>\n\t\t<\/div>\n\t\t\t\t<div class=\"elementor-column elementor-col-20 elementor-top-column elementor-element elementor-element-67c18cc\" data-id=\"67c18cc\" data-element_type=\"column\">\n\t\t\t<div class=\"elementor-widget-wrap elementor-element-populated\">\n\t\t\t\t\t\t<div class=\"elementor-element elementor-element-a2570a5 elementor-view-stacked elementor-shape-circle elementor-position-top elementor-mobile-position-top elementor-widget elementor-widget-icon-box\" data-id=\"a2570a5\" data-element_type=\"widget\" data-widget_type=\"icon-box.default\">\n\t\t\t\t<div class=\"elementor-widget-container\">\n\t\t\t\t\t\t\t<div class=\"elementor-icon-box-wrapper\">\n\n\t\t\t\t\t\t<div class=\"elementor-icon-box-icon\">\n\t\t\t\t<span  class=\"elementor-icon\">\n\t\t\t\t<i aria-hidden=\"true\" class=\"icon icon-justice-1\"><\/i>\t\t\t\t<\/span>\n\t\t\t<\/div>\n\t\t\t\n\t\t\t\t\t\t<div class=\"elementor-icon-box-content\">\n\n\t\t\t\t\t\t\t\t\t<h4 class=\"elementor-icon-box-title\">\n\t\t\t\t\t\t<span  >\n\t\t\t\t\t\t\tTarafs\u0131zl\u0131k\t\t\t\t\t\t<\/span>\n\t\t\t\t\t<\/h4>\n\t\t\t\t\n\t\t\t\t\t\t\t\t\t<p class=\"elementor-icon-box-description\">\n\t\t\t\t\t\tT\u00dcMKAD olarak, t\u00fcm karar ve uygulamalar\u0131m\u0131zda objektifli\u011fe \u00f6nem veririz. Ki\u015fisel, kurumsal ya da ideolojik herhangi bir etki alt\u0131nda kalmadan, adil, dengeli ve e\u015fit mesafede durmay\u0131 ilke ediniriz. Kad\u0131nlar\u0131n \u00f6ncelikli olarak m\u00fchendislik alan\u0131nda olmak \u00fczere her alanda \u00f6zg\u00fcrce var olabilmesi i\u00e7in tarafs\u0131z bir bak\u0131\u015f a\u00e7\u0131s\u0131n\u0131 s\u00fcrd\u00fcr\u00fclebilir bir temel olarak g\u00f6r\u00fcr\u00fcz. \n\t\t\t\t\t<\/p>\n\t\t\t\t\n\t\t\t<\/div>\n\t\t\t\n\t\t<\/div>\n\t\t\t\t\t\t<\/div>\n\t\t\t\t<\/div>\n\t\t\t\t\t<\/div>\n\t\t<\/div>\n\t\t\t\t<div class=\"elementor-column elementor-col-20 elementor-top-column elementor-element elementor-element-709b7f6\" data-id=\"709b7f6\" data-element_type=\"column\">\n\t\t\t<div class=\"elementor-widget-wrap elementor-element-populated\">\n\t\t\t\t\t\t<div class=\"elementor-element elementor-element-8b7f0cb elementor-view-stacked elementor-shape-circle elementor-position-top elementor-mobile-position-top elementor-widget elementor-widget-icon-box\" data-id=\"8b7f0cb\" data-element_type=\"widget\" data-widget_type=\"icon-box.default\">\n\t\t\t\t<div class=\"elementor-widget-container\">\n\t\t\t\t\t\t\t<div class=\"elementor-icon-box-wrapper\">\n\n\t\t\t\t\t\t<div class=\"elementor-icon-box-icon\">\n\t\t\t\t<span  class=\"elementor-icon\">\n\t\t\t\t<i aria-hidden=\"true\" class=\"icon icon-hand\"><\/i>\t\t\t\t<\/span>\n\t\t\t<\/div>\n\t\t\t\n\t\t\t\t\t\t<div class=\"elementor-icon-box-content\">\n\n\t\t\t\t\t\t\t\t\t<h4 class=\"elementor-icon-box-title\">\n\t\t\t\t\t\t<span  >\n\t\t\t\t\t\t\tKat\u0131l\u0131mc\u0131l\u0131k\t\t\t\t\t\t<\/span>\n\t\t\t\t\t<\/h4>\n\t\t\t\t\n\t\t\t\t\t\t\t\t\t<p class=\"elementor-icon-box-description\">\n\t\t\t\t\t\tT\u00dcMKAD olarak, birlikte d\u00fc\u015f\u00fcnmenin ve birlikte \u00fcretmenin g\u00fcc\u00fcne inan\u0131r\u0131z. Her \u00fcyemizin fikir, deneyim ve katk\u0131s\u0131n\u0131 de\u011ferli bulur, karar alma s\u00fcre\u00e7lerine aktif kat\u0131l\u0131m\u0131n\u0131 te\u015fvik ederek sesimizi daha da y\u00fckseltmeyi hedefleriz. Kapsay\u0131c\u0131 ve \u00e7o\u011fulcu bir yap\u0131yla, herkesin sesini duyurdu\u011fu, birlikte \u015fekillenen bir topluluk olu\u015fturmay\u0131 hedefleriz. Kat\u0131l\u0131mc\u0131l\u0131k ilkemiz, \u015feffafl\u0131k ve kapsay\u0131c\u0131l\u0131k ilkeleriyle birlikte \u00e7al\u0131\u015farak kurumsal etkimizi g\u00fc\u00e7lendirir.\n\t\t\t\t\t<\/p>\n\t\t\t\t\n\t\t\t<\/div>\n\t\t\t\n\t\t<\/div>\n\t\t\t\t\t\t<\/div>\n\t\t\t\t<\/div>\n\t\t\t\t\t<\/div>\n\t\t<\/div>\n\t\t\t\t<div class=\"elementor-column elementor-col-20 elementor-top-column elementor-element elementor-element-2cab059\" data-id=\"2cab059\" data-element_type=\"column\">\n\t\t\t<div class=\"elementor-widget-wrap elementor-element-populated\">\n\t\t\t\t\t\t<div class=\"elementor-element elementor-element-7294ba7 elementor-view-stacked elementor-shape-circle elementor-position-top elementor-mobile-position-top elementor-widget elementor-widget-icon-box\" data-id=\"7294ba7\" data-element_type=\"widget\" data-widget_type=\"icon-box.default\">\n\t\t\t\t<div class=\"elementor-widget-container\">\n\t\t\t\t\t\t\t<div class=\"elementor-icon-box-wrapper\">\n\n\t\t\t\t\t\t<div class=\"elementor-icon-box-icon\">\n\t\t\t\t<span  class=\"elementor-icon\">\n\t\t\t\t<i aria-hidden=\"true\" class=\"icon icon-key\"><\/i>\t\t\t\t<\/span>\n\t\t\t<\/div>\n\t\t\t\n\t\t\t\t\t\t<div class=\"elementor-icon-box-content\">\n\n\t\t\t\t\t\t\t\t\t<h4 class=\"elementor-icon-box-title\">\n\t\t\t\t\t\t<span  >\n\t\t\t\t\t\t\tD\u00fcr\u00fcstl\u00fck\t\t\t\t\t\t<\/span>\n\t\t\t\t\t<\/h4>\n\t\t\t\t\n\t\t\t\t\t\t\t\t\t<p class=\"elementor-icon-box-description\">\n\t\t\t\t\t\tT\u00dcMKAD olarak,  t\u00fcm ili\u015fkilerimizde a\u00e7\u0131k, net ve tutarl\u0131 bir ileti\u015fim anlay\u0131\u015f\u0131n\u0131 benimseriz. S\u00f6yledi\u011fini yapan, yapt\u0131\u011f\u0131na sahip \u00e7\u0131kan bir duru\u015f sergilemenin; hem bireysel hem de kurumsal g\u00fcvenin temeli oldu\u011funu biliriz. D\u00fcr\u00fcstl\u00fck ilkemiz, etik kararlar almam\u0131za, \u015feffaf bir yap\u0131 in\u015fa etmemize ve s\u00fcrd\u00fcr\u00fclebilir bir sayg\u0131nl\u0131k olu\u015fturmam\u0131za olanak tan\u0131r.\t\t\t\t\t<\/p>\n\t\t\t\t\n\t\t\t<\/div>\n\t\t\t\n\t\t<\/div>\n\t\t\t\t\t\t<\/div>\n\t\t\t\t<\/div>\n\t\t\t\t\t<\/div>\n\t\t<\/div>\n\t\t\t\t<div class=\"elementor-column elementor-col-20 elementor-top-column elementor-element elementor-element-22b18c4\" data-id=\"22b18c4\" data-element_type=\"column\">\n\t\t\t<div class=\"elementor-widget-wrap elementor-element-populated\">\n\t\t\t\t\t\t<div class=\"elementor-element elementor-element-c19df29 elementor-view-stacked elementor-shape-circle elementor-position-top elementor-mobile-position-top elementor-widget elementor-widget-icon-box\" data-id=\"c19df29\" data-element_type=\"widget\" data-widget_type=\"icon-box.default\">\n\t\t\t\t<div class=\"elementor-widget-container\">\n\t\t\t\t\t\t\t<div class=\"elementor-icon-box-wrapper\">\n\n\t\t\t\t\t\t<div class=\"elementor-icon-box-icon\">\n\t\t\t\t<span  class=\"elementor-icon\">\n\t\t\t\t<i aria-hidden=\"true\" class=\"icon icon-badge\"><\/i>\t\t\t\t<\/span>\n\t\t\t<\/div>\n\t\t\t\n\t\t\t\t\t\t<div class=\"elementor-icon-box-content\">\n\n\t\t\t\t\t\t\t\t\t<h4 class=\"elementor-icon-box-title\">\n\t\t\t\t\t\t<span  >\n\t\t\t\t\t\t\tSayg\u0131nl\u0131k\t\t\t\t\t\t<\/span>\n\t\t\t\t\t<\/h4>\n\t\t\t\t\n\t\t\t\t\t\t\t\t\t<p class=\"elementor-icon-box-description\">\n\t\t\t\t\t\tT\u00dcMKAD olarak, t\u00fcm ili\u015fkilerimizde g\u00fcven, d\u00fcr\u00fcstl\u00fck ve tutarl\u0131l\u0131k ilkesini benimseriz. S\u00f6z\u00fcyle \u00f6z\u00fc bir olan bir duru\u015f sergileyerek toplumda sayg\u0131 uyand\u0131rmay\u0131 hedefleriz. Etik de\u011ferlerimize ba\u011fl\u0131l\u0131\u011f\u0131m\u0131z ve sorumluluk bilincimiz ile topluma sa\u011flad\u0131\u011f\u0131m\u0131z katk\u0131lar sayesinde kazand\u0131\u011f\u0131m\u0131z sayg\u0131nl\u0131\u011f\u0131 korumak, daha da g\u00fc\u00e7lendirmek i\u00e7in kararl\u0131l\u0131kla \u00e7al\u0131\u015f\u0131r\u0131z.\"\t\t\t\t\t<\/p>\n\t\t\t\t\n\t\t\t<\/div>\n\t\t\t\n\t\t<\/div>\n\t\t\t\t\t\t<\/div>\n\t\t\t\t<\/div>\n\t\t\t\t\t<\/div>\n\t\t<\/div>\n\t\t\t\t\t<\/div>\n\t\t<\/section>\n\t\t\t\t<section class=\"elementor-section elementor-top-section elementor-element elementor-element-3b9770e elementor-section-boxed elementor-section-height-default elementor-section-height-default\" data-id=\"3b9770e\" data-element_type=\"section\" data-settings=\"{&quot;background_background&quot;:&quot;classic&quot;}\">\n\t\t\t\t\t\t\t<div class=\"elementor-background-overlay\"><\/div>\n\t\t\t\t\t\t\t<div class=\"elementor-container elementor-column-gap-default\">\n\t\t\t\t\t<div class=\"elementor-column elementor-col-66 elementor-top-column elementor-element elementor-element-2d183d1\" data-id=\"2d183d1\" data-element_type=\"column\">\n\t\t\t<div class=\"elementor-widget-wrap elementor-element-populated\">\n\t\t\t\t\t\t<div class=\"elementor-element elementor-element-810a3f2 elementor-widget elementor-widget-heading\" data-id=\"810a3f2\" data-element_type=\"widget\" data-widget_type=\"heading.default\">\n\t\t\t\t<div class=\"elementor-widget-container\">\n\t\t\t\t\t<h2 class=\"elementor-heading-title elementor-size-default\">\u00dcye olmak ister misiniz?<\/h2>\t\t\t\t<\/div>\n\t\t\t\t<\/div>\n\t\t\t\t<div class=\"elementor-element elementor-element-130ef97 elementor-widget elementor-widget-text-editor\" data-id=\"130ef97\" data-element_type=\"widget\" data-widget_type=\"text-editor.default\">\n\t\t\t\t<div class=\"elementor-widget-container\">\n\t\t\t\t\t\t\t\t\t<p>\u00dcyemiz olmak i\u00e7in l\u00fctfen yandaki butona t\u0131klay\u0131n.<\/p>\t\t\t\t\t\t\t\t<\/div>\n\t\t\t\t<\/div>\n\t\t\t\t\t<\/div>\n\t\t<\/div>\n\t\t\t\t<div class=\"elementor-column elementor-col-33 elementor-top-column elementor-element elementor-element-264b916\" data-id=\"264b916\" data-element_type=\"column\">\n\t\t\t<div class=\"elementor-widget-wrap elementor-element-populated\">\n\t\t\t\t\t\t<div class=\"elementor-element elementor-element-675c5ca elementor-align-right elementor-tablet-align-center elementor-widget elementor-widget-button\" data-id=\"675c5ca\" data-element_type=\"widget\" data-widget_type=\"button.default\">\n\t\t\t\t<div class=\"elementor-widget-container\">\n\t\t\t\t\t\t\t\t\t<div class=\"elementor-button-wrapper\">\n\t\t\t\t\t<a class=\"elementor-button elementor-button-link elementor-size-sm\" href=\"\/en\/uyelik\/bireysel-uyelik\/\">\n\t\t\t\t\t\t<span class=\"elementor-button-content-wrapper\">\n\t\t\t\t\t\t\t\t\t<span class=\"elementor-button-text\">\u00dcye Ol<\/span>\n\t\t\t\t\t<\/span>\n\t\t\t\t\t<\/a>\n\t\t\t\t<\/div>\n\t\t\t\t\t\t\t\t<\/div>\n\t\t\t\t<\/div>\n\t\t\t\t\t<\/div>\n\t\t<\/div>\n\t\t\t\t\t<\/div>\n\t\t<\/section>\n\t\t\t\t<\/div>","protected":false},"excerpt":{"rendered":"<p>Hakk\u0131m\u0131zda T\u00fcm M\u00fchendis Kad\u0131nlar Derne\u011fi; T\u00fcm M\u00fchendis Kad\u0131nlar Derne\u011fi (T\u00dcMKAD); \u00e7a\u011fda\u015f T\u00fcrk m\u00fchendis kad\u0131nlar\u0131n\u0131n i\u015f hayat\u0131n\u0131n her alan\u0131nda g\u00fc\u00e7lenerek varl\u0131\u011f\u0131n\u0131 s\u00fcrd\u00fcrmesi, potansiyel kad\u0131n m\u00fchendis adaylar\u0131n\u0131n ise geli\u015fimleri ve yetkinlikleri destekleyerek i\u015f hayat\u0131nda aktif rol almalar\u0131n\u0131 ama\u00e7lamaktad\u0131r. T\u00dcMKAD&#8216;\u0131n yolculu\u011fu, 7 M\u00fchendis kad\u0131n\u0131n,\u00a0 22 Temmuz 2019 tarihinde,\u00a0 \u201cUzun yolculuklar tek bir ad\u0131mla ba\u015flar.\u201d mottosu ile kurmu\u015f oldu\u011fu [&hellip;]<\/p>","protected":false},"author":1,"featured_media":0,"parent":0,"menu_order":0,"comment_status":"closed","ping_status":"closed","template":"elementor_header_footer","meta":{"footnotes":""},"class_list":["post-73","page","type-page","status-publish","hentry"],"_links":{"self":[{"href":"https:\/\/tumkad.org.tr\/en\/wp-json\/wp\/v2\/pages\/73","targetHints":{"allow":["GET"]}}],"collection":[{"href":"https:\/\/tumkad.org.tr\/en\/wp-json\/wp\/v2\/pages"}],"about":[{"href":"https:\/\/tumkad.org.tr\/en\/wp-json\/wp\/v2\/types\/page"}],"author":[{"embeddable":true,"href":"https:\/\/tumkad.org.tr\/en\/wp-json\/wp\/v2\/users\/1"}],"replies":[{"embeddable":true,"href":"https:\/\/tumkad.org.tr\/en\/wp-json\/wp\/v2\/comments?post=73"}],"version-history":[{"count":88,"href":"https:\/\/tumkad.org.tr\/en\/wp-json\/wp\/v2\/pages\/73\/revisions"}],"predecessor-version":[{"id":3617,"href":"https:\/\/tumkad.org.tr\/en\/wp-json\/wp\/v2\/pages\/73\/revisions\/3617"}],"wp:attachment":[{"href":"https:\/\/tumkad.org.tr\/en\/wp-json\/wp\/v2\/media?parent=73"}],"curies":[{"name":"wp","href":"https:\/\/api.w.org\/{rel}","templated":true}]}}