{"id":964,"date":"2025-03-25T10:49:23","date_gmt":"2025-03-25T07:49:23","guid":{"rendered":"https:\/\/test1.tumkad.org.tr\/?page_id=964"},"modified":"2025-07-01T17:22:04","modified_gmt":"2025-07-01T14:22:04","slug":"surdurulebilirlik-komisyonu","status":"publish","type":"page","link":"https:\/\/tumkad.org.tr\/en\/komisyonlar\/surdurulebilirlik-komisyonu\/","title":{"rendered":"S\u00fcrd\u00fcr\u00fclebilirlik Komisyonu"},"content":{"rendered":"<div data-elementor-type=\"wp-page\" data-elementor-id=\"964\" class=\"elementor elementor-964\" data-elementor-post-type=\"page\">\n\t\t\t\t\t\t<section class=\"elementor-section elementor-top-section elementor-element elementor-element-58e72d4f elementor-section-height-min-height elementor-section-boxed elementor-section-height-default elementor-section-items-middle\" data-id=\"58e72d4f\" data-element_type=\"section\" data-settings=\"{&quot;background_background&quot;:&quot;classic&quot;}\">\n\t\t\t\t\t\t\t<div class=\"elementor-background-overlay\"><\/div>\n\t\t\t\t\t\t\t<div class=\"elementor-container elementor-column-gap-default\">\n\t\t\t\t\t<div class=\"elementor-column elementor-col-100 elementor-top-column elementor-element elementor-element-392476a0\" data-id=\"392476a0\" data-element_type=\"column\">\n\t\t\t<div class=\"elementor-widget-wrap elementor-element-populated\">\n\t\t\t\t\t\t<div class=\"elementor-element elementor-element-36665ced elementor-widget elementor-widget-theme-post-title elementor-page-title elementor-widget-heading\" data-id=\"36665ced\" data-element_type=\"widget\" data-widget_type=\"theme-post-title.default\">\n\t\t\t\t<div class=\"elementor-widget-container\">\n\t\t\t\t\t<h1 class=\"elementor-heading-title elementor-size-default\">S\u00fcrd\u00fcr\u00fclebilirlik Komisyonu<\/h1>\t\t\t\t<\/div>\n\t\t\t\t<\/div>\n\t\t\t\t\t<\/div>\n\t\t<\/div>\n\t\t\t\t\t<\/div>\n\t\t<\/section>\n\t\t\t\t<section class=\"elementor-section elementor-top-section elementor-element elementor-element-6e551 elementor-section-boxed elementor-section-height-default elementor-section-height-default\" data-id=\"6e551\" data-element_type=\"section\" data-settings=\"{&quot;background_background&quot;:&quot;classic&quot;}\">\n\t\t\t\t\t\t\t<div class=\"elementor-background-overlay\"><\/div>\n\t\t\t\t\t\t\t<div class=\"elementor-container elementor-column-gap-no\">\n\t\t\t\t\t<div class=\"elementor-column elementor-col-50 elementor-top-column elementor-element elementor-element-7b84e31d\" data-id=\"7b84e31d\" data-element_type=\"column\">\n\t\t\t<div class=\"elementor-widget-wrap elementor-element-populated\">\n\t\t\t\t\t\t<div class=\"elementor-element elementor-element-609b28d elementor-widget elementor-widget-image\" data-id=\"609b28d\" data-element_type=\"widget\" data-widget_type=\"image.default\">\n\t\t\t\t<div class=\"elementor-widget-container\">\n\t\t\t\t\t\t\t\t\t\t\t\t\t\t\t<img fetchpriority=\"high\" decoding=\"async\" width=\"800\" height=\"523\" src=\"https:\/\/tumkad.org.tr\/wp-content\/uploads\/2025\/04\/surdurulebilirlik-komisyon-1024x670.jpg\" class=\"attachment-large size-large wp-image-1823\" alt=\"surdurulebilirlik-komisyon\" srcset=\"https:\/\/tumkad.org.tr\/wp-content\/uploads\/2025\/04\/surdurulebilirlik-komisyon-1024x670.jpg 1024w, https:\/\/tumkad.org.tr\/wp-content\/uploads\/2025\/04\/surdurulebilirlik-komisyon-300x196.jpg 300w, https:\/\/tumkad.org.tr\/wp-content\/uploads\/2025\/04\/surdurulebilirlik-komisyon-768x502.jpg 768w, https:\/\/tumkad.org.tr\/wp-content\/uploads\/2025\/04\/surdurulebilirlik-komisyon-1536x1005.jpg 1536w, https:\/\/tumkad.org.tr\/wp-content\/uploads\/2025\/04\/surdurulebilirlik-komisyon.jpg 2000w\" sizes=\"(max-width: 800px) 100vw, 800px\" \/>\t\t\t\t\t\t\t\t\t\t\t\t\t\t\t<\/div>\n\t\t\t\t<\/div>\n\t\t\t\t<div class=\"elementor-element elementor-element-3ad1d27b elementor-widget elementor-widget-text-editor\" data-id=\"3ad1d27b\" data-element_type=\"widget\" data-widget_type=\"text-editor.default\">\n\t\t\t\t<div class=\"elementor-widget-container\">\n\t\t\t\t\t\t\t\t\t<p>S\u00fcrd\u00fcr\u00fclebilirlik komisyonu, T\u00dcMKAD\u2019\u0131n vizyonu, misyonu ve stratejik hedeflerine ba\u011fl\u0131 olarak, s\u00fcrd\u00fcr\u00fclebilir kalk\u0131nma hedeflerine y\u00f6nelik geli\u015fim ve proje geli\u015ftirme \u00e7al\u0131\u015fmalar\u0131n\u0131 y\u00fcr\u00fct\u00fcr. S\u00fcrd\u00fcr\u00fclebilirlik mevzuatlar\u0131n\u0131, ulusal ve uluslararas\u0131 raporlar\u0131 inceler, g\u00fcncel bilgi e\u015fitlemesini dernek i\u00e7erisinde de sa\u011flamay\u0131 ama\u00e7lar. <br \/><strong>\u00c7al\u0131\u015fma Kapsam\u0131:<\/strong><\/p><ul><li><strong>Seminerler ve konferanslar:<\/strong> S\u00fcrd\u00fcr\u00fclebilirlik alan\u0131ndaki konferans ve seminerler.<\/li><li><strong>E\u011fitim ve geli\u015fim Programlar\u0131:<\/strong> S\u00fcrd\u00fcr\u00fclebilir kalk\u0131nmay\u0131 hedefleyen programlar<\/li><li><strong>S\u00fcrd\u00fcr\u00fclebilirlik Raporu:<\/strong> S\u00fcrd\u00fcr\u00fclebilirlik raporlar\u0131,benchmark ve T\u00dcMKAD s\u00fcrd\u00fcr\u00fclebilirlik raporu.<\/li><\/ul><p><br \/>S\u00fcrd\u00fcr\u00fclebilirlik komisyonu olarak, gelece\u011fi in\u015fa ederek nesillerce varolaca\u011f\u0131m\u0131z bir d\u00fcnya i\u00e7in \u00e7al\u0131\u015f\u0131yoruz.Giri\u015fimcilik, inovasyon ve f\u00fct\u00fcrizm komisyonumuzun \u00f6neri olarak sundu\u011fu s\u00fcrd\u00fcr\u00fclebilirlik e\u011fitimi 2025, s\u00fcrd\u00fcr\u00fclebilirlik komisyonumuz taraf\u0131ndan organize edildi.<\/p><p>Nisan ay\u0131nda ba\u015flayan e\u011fitim program\u0131, dernek y\u00f6netim kurulu ba\u015fkan\u0131m\u0131z \u00dclfet \u00d6zt\u00fcrk&#8217;\u00fcn a\u00e7\u0131l\u0131\u015f\u0131 ile g\u00fc\u00e7l\u00fc bir \u015fekilde ba\u015flad\u0131. Konusunda \u00e7ok de\u011ferli konu\u015fmac\u0131lar\u0131n yer ald\u0131\u011f\u0131 bu program kapsam\u0131nda, s\u00fcrd\u00fcr\u00fclebilir kalk\u0131nma hedefleri alanlar\u0131nda pek \u00e7ok konu detaylar\u0131yla yer almaktad\u0131r.<\/p>\t\t\t\t\t\t\t\t<\/div>\n\t\t\t\t<\/div>\n\t\t<div class=\"elementor-element elementor-element-3b605d8 e-grid e-con-boxed e-con e-parent\" data-id=\"3b605d8\" data-element_type=\"container\">\n\t\t\t\t\t<div class=\"e-con-inner\">\n\t\t\t\t<div class=\"elementor-element elementor-element-5bc0f6b elementor-widget elementor-widget-image\" data-id=\"5bc0f6b\" data-element_type=\"widget\" data-widget_type=\"image.default\">\n\t\t\t\t<div class=\"elementor-widget-container\">\n\t\t\t\t\t\t\t\t\t\t\t\t\t\t\t\t<a href=\"https:\/\/tumkad.org.tr\/wp-content\/uploads\/2025\/04\/surdurulebilirlik-1.jpg\" data-elementor-open-lightbox=\"yes\" data-elementor-lightbox-title=\"surdurulebilirlik-1\" data-e-action-hash=\"#elementor-action%3Aaction%3Dlightbox%26settings%3DeyJpZCI6MTI1MSwidXJsIjoiaHR0cHM6XC9cL3R1bWthZC5vcmcudHJcL3dwLWNvbnRlbnRcL3VwbG9hZHNcLzIwMjVcLzA0XC9zdXJkdXJ1bGViaWxpcmxpay0xLmpwZyJ9\">\n\t\t\t\t\t\t\t<img decoding=\"async\" width=\"800\" height=\"800\" src=\"https:\/\/tumkad.org.tr\/wp-content\/uploads\/2025\/04\/surdurulebilirlik-1-1024x1024.jpg\" class=\"attachment-large size-large wp-image-1251\" alt=\"surdurulebilirlik komisyonu\" srcset=\"https:\/\/tumkad.org.tr\/wp-content\/uploads\/2025\/04\/surdurulebilirlik-1-1024x1024.jpg 1024w, https:\/\/tumkad.org.tr\/wp-content\/uploads\/2025\/04\/surdurulebilirlik-1-300x300.jpg 300w, https:\/\/tumkad.org.tr\/wp-content\/uploads\/2025\/04\/surdurulebilirlik-1-150x150.jpg 150w, https:\/\/tumkad.org.tr\/wp-content\/uploads\/2025\/04\/surdurulebilirlik-1-768x768.jpg 768w, https:\/\/tumkad.org.tr\/wp-content\/uploads\/2025\/04\/surdurulebilirlik-1.jpg 1080w\" sizes=\"(max-width: 800px) 100vw, 800px\" \/>\t\t\t\t\t\t\t\t<\/a>\n\t\t\t\t\t\t\t\t\t\t\t\t\t\t\t<\/div>\n\t\t\t\t<\/div>\n\t\t\t\t<div class=\"elementor-element elementor-element-800efbc elementor-widget elementor-widget-image\" data-id=\"800efbc\" data-element_type=\"widget\" data-widget_type=\"image.default\">\n\t\t\t\t<div class=\"elementor-widget-container\">\n\t\t\t\t\t\t\t\t\t\t\t\t\t\t\t\t<a href=\"https:\/\/tumkad.org.tr\/wp-content\/uploads\/2025\/04\/surdurulebilirlik-4.jpg\" data-elementor-open-lightbox=\"yes\" data-elementor-lightbox-title=\"surdurulebilirlik-4\" data-e-action-hash=\"#elementor-action%3Aaction%3Dlightbox%26settings%3DeyJpZCI6MTI1MCwidXJsIjoiaHR0cHM6XC9cL3R1bWthZC5vcmcudHJcL3dwLWNvbnRlbnRcL3VwbG9hZHNcLzIwMjVcLzA0XC9zdXJkdXJ1bGViaWxpcmxpay00LmpwZyJ9\">\n\t\t\t\t\t\t\t<img decoding=\"async\" width=\"800\" height=\"800\" src=\"https:\/\/tumkad.org.tr\/wp-content\/uploads\/2025\/04\/surdurulebilirlik-4-1024x1024.jpg\" class=\"attachment-large size-large wp-image-1250\" alt=\"surdurulebilirlik komisyonu\" srcset=\"https:\/\/tumkad.org.tr\/wp-content\/uploads\/2025\/04\/surdurulebilirlik-4-1024x1024.jpg 1024w, https:\/\/tumkad.org.tr\/wp-content\/uploads\/2025\/04\/surdurulebilirlik-4-300x300.jpg 300w, https:\/\/tumkad.org.tr\/wp-content\/uploads\/2025\/04\/surdurulebilirlik-4-150x150.jpg 150w, https:\/\/tumkad.org.tr\/wp-content\/uploads\/2025\/04\/surdurulebilirlik-4-768x768.jpg 768w, https:\/\/tumkad.org.tr\/wp-content\/uploads\/2025\/04\/surdurulebilirlik-4.jpg 1080w\" sizes=\"(max-width: 800px) 100vw, 800px\" \/>\t\t\t\t\t\t\t\t<\/a>\n\t\t\t\t\t\t\t\t\t\t\t\t\t\t\t<\/div>\n\t\t\t\t<\/div>\n\t\t\t\t<div class=\"elementor-element elementor-element-d689ecb elementor-widget elementor-widget-image\" data-id=\"d689ecb\" data-element_type=\"widget\" data-widget_type=\"image.default\">\n\t\t\t\t<div class=\"elementor-widget-container\">\n\t\t\t\t\t\t\t\t\t\t\t\t\t\t\t\t<a href=\"https:\/\/tumkad.org.tr\/wp-content\/uploads\/2025\/04\/surdurulebilirlik-3.jpg\" data-elementor-open-lightbox=\"yes\" data-elementor-lightbox-title=\"surdurulebilirlik-3\" data-e-action-hash=\"#elementor-action%3Aaction%3Dlightbox%26settings%3DeyJpZCI6MTI0OSwidXJsIjoiaHR0cHM6XC9cL3R1bWthZC5vcmcudHJcL3dwLWNvbnRlbnRcL3VwbG9hZHNcLzIwMjVcLzA0XC9zdXJkdXJ1bGViaWxpcmxpay0zLmpwZyJ9\">\n\t\t\t\t\t\t\t<img loading=\"lazy\" decoding=\"async\" width=\"800\" height=\"800\" src=\"https:\/\/tumkad.org.tr\/wp-content\/uploads\/2025\/04\/surdurulebilirlik-3-1024x1024.jpg\" class=\"attachment-large size-large wp-image-1249\" alt=\"surdurulebilirlik komisyonu\" srcset=\"https:\/\/tumkad.org.tr\/wp-content\/uploads\/2025\/04\/surdurulebilirlik-3-1024x1024.jpg 1024w, https:\/\/tumkad.org.tr\/wp-content\/uploads\/2025\/04\/surdurulebilirlik-3-300x300.jpg 300w, https:\/\/tumkad.org.tr\/wp-content\/uploads\/2025\/04\/surdurulebilirlik-3-150x150.jpg 150w, https:\/\/tumkad.org.tr\/wp-content\/uploads\/2025\/04\/surdurulebilirlik-3-768x768.jpg 768w, https:\/\/tumkad.org.tr\/wp-content\/uploads\/2025\/04\/surdurulebilirlik-3.jpg 1080w\" sizes=\"(max-width: 800px) 100vw, 800px\" \/>\t\t\t\t\t\t\t\t<\/a>\n\t\t\t\t\t\t\t\t\t\t\t\t\t\t\t<\/div>\n\t\t\t\t<\/div>\n\t\t\t\t<div class=\"elementor-element elementor-element-23e1397 elementor-widget elementor-widget-image\" data-id=\"23e1397\" data-element_type=\"widget\" data-widget_type=\"image.default\">\n\t\t\t\t<div class=\"elementor-widget-container\">\n\t\t\t\t\t\t\t\t\t\t\t\t\t\t\t\t<a href=\"https:\/\/tumkad.org.tr\/wp-content\/uploads\/2025\/04\/surdurulebilirlik-2.jpg\" data-elementor-open-lightbox=\"yes\" data-elementor-lightbox-title=\"surdurulebilirlik 2\" data-e-action-hash=\"#elementor-action%3Aaction%3Dlightbox%26settings%3DeyJpZCI6MTI0OCwidXJsIjoiaHR0cHM6XC9cL3R1bWthZC5vcmcudHJcL3dwLWNvbnRlbnRcL3VwbG9hZHNcLzIwMjVcLzA0XC9zdXJkdXJ1bGViaWxpcmxpay0yLmpwZyJ9\">\n\t\t\t\t\t\t\t<img loading=\"lazy\" decoding=\"async\" width=\"800\" height=\"800\" src=\"https:\/\/tumkad.org.tr\/wp-content\/uploads\/2025\/04\/surdurulebilirlik-2-1024x1024.jpg\" class=\"attachment-large size-large wp-image-1248\" alt=\"\" srcset=\"https:\/\/tumkad.org.tr\/wp-content\/uploads\/2025\/04\/surdurulebilirlik-2-1024x1024.jpg 1024w, https:\/\/tumkad.org.tr\/wp-content\/uploads\/2025\/04\/surdurulebilirlik-2-300x300.jpg 300w, https:\/\/tumkad.org.tr\/wp-content\/uploads\/2025\/04\/surdurulebilirlik-2-150x150.jpg 150w, https:\/\/tumkad.org.tr\/wp-content\/uploads\/2025\/04\/surdurulebilirlik-2-768x768.jpg 768w, https:\/\/tumkad.org.tr\/wp-content\/uploads\/2025\/04\/surdurulebilirlik-2.jpg 1080w\" sizes=\"(max-width: 800px) 100vw, 800px\" \/>\t\t\t\t\t\t\t\t<\/a>\n\t\t\t\t\t\t\t\t\t\t\t\t\t\t\t<\/div>\n\t\t\t\t<\/div>\n\t\t\t\t\t<\/div>\n\t\t\t\t<\/div>\n\t\t\t\t\t<\/div>\n\t\t<\/div>\n\t\t\t\t<div class=\"elementor-column elementor-col-50 elementor-top-column elementor-element elementor-element-60a7ec1e\" data-id=\"60a7ec1e\" data-element_type=\"column\">\n\t\t\t<div class=\"elementor-widget-wrap elementor-element-populated\">\n\t\t\t\t\t\t<div class=\"elementor-element elementor-element-4a9e69a0 elementor-widget elementor-widget-heading\" data-id=\"4a9e69a0\" data-element_type=\"widget\" data-widget_type=\"heading.default\">\n\t\t\t\t<div class=\"elementor-widget-container\">\n\t\t\t\t\t<h4 class=\"elementor-heading-title elementor-size-default\">Komisyonlar<\/h4>\t\t\t\t<\/div>\n\t\t\t\t<\/div>\n\t\t\t\t<div class=\"elementor-element elementor-element-16fef85a elementor-icon-list--layout-traditional elementor-list-item-link-full_width elementor-widget elementor-widget-global elementor-global-1156 elementor-widget-icon-list\" data-id=\"16fef85a\" data-element_type=\"widget\" data-widget_type=\"icon-list.default\">\n\t\t\t\t<div class=\"elementor-widget-container\">\n\t\t\t\t\t\t\t<ul class=\"elementor-icon-list-items\">\n\t\t\t\t\t\t\t<li class=\"elementor-icon-list-item\">\n\t\t\t\t\t\t\t\t\t\t\t<a href=\"https:\/\/tumkad.org.tr\/en\/komisyonlar\/uye-iliskileri-komisyonu\/\">\n\n\t\t\t\t\t\t\t\t\t\t\t\t<span class=\"elementor-icon-list-icon\">\n\t\t\t\t\t\t\t<svg aria-hidden=\"true\" class=\"e-font-icon-svg e-fas-check\" viewbox=\"0 0 512 512\" xmlns=\"http:\/\/www.w3.org\/2000\/svg\"><path d=\"M173.898 439.404l-166.4-166.4c-9.997-9.997-9.997-26.206 0-36.204l36.203-36.204c9.997-9.998 26.207-9.998 36.204 0L192 312.69 432.095 72.596c9.997-9.997 26.207-9.997 36.204 0l36.203 36.204c9.997 9.997 9.997 26.206 0 36.204l-294.4 294.401c-9.998 9.997-26.207 9.997-36.204-.001z\"><\/path><\/svg>\t\t\t\t\t\t<\/span>\n\t\t\t\t\t\t\t\t\t\t<span class=\"elementor-icon-list-text\">\u00dcye \u0130li\u015fkileri<\/span>\n\t\t\t\t\t\t\t\t\t\t\t<\/a>\n\t\t\t\t\t\t\t\t\t<\/li>\n\t\t\t\t\t\t\t\t<li class=\"elementor-icon-list-item\">\n\t\t\t\t\t\t\t\t\t\t\t<a href=\"https:\/\/tumkad.org.tr\/en\/komisyonlar\/inovasyon-ve-girisimcilik-komisyonu\/\">\n\n\t\t\t\t\t\t\t\t\t\t\t\t<span class=\"elementor-icon-list-icon\">\n\t\t\t\t\t\t\t<svg aria-hidden=\"true\" class=\"e-font-icon-svg e-fas-check\" viewbox=\"0 0 512 512\" xmlns=\"http:\/\/www.w3.org\/2000\/svg\"><path d=\"M173.898 439.404l-166.4-166.4c-9.997-9.997-9.997-26.206 0-36.204l36.203-36.204c9.997-9.998 26.207-9.998 36.204 0L192 312.69 432.095 72.596c9.997-9.997 26.207-9.997 36.204 0l36.203 36.204c9.997 9.997 9.997 26.206 0 36.204l-294.4 294.401c-9.998 9.997-26.207 9.997-36.204-.001z\"><\/path><\/svg>\t\t\t\t\t\t<\/span>\n\t\t\t\t\t\t\t\t\t\t<span class=\"elementor-icon-list-text\">Giri\u015fimcilik, \u0130novasyon ve F\u00fct\u00fcrizm<\/span>\n\t\t\t\t\t\t\t\t\t\t\t<\/a>\n\t\t\t\t\t\t\t\t\t<\/li>\n\t\t\t\t\t\t\t\t<li class=\"elementor-icon-list-item\">\n\t\t\t\t\t\t\t\t\t\t\t<a href=\"https:\/\/tumkad.org.tr\/en\/komisyonlar\/proje-komisyonu\/\">\n\n\t\t\t\t\t\t\t\t\t\t\t\t<span class=\"elementor-icon-list-icon\">\n\t\t\t\t\t\t\t<svg aria-hidden=\"true\" class=\"e-font-icon-svg e-fas-check\" viewbox=\"0 0 512 512\" xmlns=\"http:\/\/www.w3.org\/2000\/svg\"><path d=\"M173.898 439.404l-166.4-166.4c-9.997-9.997-9.997-26.206 0-36.204l36.203-36.204c9.997-9.998 26.207-9.998 36.204 0L192 312.69 432.095 72.596c9.997-9.997 26.207-9.997 36.204 0l36.203 36.204c9.997 9.997 9.997 26.206 0 36.204l-294.4 294.401c-9.998 9.997-26.207 9.997-36.204-.001z\"><\/path><\/svg>\t\t\t\t\t\t<\/span>\n\t\t\t\t\t\t\t\t\t\t<span class=\"elementor-icon-list-text\">Proje<\/span>\n\t\t\t\t\t\t\t\t\t\t\t<\/a>\n\t\t\t\t\t\t\t\t\t<\/li>\n\t\t\t\t\t\t\t\t<li class=\"elementor-icon-list-item\">\n\t\t\t\t\t\t\t\t\t\t\t<a href=\"https:\/\/tumkad.org.tr\/en\/komisyonlar\/surdurulebilirlik-komisyonu\/\">\n\n\t\t\t\t\t\t\t\t\t\t\t\t<span class=\"elementor-icon-list-icon\">\n\t\t\t\t\t\t\t<svg aria-hidden=\"true\" class=\"e-font-icon-svg e-fas-check\" viewbox=\"0 0 512 512\" xmlns=\"http:\/\/www.w3.org\/2000\/svg\"><path d=\"M173.898 439.404l-166.4-166.4c-9.997-9.997-9.997-26.206 0-36.204l36.203-36.204c9.997-9.998 26.207-9.998 36.204 0L192 312.69 432.095 72.596c9.997-9.997 26.207-9.997 36.204 0l36.203 36.204c9.997 9.997 9.997 26.206 0 36.204l-294.4 294.401c-9.998 9.997-26.207 9.997-36.204-.001z\"><\/path><\/svg>\t\t\t\t\t\t<\/span>\n\t\t\t\t\t\t\t\t\t\t<span class=\"elementor-icon-list-text\">S\u00fcrd\u00fcr\u00fclebilirlik<\/span>\n\t\t\t\t\t\t\t\t\t\t\t<\/a>\n\t\t\t\t\t\t\t\t\t<\/li>\n\t\t\t\t\t\t\t\t<li class=\"elementor-icon-list-item\">\n\t\t\t\t\t\t\t\t\t\t\t<a href=\"https:\/\/tumkad.org.tr\/en\/komisyonlar\/akademi-komisyonu\/\">\n\n\t\t\t\t\t\t\t\t\t\t\t\t<span class=\"elementor-icon-list-icon\">\n\t\t\t\t\t\t\t<svg aria-hidden=\"true\" class=\"e-font-icon-svg e-fas-check\" viewbox=\"0 0 512 512\" xmlns=\"http:\/\/www.w3.org\/2000\/svg\"><path d=\"M173.898 439.404l-166.4-166.4c-9.997-9.997-9.997-26.206 0-36.204l36.203-36.204c9.997-9.998 26.207-9.998 36.204 0L192 312.69 432.095 72.596c9.997-9.997 26.207-9.997 36.204 0l36.203 36.204c9.997 9.997 9.997 26.206 0 36.204l-294.4 294.401c-9.998 9.997-26.207 9.997-36.204-.001z\"><\/path><\/svg>\t\t\t\t\t\t<\/span>\n\t\t\t\t\t\t\t\t\t\t<span class=\"elementor-icon-list-text\">Akademi <\/span>\n\t\t\t\t\t\t\t\t\t\t\t<\/a>\n\t\t\t\t\t\t\t\t\t<\/li>\n\t\t\t\t\t\t\t\t<li class=\"elementor-icon-list-item\">\n\t\t\t\t\t\t\t\t\t\t\t<a href=\"https:\/\/tumkad.org.tr\/en\/komisyonlar\/sosyal-medya-komisyonu\/\">\n\n\t\t\t\t\t\t\t\t\t\t\t\t<span class=\"elementor-icon-list-icon\">\n\t\t\t\t\t\t\t<svg aria-hidden=\"true\" class=\"e-font-icon-svg e-fas-check\" viewbox=\"0 0 512 512\" xmlns=\"http:\/\/www.w3.org\/2000\/svg\"><path d=\"M173.898 439.404l-166.4-166.4c-9.997-9.997-9.997-26.206 0-36.204l36.203-36.204c9.997-9.998 26.207-9.998 36.204 0L192 312.69 432.095 72.596c9.997-9.997 26.207-9.997 36.204 0l36.203 36.204c9.997 9.997 9.997 26.206 0 36.204l-294.4 294.401c-9.998 9.997-26.207 9.997-36.204-.001z\"><\/path><\/svg>\t\t\t\t\t\t<\/span>\n\t\t\t\t\t\t\t\t\t\t<span class=\"elementor-icon-list-text\">Sosyal Medya <\/span>\n\t\t\t\t\t\t\t\t\t\t\t<\/a>\n\t\t\t\t\t\t\t\t\t<\/li>\n\t\t\t\t\t\t\t\t<li class=\"elementor-icon-list-item\">\n\t\t\t\t\t\t\t\t\t\t\t<a href=\"https:\/\/tumkad.org.tr\/en\/komisyonlar\/yapay-zeka-ve-dijital-donusum-komisyonu\/\">\n\n\t\t\t\t\t\t\t\t\t\t\t\t<span class=\"elementor-icon-list-icon\">\n\t\t\t\t\t\t\t<svg aria-hidden=\"true\" class=\"e-font-icon-svg e-fas-check\" viewbox=\"0 0 512 512\" xmlns=\"http:\/\/www.w3.org\/2000\/svg\"><path d=\"M173.898 439.404l-166.4-166.4c-9.997-9.997-9.997-26.206 0-36.204l36.203-36.204c9.997-9.998 26.207-9.998 36.204 0L192 312.69 432.095 72.596c9.997-9.997 26.207-9.997 36.204 0l36.203 36.204c9.997 9.997 9.997 26.206 0 36.204l-294.4 294.401c-9.998 9.997-26.207 9.997-36.204-.001z\"><\/path><\/svg>\t\t\t\t\t\t<\/span>\n\t\t\t\t\t\t\t\t\t\t<span class=\"elementor-icon-list-text\">Yapay Zeka ve Dijital D\u00f6n\u00fc\u015f\u00fcm <\/span>\n\t\t\t\t\t\t\t\t\t\t\t<\/a>\n\t\t\t\t\t\t\t\t\t<\/li>\n\t\t\t\t\t\t\t\t<li class=\"elementor-icon-list-item\">\n\t\t\t\t\t\t\t\t\t\t\t<a href=\"https:\/\/tumkad.org.tr\/en\/komisyonlar\/kultur-sanat-ve-etkinlik-komisyonu\/\">\n\n\t\t\t\t\t\t\t\t\t\t\t\t<span class=\"elementor-icon-list-icon\">\n\t\t\t\t\t\t\t<svg aria-hidden=\"true\" class=\"e-font-icon-svg e-fas-check\" viewbox=\"0 0 512 512\" xmlns=\"http:\/\/www.w3.org\/2000\/svg\"><path d=\"M173.898 439.404l-166.4-166.4c-9.997-9.997-9.997-26.206 0-36.204l36.203-36.204c9.997-9.998 26.207-9.998 36.204 0L192 312.69 432.095 72.596c9.997-9.997 26.207-9.997 36.204 0l36.203 36.204c9.997 9.997 9.997 26.206 0 36.204l-294.4 294.401c-9.998 9.997-26.207 9.997-36.204-.001z\"><\/path><\/svg>\t\t\t\t\t\t<\/span>\n\t\t\t\t\t\t\t\t\t\t<span class=\"elementor-icon-list-text\">K\u00fclt\u00fcr Sanat ve Etkinlik<\/span>\n\t\t\t\t\t\t\t\t\t\t\t<\/a>\n\t\t\t\t\t\t\t\t\t<\/li>\n\t\t\t\t\t\t<\/ul>\n\t\t\t\t\t\t<\/div>\n\t\t\t\t<\/div>\n\t\t\t\t\t<\/div>\n\t\t<\/div>\n\t\t\t\t\t<\/div>\n\t\t<\/section>\n\t\t\t\t<\/div>","protected":false},"excerpt":{"rendered":"<p>S\u00fcrd\u00fcr\u00fclebilirlik komisyonu, T\u00dcMKAD\u2019\u0131n vizyonu, misyonu ve stratejik hedeflerine ba\u011fl\u0131 olarak, s\u00fcrd\u00fcr\u00fclebilir kalk\u0131nma hedeflerine y\u00f6nelik geli\u015fim ve proje geli\u015ftirme \u00e7al\u0131\u015fmalar\u0131n\u0131 y\u00fcr\u00fct\u00fcr. S\u00fcrd\u00fcr\u00fclebilirlik mevzuatlar\u0131n\u0131, ulusal ve uluslararas\u0131 raporlar\u0131 inceler, g\u00fcncel bilgi e\u015fitlemesini dernek i\u00e7erisinde de sa\u011flamay\u0131 ama\u00e7lar. \u00c7al\u0131\u015fma Kapsam\u0131: Seminerler ve konferanslar: S\u00fcrd\u00fcr\u00fclebilirlik alan\u0131ndaki konferans ve seminerler. E\u011fitim ve geli\u015fim Programlar\u0131: S\u00fcrd\u00fcr\u00fclebilir kalk\u0131nmay\u0131 hedefleyen programlar S\u00fcrd\u00fcr\u00fclebilirlik Raporu: [&hellip;]<\/p>","protected":false},"author":1,"featured_media":0,"parent":506,"menu_order":0,"comment_status":"closed","ping_status":"closed","template":"elementor_header_footer","meta":{"footnotes":""},"class_list":["post-964","page","type-page","status-publish","hentry"],"_links":{"self":[{"href":"https:\/\/tumkad.org.tr\/en\/wp-json\/wp\/v2\/pages\/964","targetHints":{"allow":["GET"]}}],"collection":[{"href":"https:\/\/tumkad.org.tr\/en\/wp-json\/wp\/v2\/pages"}],"about":[{"href":"https:\/\/tumkad.org.tr\/en\/wp-json\/wp\/v2\/types\/page"}],"author":[{"embeddable":true,"href":"https:\/\/tumkad.org.tr\/en\/wp-json\/wp\/v2\/users\/1"}],"replies":[{"embeddable":true,"href":"https:\/\/tumkad.org.tr\/en\/wp-json\/wp\/v2\/comments?post=964"}],"version-history":[{"count":20,"href":"https:\/\/tumkad.org.tr\/en\/wp-json\/wp\/v2\/pages\/964\/revisions"}],"predecessor-version":[{"id":3434,"href":"https:\/\/tumkad.org.tr\/en\/wp-json\/wp\/v2\/pages\/964\/revisions\/3434"}],"up":[{"embeddable":true,"href":"https:\/\/tumkad.org.tr\/en\/wp-json\/wp\/v2\/pages\/506"}],"wp:attachment":[{"href":"https:\/\/tumkad.org.tr\/en\/wp-json\/wp\/v2\/media?parent=964"}],"curies":[{"name":"wp","href":"https:\/\/api.w.org\/{rel}","templated":true}]}}