{"id":992,"date":"2025-04-15T07:11:21","date_gmt":"2025-04-15T04:11:21","guid":{"rendered":"https:\/\/test1.tumkad.org.tr\/?page_id=992"},"modified":"2025-04-19T10:41:50","modified_gmt":"2025-04-19T07:41:50","slug":"manifesto","status":"publish","type":"page","link":"https:\/\/tumkad.org.tr\/en\/hakkimizda\/manifesto\/","title":{"rendered":"Manifesto"},"content":{"rendered":"<div data-elementor-type=\"wp-page\" data-elementor-id=\"992\" class=\"elementor elementor-992\" data-elementor-post-type=\"page\">\n\t\t\t\t\t\t<section class=\"elementor-section elementor-top-section elementor-element elementor-element-4cdec6b6 elementor-section-height-min-height elementor-section-boxed elementor-section-height-default elementor-section-items-middle\" data-id=\"4cdec6b6\" data-element_type=\"section\" data-settings=\"{&quot;background_background&quot;:&quot;classic&quot;}\">\n\t\t\t\t\t\t\t<div class=\"elementor-background-overlay\"><\/div>\n\t\t\t\t\t\t\t<div class=\"elementor-container elementor-column-gap-default\">\n\t\t\t\t\t<div class=\"elementor-column elementor-col-100 elementor-top-column elementor-element elementor-element-1692e944\" data-id=\"1692e944\" data-element_type=\"column\">\n\t\t\t<div class=\"elementor-widget-wrap elementor-element-populated\">\n\t\t\t\t\t\t<div class=\"elementor-element elementor-element-7d9c2618 elementor-widget elementor-widget-heading\" data-id=\"7d9c2618\" data-element_type=\"widget\" data-widget_type=\"heading.default\">\n\t\t\t\t<div class=\"elementor-widget-container\">\n\t\t\t\t\t<h3 class=\"elementor-heading-title elementor-size-default\">Manifestomuz<\/h3>\t\t\t\t<\/div>\n\t\t\t\t<\/div>\n\t\t\t\t\t<\/div>\n\t\t<\/div>\n\t\t\t\t\t<\/div>\n\t\t<\/section>\n\t\t\t\t<section class=\"elementor-section elementor-top-section elementor-element elementor-element-71262976 elementor-section-boxed elementor-section-height-default elementor-section-height-default\" data-id=\"71262976\" data-element_type=\"section\" data-settings=\"{&quot;background_background&quot;:&quot;classic&quot;}\">\n\t\t\t\t\t\t\t<div class=\"elementor-background-overlay\"><\/div>\n\t\t\t\t\t\t\t<div class=\"elementor-container elementor-column-gap-no\">\n\t\t\t\t\t<div class=\"elementor-column elementor-col-50 elementor-top-column elementor-element elementor-element-6e133eea\" data-id=\"6e133eea\" data-element_type=\"column\">\n\t\t\t<div class=\"elementor-widget-wrap elementor-element-populated\">\n\t\t\t\t\t\t<div class=\"elementor-element elementor-element-b0b20d9 elementor-widget elementor-widget-image\" data-id=\"b0b20d9\" data-element_type=\"widget\" data-widget_type=\"image.default\">\n\t\t\t\t<div class=\"elementor-widget-container\">\n\t\t\t\t\t\t\t\t\t\t\t\t\t\t\t<img fetchpriority=\"high\" decoding=\"async\" width=\"800\" height=\"800\" src=\"https:\/\/tumkad.org.tr\/wp-content\/uploads\/2024\/11\/Tumkad-logo-kutu.jpg\" class=\"attachment-large size-large wp-image-422\" alt=\"Tumkad-logo-kutu\" srcset=\"https:\/\/tumkad.org.tr\/wp-content\/uploads\/2024\/11\/Tumkad-logo-kutu.jpg 1000w, https:\/\/tumkad.org.tr\/wp-content\/uploads\/2024\/11\/Tumkad-logo-kutu-300x300.jpg 300w, https:\/\/tumkad.org.tr\/wp-content\/uploads\/2024\/11\/Tumkad-logo-kutu-150x150.jpg 150w, https:\/\/tumkad.org.tr\/wp-content\/uploads\/2024\/11\/Tumkad-logo-kutu-768x768.jpg 768w\" sizes=\"(max-width: 800px) 100vw, 800px\" \/>\t\t\t\t\t\t\t\t\t\t\t\t\t\t\t<\/div>\n\t\t\t\t<\/div>\n\t\t\t\t\t<\/div>\n\t\t<\/div>\n\t\t\t\t<div class=\"elementor-column elementor-col-50 elementor-top-column elementor-element elementor-element-f06768d\" data-id=\"f06768d\" data-element_type=\"column\">\n\t\t\t<div class=\"elementor-widget-wrap elementor-element-populated\">\n\t\t\t\t\t\t<div class=\"elementor-element elementor-element-65ebd5f elementor-widget elementor-widget-heading\" data-id=\"65ebd5f\" data-element_type=\"widget\" data-widget_type=\"heading.default\">\n\t\t\t\t<div class=\"elementor-widget-container\">\n\t\t\t\t\t<h3 class=\"elementor-heading-title elementor-size-default\">MAN\u0130FESTOMUZ<\/h3>\t\t\t\t<\/div>\n\t\t\t\t<\/div>\n\t\t\t\t<div class=\"elementor-element elementor-element-f0a33ec elementor-widget elementor-widget-text-editor\" data-id=\"f0a33ec\" data-element_type=\"widget\" data-widget_type=\"text-editor.default\">\n\t\t\t\t<div class=\"elementor-widget-container\">\n\t\t\t\t\t\t\t\t\t<p>Hik\u00e2yemiz yeni ba\u015fl\u0131yor gibi g\u00f6r\u00fcnse de k\u00f6klerimiz derinlerde\u2026 G\u00fcc\u00fcm\u00fcz\u00fc ge\u00e7mi\u015ften, yolumuzu ayd\u0131nlatan \u00f6nc\u00fclerden al\u0131yoruz. Gelece\u011fe y\u00fcr\u00fcrken, ard\u0131m\u0131zda iz b\u0131rakan kad\u0131nlar\u0131n cesaretinden ilham al\u0131yor, bu miras\u0131 yar\u0131nlara ta\u015f\u0131yoruz.<\/p><p>Bizler, tarihsel bir gelene\u011fin bug\u00fcnk\u00fc temsilcileriyiz. Bu gelenek; hayat\u0131n her alan\u0131na katk\u0131 sunan, \u00fcretimin \u00f6znesi olmu\u015f kad\u0131nlar\u0131n g\u00fc\u00e7l\u00fc miras\u0131d\u0131r.<\/p><p><strong>ARTIK DAHA G\u00d6R\u00dcN\u00dcR\u00dcZ<\/strong><br \/>\u00c7\u00fcnk\u00fc; fiziksel \u00f6zelliklerimiz ya da cinsiyetimiz i\u015f yapabilme yetimizi asla belirlemez. Bug\u00fcne kadar \u00e7o\u011funlukla erkek egemen bir yap\u0131n\u0131n i\u00e7inde yer ald\u0131k. Kimi zaman sesimiz k\u0131s\u0131ld\u0131, alanlar\u0131m\u0131z daralt\u0131ld\u0131. Ama biliyoruz ki ne giydi\u011fimiz ne de nas\u0131l g\u00f6r\u00fcnd\u00fc\u011f\u00fcm\u00fcz mesleki yeterlili\u011fimizin \u00f6n\u00fcnde engel de\u011fil. As\u0131l engel, \u00f6nyarg\u0131lar. Bizler kimli\u011fimizle, se\u00e7imlerimizle, de\u011ferlerimizle ve bilgi birikimimizle m\u00fchendislik alan\u0131nda var\u0131z ve var olmaya devam edece\u011fiz.<\/p><p><strong>ARTIK DAHA KARARLIYIZ<\/strong><br \/>Cam tavanlar eskisi kadar g\u00f6r\u00fcnmez de\u011fil. G\u00f6ky\u00fcz\u00fcne bakarken \u00f6n\u00fcm\u00fczdeki engelleri tan\u0131yor, ancak bunlar\u0131n bizi durdurmas\u0131na izin vermiyoruz. \u015eantiyelerde, ofislerde, fabrikalarda sadece var olmak de\u011fil; eme\u011fimizle, fikrimizle, katk\u0131m\u0131zla g\u00f6r\u00fcn\u00fcr olmak istiyoruz.<\/p><p><strong>ARTIK DAHA \u00d6ZG\u00dcR\u00dcZ<\/strong><br \/>\u00c7\u00fcnk\u00fc; bize tan\u0131nan alanlarla de\u011fil, kendi potansiyelimizle yol almak istiyoruz. Yol zor olabilir, dikenli olabilir. Ama biz bu yolu y\u00fcr\u00fcmeye, birbirimize omuz vermeye ve gelece\u011fi birlikte in\u015fa etmeye kararl\u0131y\u0131z.<br \/>Biliyoruz ki \u00fcretime de\u011fen kad\u0131n eli, hayat\u0131n t\u00fcm alanlar\u0131nda d\u00f6n\u00fc\u015f\u00fcm yarat\u0131r. Kad\u0131n bak\u0131\u015f a\u00e7\u0131s\u0131; s\u00fcrd\u00fcr\u00fclebilirli\u011fi, dayan\u0131\u015fmay\u0131 ve \u00e7e\u015fitlili\u011fi beraberinde getirir. \u0130\u015fte bu y\u00fczden, sahada kad\u0131n\u0131n sesi daha g\u00fcr \u00e7\u0131kmal\u0131.<\/p><p>Kad\u0131n varsa nezaket, zarafet, ama ayn\u0131 zamanda g\u00fc\u00e7 ve dirayet vard\u0131r. Bug\u00fcne dek i\u015f ya\u015fam\u0131nda yaratt\u0131\u011f\u0131m\u0131z fark ile daha huzurlu, daha sayg\u0131l\u0131, daha e\u015fitlik\u00e7i \u00e7al\u0131\u015fma ortamlar\u0131 olu\u015fmas\u0131na katk\u0131 sunduk. Bundan sonra da bu katk\u0131y\u0131 b\u00fcy\u00fcterek s\u00fcrd\u00fcrece\u011fiz.<\/p><p>Biz \u00e7ok \u015fey ba\u015fard\u0131k, daha fazlas\u0131n\u0131 ba\u015faraca\u011f\u0131z. \u015eimdi birbirimizin elini daha s\u0131k\u0131 tutma zaman\u0131. Omuz omuza verip yeni y\u00fcr\u00fcy\u00fc\u015flere \u00e7\u0131kma zaman\u0131. B\u00fcy\u00fck yolculuklar k\u00fc\u00e7\u00fck ama kararl\u0131 ad\u0131mlarla ba\u015flar. Dileriz ki bu yolda y\u00fcr\u00fcyen her kad\u0131n, kendinden \u00f6ncekilerden ald\u0131\u011f\u0131 g\u00fc\u00e7le daha sa\u011flam ad\u0131mlar ats\u0131n, daha cesurca ilerlesin, daha y\u00fckseklere kanatlans\u0131n.<\/p>\t\t\t\t\t\t\t\t<\/div>\n\t\t\t\t<\/div>\n\t\t\t\t\t<\/div>\n\t\t<\/div>\n\t\t\t\t\t<\/div>\n\t\t<\/section>\n\t\t\t\t<\/div>","protected":false},"excerpt":{"rendered":"<p>Manifestomuz MAN\u0130FESTOMUZ Hik\u00e2yemiz yeni ba\u015fl\u0131yor gibi g\u00f6r\u00fcnse de k\u00f6klerimiz derinlerde\u2026 G\u00fcc\u00fcm\u00fcz\u00fc ge\u00e7mi\u015ften, yolumuzu ayd\u0131nlatan \u00f6nc\u00fclerden al\u0131yoruz. Gelece\u011fe y\u00fcr\u00fcrken, ard\u0131m\u0131zda iz b\u0131rakan kad\u0131nlar\u0131n cesaretinden ilham al\u0131yor, bu miras\u0131 yar\u0131nlara ta\u015f\u0131yoruz. Bizler, tarihsel bir gelene\u011fin bug\u00fcnk\u00fc temsilcileriyiz. Bu gelenek; hayat\u0131n her alan\u0131na katk\u0131 sunan, \u00fcretimin \u00f6znesi olmu\u015f kad\u0131nlar\u0131n g\u00fc\u00e7l\u00fc miras\u0131d\u0131r. ARTIK DAHA G\u00d6R\u00dcN\u00dcR\u00dcZ\u00c7\u00fcnk\u00fc; fiziksel \u00f6zelliklerimiz ya da [&hellip;]<\/p>","protected":false},"author":1,"featured_media":0,"parent":73,"menu_order":0,"comment_status":"closed","ping_status":"closed","template":"elementor_header_footer","meta":{"footnotes":""},"class_list":["post-992","page","type-page","status-publish","hentry"],"_links":{"self":[{"href":"https:\/\/tumkad.org.tr\/en\/wp-json\/wp\/v2\/pages\/992","targetHints":{"allow":["GET"]}}],"collection":[{"href":"https:\/\/tumkad.org.tr\/en\/wp-json\/wp\/v2\/pages"}],"about":[{"href":"https:\/\/tumkad.org.tr\/en\/wp-json\/wp\/v2\/types\/page"}],"author":[{"embeddable":true,"href":"https:\/\/tumkad.org.tr\/en\/wp-json\/wp\/v2\/users\/1"}],"replies":[{"embeddable":true,"href":"https:\/\/tumkad.org.tr\/en\/wp-json\/wp\/v2\/comments?post=992"}],"version-history":[{"count":19,"href":"https:\/\/tumkad.org.tr\/en\/wp-json\/wp\/v2\/pages\/992\/revisions"}],"predecessor-version":[{"id":2282,"href":"https:\/\/tumkad.org.tr\/en\/wp-json\/wp\/v2\/pages\/992\/revisions\/2282"}],"up":[{"embeddable":true,"href":"https:\/\/tumkad.org.tr\/en\/wp-json\/wp\/v2\/pages\/73"}],"wp:attachment":[{"href":"https:\/\/tumkad.org.tr\/en\/wp-json\/wp\/v2\/media?parent=992"}],"curies":[{"name":"wp","href":"https:\/\/api.w.org\/{rel}","templated":true}]}}