{"id":994,"date":"2025-04-15T07:12:09","date_gmt":"2025-04-15T04:12:09","guid":{"rendered":"https:\/\/test1.tumkad.org.tr\/?page_id=994"},"modified":"2025-04-19T10:38:01","modified_gmt":"2025-04-19T07:38:01","slug":"misyon-vizyon-degerler","status":"publish","type":"page","link":"https:\/\/tumkad.org.tr\/en\/hakkimizda\/misyon-vizyon-degerler\/","title":{"rendered":"Misyon-Vizyon-De\u011ferler"},"content":{"rendered":"<div data-elementor-type=\"wp-page\" data-elementor-id=\"994\" class=\"elementor elementor-994\" data-elementor-post-type=\"page\">\n\t\t\t\t\t\t<section class=\"elementor-section elementor-top-section elementor-element elementor-element-64cb8281 elementor-section-height-min-height elementor-section-boxed elementor-section-height-default elementor-section-items-middle\" data-id=\"64cb8281\" data-element_type=\"section\" data-settings=\"{&quot;background_background&quot;:&quot;classic&quot;}\">\n\t\t\t\t\t\t\t<div class=\"elementor-background-overlay\"><\/div>\n\t\t\t\t\t\t\t<div class=\"elementor-container elementor-column-gap-default\">\n\t\t\t\t\t<div class=\"elementor-column elementor-col-100 elementor-top-column elementor-element elementor-element-2eafe7eb\" data-id=\"2eafe7eb\" data-element_type=\"column\">\n\t\t\t<div class=\"elementor-widget-wrap elementor-element-populated\">\n\t\t\t\t\t\t<div class=\"elementor-element elementor-element-64eeb6aa elementor-widget elementor-widget-heading\" data-id=\"64eeb6aa\" data-element_type=\"widget\" data-widget_type=\"heading.default\">\n\t\t\t\t<div class=\"elementor-widget-container\">\n\t\t\t\t\t<h3 class=\"elementor-heading-title elementor-size-default\">Vizyon-Misyon-De\u011ferler\n<\/h3>\t\t\t\t<\/div>\n\t\t\t\t<\/div>\n\t\t\t\t\t<\/div>\n\t\t<\/div>\n\t\t\t\t\t<\/div>\n\t\t<\/section>\n\t\t\t\t<section class=\"elementor-section elementor-top-section elementor-element elementor-element-ac87512 elementor-section-boxed elementor-section-height-default elementor-section-height-default\" data-id=\"ac87512\" data-element_type=\"section\" data-settings=\"{&quot;background_background&quot;:&quot;classic&quot;}\">\n\t\t\t\t\t\t\t<div class=\"elementor-background-overlay\"><\/div>\n\t\t\t\t\t\t\t<div class=\"elementor-container elementor-column-gap-no\">\n\t\t\t\t\t<div class=\"elementor-column elementor-col-50 elementor-top-column elementor-element elementor-element-deab756\" data-id=\"deab756\" data-element_type=\"column\">\n\t\t\t<div class=\"elementor-widget-wrap\">\n\t\t\t\t\t\t\t<\/div>\n\t\t<\/div>\n\t\t\t\t<div class=\"elementor-column elementor-col-50 elementor-top-column elementor-element elementor-element-b83c359\" data-id=\"b83c359\" data-element_type=\"column\" data-settings=\"{&quot;background_background&quot;:&quot;classic&quot;}\">\n\t\t\t<div class=\"elementor-widget-wrap elementor-element-populated\">\n\t\t\t\t\t\t<div class=\"elementor-element elementor-element-75128a2 elementor-widget__width-auto elementor-widget elementor-widget-heading\" data-id=\"75128a2\" data-element_type=\"widget\" data-widget_type=\"heading.default\">\n\t\t\t\t<div class=\"elementor-widget-container\">\n\t\t\t\t\t<h6 class=\"elementor-heading-title elementor-size-default\">V\u0130ZYONUMUZ<\/h6>\t\t\t\t<\/div>\n\t\t\t\t<\/div>\n\t\t\t\t<div class=\"elementor-element elementor-element-7791577 elementor-widget elementor-widget-text-editor\" data-id=\"7791577\" data-element_type=\"widget\" data-widget_type=\"text-editor.default\">\n\t\t\t\t<div class=\"elementor-widget-container\">\n\t\t\t\t\t\t\t\t\t<p>Uluslararas\u0131 kad\u0131n platformlar\u0131nda s\u00f6z sahibi olacak T\u00fcrkiye&#8217;nin potansiyel lider kad\u0131nlar\u0131n\u0131 yeti\u015ftirmek, kendini ger\u00e7ekle\u015ftirme yolculu\u011funda hayatlar\u0131na dokunmak.<\/p>\t\t\t\t\t\t\t\t<\/div>\n\t\t\t\t<\/div>\n\t\t\t\t<div class=\"elementor-element elementor-element-4076428 elementor-widget__width-auto elementor-widget elementor-widget-heading\" data-id=\"4076428\" data-element_type=\"widget\" data-widget_type=\"heading.default\">\n\t\t\t\t<div class=\"elementor-widget-container\">\n\t\t\t\t\t<h6 class=\"elementor-heading-title elementor-size-default\">M\u0130SYONUMUZ<\/h6>\t\t\t\t<\/div>\n\t\t\t\t<\/div>\n\t\t\t\t<div class=\"elementor-element elementor-element-141d524 elementor-widget elementor-widget-text-editor\" data-id=\"141d524\" data-element_type=\"widget\" data-widget_type=\"text-editor.default\">\n\t\t\t\t<div class=\"elementor-widget-container\">\n\t\t\t\t\t\t\t\t\t<p>M\u00fchendis kad\u0131nlar\u0131n T\u00fcrkiye sanayisine katk\u0131s\u0131n\u0131 art\u0131rmak , kad\u0131nlar\u0131 i\u015f hayat\u0131ndaki rekabet\u00e7i ko\u015fullara kar\u015f\u0131 g\u00fc\u00e7lendirmek, y\u00fcksek yetkinlik seviyesine ula\u015fmas\u0131n\u0131 sa\u011flamak ve m\u00fchendislik okuyan kad\u0131nlar\u0131n sekt\u00f6re haz\u0131r olarak girmesini hedeflemektedir.<\/p>\t\t\t\t\t\t\t\t<\/div>\n\t\t\t\t<\/div>\n\t\t\t\t\t<\/div>\n\t\t<\/div>\n\t\t\t\t\t<\/div>\n\t\t<\/section>\n\t\t\t\t<section class=\"elementor-section elementor-top-section elementor-element elementor-element-7b7142b elementor-section-boxed elementor-section-height-default elementor-section-height-default\" data-id=\"7b7142b\" data-element_type=\"section\">\n\t\t\t\t\t\t<div class=\"elementor-container elementor-column-gap-default\">\n\t\t\t\t\t<div class=\"elementor-column elementor-col-100 elementor-top-column elementor-element elementor-element-c6c3e71\" data-id=\"c6c3e71\" data-element_type=\"column\">\n\t\t\t<div class=\"elementor-widget-wrap elementor-element-populated\">\n\t\t\t\t\t\t<div class=\"elementor-element elementor-element-295c48d elementor-widget__width-auto elementor-widget elementor-widget-heading\" data-id=\"295c48d\" data-element_type=\"widget\" data-widget_type=\"heading.default\">\n\t\t\t\t<div class=\"elementor-widget-container\">\n\t\t\t\t\t<h6 class=\"elementor-heading-title elementor-size-default\">ET\u0130K DE\u011eERLER\u0130M\u0130Z<\/h6>\t\t\t\t<\/div>\n\t\t\t\t<\/div>\n\t\t\t\t\t<\/div>\n\t\t<\/div>\n\t\t\t\t\t<\/div>\n\t\t<\/section>\n\t\t\t\t<section class=\"elementor-section elementor-top-section elementor-element elementor-element-bfb0c11 elementor-section-boxed elementor-section-height-default elementor-section-height-default\" data-id=\"bfb0c11\" data-element_type=\"section\">\n\t\t\t\t\t\t<div class=\"elementor-container elementor-column-gap-default\">\n\t\t\t\t\t<div class=\"elementor-column elementor-col-33 elementor-top-column elementor-element elementor-element-449929c\" data-id=\"449929c\" data-element_type=\"column\">\n\t\t\t<div class=\"elementor-widget-wrap elementor-element-populated\">\n\t\t\t\t\t\t<div class=\"elementor-element elementor-element-2168cdb elementor-view-stacked elementor-shape-circle elementor-position-top elementor-mobile-position-top elementor-widget elementor-widget-icon-box\" data-id=\"2168cdb\" data-element_type=\"widget\" data-widget_type=\"icon-box.default\">\n\t\t\t\t<div class=\"elementor-widget-container\">\n\t\t\t\t\t\t\t<div class=\"elementor-icon-box-wrapper\">\n\n\t\t\t\t\t\t<div class=\"elementor-icon-box-icon\">\n\t\t\t\t<span  class=\"elementor-icon\">\n\t\t\t\t<i aria-hidden=\"true\" class=\"icon icon-planet-earth\"><\/i>\t\t\t\t<\/span>\n\t\t\t<\/div>\n\t\t\t\n\t\t\t\t\t\t<div class=\"elementor-icon-box-content\">\n\n\t\t\t\t\t\t\t\t\t<h4 class=\"elementor-icon-box-title\">\n\t\t\t\t\t\t<span  >\n\t\t\t\t\t\t\tToplumsal Sorumluluk\t\t\t\t\t\t<\/span>\n\t\t\t\t\t<\/h4>\n\t\t\t\t\n\t\t\t\t\t\t\t\t\t<p class=\"elementor-icon-box-description\">\n\t\t\t\t\t\tT\u00dcMKAD olarak, topluma kar\u015f\u0131 duydu\u011fumuz sorumlulu\u011fu t\u00fcm \u00e7al\u0131\u015fmalar\u0131m\u0131z\u0131n merkezine koyar\u0131z. Kad\u0131nlar\u0131n g\u00fc\u00e7lenmesini sadece bireysel bir ba\u015far\u0131 de\u011fil, toplumsal kalk\u0131nman\u0131n anahtar\u0131 olarak g\u00f6r\u00fcr\u00fcz. e\u011fitimden dijital d\u00f6n\u00fc\u015f\u00fcme,uzmanl\u0131ktan giri\u015fimcili\u011fe kadar her alanda toplumsal fayday\u0131 \u00f6ncelik alan,d\u00f6n\u00fc\u015ft\u00fcr\u00fcc\u00fc ad\u0131mlar atar\u0131z.\t\t\t\t\t<\/p>\n\t\t\t\t\n\t\t\t<\/div>\n\t\t\t\n\t\t<\/div>\n\t\t\t\t\t\t<\/div>\n\t\t\t\t<\/div>\n\t\t\t\t\t<\/div>\n\t\t<\/div>\n\t\t\t\t<div class=\"elementor-column elementor-col-33 elementor-top-column elementor-element elementor-element-6022a00\" data-id=\"6022a00\" data-element_type=\"column\">\n\t\t\t<div class=\"elementor-widget-wrap elementor-element-populated\">\n\t\t\t\t\t\t<div class=\"elementor-element elementor-element-b5a477e elementor-view-stacked elementor-shape-circle elementor-position-top elementor-mobile-position-top elementor-widget elementor-widget-icon-box\" data-id=\"b5a477e\" data-element_type=\"widget\" data-widget_type=\"icon-box.default\">\n\t\t\t\t<div class=\"elementor-widget-container\">\n\t\t\t\t\t\t\t<div class=\"elementor-icon-box-wrapper\">\n\n\t\t\t\t\t\t<div class=\"elementor-icon-box-icon\">\n\t\t\t\t<span  class=\"elementor-icon\">\n\t\t\t\t<i aria-hidden=\"true\" class=\"icon icon-justice-1\"><\/i>\t\t\t\t<\/span>\n\t\t\t<\/div>\n\t\t\t\n\t\t\t\t\t\t<div class=\"elementor-icon-box-content\">\n\n\t\t\t\t\t\t\t\t\t<h4 class=\"elementor-icon-box-title\">\n\t\t\t\t\t\t<span  >\n\t\t\t\t\t\t\tTarafs\u0131zl\u0131k\t\t\t\t\t\t<\/span>\n\t\t\t\t\t<\/h4>\n\t\t\t\t\n\t\t\t\t\t\t\t\t\t<p class=\"elementor-icon-box-description\">\n\t\t\t\t\t\tT\u00dcMKAD olarak,t\u00fcm karar ve uygulamalar\u0131m\u0131zda objektifli\u011fe \u00f6nem veririz. Ki\u015fisel, kurumsal ya da ideolojik herhangi bir etki alt\u0131nda kalmadan,adil, dengeli ve e\u015fit mesafede durmay\u0131 ilke ediniriz. Kad\u0131nlar\u0131n \u00f6ncelikli olarak m\u00fchendislik alan\u0131nda olmak \u00fczere her alanda \u00f6zg\u00fcrce var olabilmesi i\u00e7in tarafs\u0131z bir bak\u0131\u015f a\u00e7\u0131s\u0131n\u0131 s\u00fcrd\u00fcr\u00fclebilir bir temel olarak g\u00f6r\u00fcr\u00fcz. \n\t\t\t\t\t<\/p>\n\t\t\t\t\n\t\t\t<\/div>\n\t\t\t\n\t\t<\/div>\n\t\t\t\t\t\t<\/div>\n\t\t\t\t<\/div>\n\t\t\t\t\t<\/div>\n\t\t<\/div>\n\t\t\t\t<div class=\"elementor-column elementor-col-33 elementor-top-column elementor-element elementor-element-901b7c8\" data-id=\"901b7c8\" data-element_type=\"column\">\n\t\t\t<div class=\"elementor-widget-wrap elementor-element-populated\">\n\t\t\t\t\t\t<div class=\"elementor-element elementor-element-ba56ab3 elementor-view-stacked elementor-shape-circle elementor-position-top elementor-mobile-position-top elementor-widget elementor-widget-icon-box\" data-id=\"ba56ab3\" data-element_type=\"widget\" data-widget_type=\"icon-box.default\">\n\t\t\t\t<div class=\"elementor-widget-container\">\n\t\t\t\t\t\t\t<div class=\"elementor-icon-box-wrapper\">\n\n\t\t\t\t\t\t<div class=\"elementor-icon-box-icon\">\n\t\t\t\t<span  class=\"elementor-icon\">\n\t\t\t\t<i aria-hidden=\"true\" class=\"icon icon-hand\"><\/i>\t\t\t\t<\/span>\n\t\t\t<\/div>\n\t\t\t\n\t\t\t\t\t\t<div class=\"elementor-icon-box-content\">\n\n\t\t\t\t\t\t\t\t\t<h4 class=\"elementor-icon-box-title\">\n\t\t\t\t\t\t<span  >\n\t\t\t\t\t\t\tKat\u0131l\u0131mc\u0131l\u0131k\t\t\t\t\t\t<\/span>\n\t\t\t\t\t<\/h4>\n\t\t\t\t\n\t\t\t\t\t\t\t\t\t<p class=\"elementor-icon-box-description\">\n\t\t\t\t\t\tT\u00dcMKAD olarak, birlikte d\u00fc\u015f\u00fcnmenin ve birlikte \u00fcretmenin g\u00fcc\u00fcne inanar\u0131z.Her \u00fcyemizin fikir,deneyim ve katk\u0131s\u0131n\u0131 de\u011ferli bulur,karar alma s\u00fcre\u00e7lerine aktif kat\u0131l\u0131m\u0131n\u0131 te\u015fvik ederek sesimizi daha da y\u00fckseltmeyi hedefleriz. Kapsay\u0131c\u0131 ve \u00e7o\u011fulcu bir yap\u0131yla,herkesin sesini duyurdu\u011fu,birlikte \u015fekillenen bir topluluk olu\u015fturmay\u0131 hedefleriz. Kat\u0131l\u0131mc\u0131l\u0131k ilkemiz, \u015feffafl\u0131k ve kapsay\u0131c\u0131l\u0131k ilkeleriyle birlikte \u00e7al\u0131\u015farak kurumsal etkimizi g\u00fc\u00e7lendirir.\n\t\t\t\t\t<\/p>\n\t\t\t\t\n\t\t\t<\/div>\n\t\t\t\n\t\t<\/div>\n\t\t\t\t\t\t<\/div>\n\t\t\t\t<\/div>\n\t\t\t\t\t<\/div>\n\t\t<\/div>\n\t\t\t\t\t<\/div>\n\t\t<\/section>\n\t\t\t\t<section class=\"elementor-section elementor-top-section elementor-element elementor-element-342bed0 elementor-section-boxed elementor-section-height-default elementor-section-height-default\" data-id=\"342bed0\" data-element_type=\"section\">\n\t\t\t\t\t\t<div class=\"elementor-container elementor-column-gap-default\">\n\t\t\t\t\t<div class=\"elementor-column elementor-col-33 elementor-top-column elementor-element elementor-element-796178e\" data-id=\"796178e\" data-element_type=\"column\">\n\t\t\t<div class=\"elementor-widget-wrap elementor-element-populated\">\n\t\t\t\t\t\t<div class=\"elementor-element elementor-element-3d0a96e elementor-view-stacked elementor-shape-circle elementor-position-top elementor-mobile-position-top elementor-widget elementor-widget-icon-box\" data-id=\"3d0a96e\" data-element_type=\"widget\" data-widget_type=\"icon-box.default\">\n\t\t\t\t<div class=\"elementor-widget-container\">\n\t\t\t\t\t\t\t<div class=\"elementor-icon-box-wrapper\">\n\n\t\t\t\t\t\t<div class=\"elementor-icon-box-icon\">\n\t\t\t\t<span  class=\"elementor-icon\">\n\t\t\t\t<i aria-hidden=\"true\" class=\"icon icon-key\"><\/i>\t\t\t\t<\/span>\n\t\t\t<\/div>\n\t\t\t\n\t\t\t\t\t\t<div class=\"elementor-icon-box-content\">\n\n\t\t\t\t\t\t\t\t\t<h4 class=\"elementor-icon-box-title\">\n\t\t\t\t\t\t<span  >\n\t\t\t\t\t\t\tD\u00fcr\u00fcstl\u00fck\t\t\t\t\t\t<\/span>\n\t\t\t\t\t<\/h4>\n\t\t\t\t\n\t\t\t\t\t\t\t\t\t<p class=\"elementor-icon-box-description\">\n\t\t\t\t\t\tT\u00dcMKAD,  t\u00fcm ili\u015fkilerinde a\u00e7\u0131k,net ve tutarl\u0131 bir ileti\u015fim anlay\u0131\u015f\u0131n\u0131 benimser. S\u00f6yledi\u011fini yapan,yapt\u0131\u011f\u0131na sahip \u00e7\u0131kanbir duru\u015f sergilemek;hem bireysel hem kurumsal g\u00fcvenin temelidir. D\u00fcr\u00fcstl\u00fck ilkemiz,etik kararlar almam\u0131za,\u015feffaf bir yap\u0131 in\u015fa etmemize ve s\u00fcrd\u00fcr\u00fclebilir bir sayg\u0131nl\u0131k olu\u015fturmam\u0131za olanak tan\u0131r.\t\t\t\t\t<\/p>\n\t\t\t\t\n\t\t\t<\/div>\n\t\t\t\n\t\t<\/div>\n\t\t\t\t\t\t<\/div>\n\t\t\t\t<\/div>\n\t\t\t\t\t<\/div>\n\t\t<\/div>\n\t\t\t\t<div class=\"elementor-column elementor-col-33 elementor-top-column elementor-element elementor-element-1c5f04b\" data-id=\"1c5f04b\" data-element_type=\"column\">\n\t\t\t<div class=\"elementor-widget-wrap elementor-element-populated\">\n\t\t\t\t\t\t<div class=\"elementor-element elementor-element-2f96701 elementor-view-stacked elementor-shape-circle elementor-position-top elementor-mobile-position-top elementor-widget elementor-widget-icon-box\" data-id=\"2f96701\" data-element_type=\"widget\" data-widget_type=\"icon-box.default\">\n\t\t\t\t<div class=\"elementor-widget-container\">\n\t\t\t\t\t\t\t<div class=\"elementor-icon-box-wrapper\">\n\n\t\t\t\t\t\t<div class=\"elementor-icon-box-icon\">\n\t\t\t\t<span  class=\"elementor-icon\">\n\t\t\t\t<i aria-hidden=\"true\" class=\"icon icon-badge\"><\/i>\t\t\t\t<\/span>\n\t\t\t<\/div>\n\t\t\t\n\t\t\t\t\t\t<div class=\"elementor-icon-box-content\">\n\n\t\t\t\t\t\t\t\t\t<h4 class=\"elementor-icon-box-title\">\n\t\t\t\t\t\t<span  >\n\t\t\t\t\t\t\tSayg\u0131nl\u0131k\t\t\t\t\t\t<\/span>\n\t\t\t\t\t<\/h4>\n\t\t\t\t\n\t\t\t\t\t\t\t\t\t<p class=\"elementor-icon-box-description\">\n\t\t\t\t\t\tT\u00dcMKAD, t\u00fcm ili\u015fkilerinde g\u00fcven,d\u00fcr\u00fcstl\u00fck ve tutarl\u0131l\u0131k ilkesini benimser. S\u00f6z\u00fcyle \u00f6z\u00fc bir olan bir duru\u015f sergileyerek toplumda sayg\u0131 uyand\u0131rmay\u0131 hedefler. Etik de\u011ferlere ba\u011fl\u0131l\u0131m\u0131z ve sorumluluk bilincimiz ile topluma sa\u011flad\u0131\u011f\u0131m\u0131z katk\u0131lar sayesinde kazand\u0131\u011f\u0131m\u0131z sayg\u0131nl\u0131\u011f\u0131 korumak ve daha da g\u00fc\u00e7lendirmek i\u00e7in kararl\u0131l\u0131kla \u00e7al\u0131\u015f\u0131r\u0131z.\"\t\t\t\t\t<\/p>\n\t\t\t\t\n\t\t\t<\/div>\n\t\t\t\n\t\t<\/div>\n\t\t\t\t\t\t<\/div>\n\t\t\t\t<\/div>\n\t\t\t\t\t<\/div>\n\t\t<\/div>\n\t\t\t\t<div class=\"elementor-column elementor-col-33 elementor-top-column elementor-element elementor-element-f5d4498\" data-id=\"f5d4498\" data-element_type=\"column\">\n\t\t\t<div class=\"elementor-widget-wrap\">\n\t\t\t\t\t\t\t<\/div>\n\t\t<\/div>\n\t\t\t\t\t<\/div>\n\t\t<\/section>\n\t\t\t\t<\/div>","protected":false},"excerpt":{"rendered":"<p>Vizyon-Misyon-De\u011ferler V\u0130ZYONUMUZ Uluslararas\u0131 kad\u0131n platformlar\u0131nda s\u00f6z sahibi olacak T\u00fcrkiye&#8217;nin potansiyel lider kad\u0131nlar\u0131n\u0131 yeti\u015ftirmek, kendini ger\u00e7ekle\u015ftirme yolculu\u011funda hayatlar\u0131na dokunmak. M\u0130SYONUMUZ M\u00fchendis kad\u0131nlar\u0131n T\u00fcrkiye sanayisine katk\u0131s\u0131n\u0131 art\u0131rmak , kad\u0131nlar\u0131 i\u015f hayat\u0131ndaki rekabet\u00e7i ko\u015fullara kar\u015f\u0131 g\u00fc\u00e7lendirmek, y\u00fcksek yetkinlik seviyesine ula\u015fmas\u0131n\u0131 sa\u011flamak ve m\u00fchendislik okuyan kad\u0131nlar\u0131n sekt\u00f6re haz\u0131r olarak girmesini hedeflemektedir. ET\u0130K DE\u011eERLER\u0130M\u0130Z Toplumsal Sorumluluk T\u00dcMKAD olarak, topluma kar\u015f\u0131 [&hellip;]<\/p>","protected":false},"author":1,"featured_media":0,"parent":73,"menu_order":0,"comment_status":"closed","ping_status":"closed","template":"elementor_header_footer","meta":{"footnotes":""},"class_list":["post-994","page","type-page","status-publish","hentry"],"_links":{"self":[{"href":"https:\/\/tumkad.org.tr\/en\/wp-json\/wp\/v2\/pages\/994","targetHints":{"allow":["GET"]}}],"collection":[{"href":"https:\/\/tumkad.org.tr\/en\/wp-json\/wp\/v2\/pages"}],"about":[{"href":"https:\/\/tumkad.org.tr\/en\/wp-json\/wp\/v2\/types\/page"}],"author":[{"embeddable":true,"href":"https:\/\/tumkad.org.tr\/en\/wp-json\/wp\/v2\/users\/1"}],"replies":[{"embeddable":true,"href":"https:\/\/tumkad.org.tr\/en\/wp-json\/wp\/v2\/comments?post=994"}],"version-history":[{"count":16,"href":"https:\/\/tumkad.org.tr\/en\/wp-json\/wp\/v2\/pages\/994\/revisions"}],"predecessor-version":[{"id":2275,"href":"https:\/\/tumkad.org.tr\/en\/wp-json\/wp\/v2\/pages\/994\/revisions\/2275"}],"up":[{"embeddable":true,"href":"https:\/\/tumkad.org.tr\/en\/wp-json\/wp\/v2\/pages\/73"}],"wp:attachment":[{"href":"https:\/\/tumkad.org.tr\/en\/wp-json\/wp\/v2\/media?parent=994"}],"curies":[{"name":"wp","href":"https:\/\/api.w.org\/{rel}","templated":true}]}}